{"id":1181,"date":"2025-12-02T07:29:32","date_gmt":"2025-12-02T07:29:32","guid":{"rendered":"https:\/\/www.cgvacuum.com\/?post_type=product&#038;p=1181"},"modified":"2025-12-02T09:02:38","modified_gmt":"2025-12-02T09:02:38","slug":"jewelry-pvd-coating-machine","status":"publish","type":"product","link":"https:\/\/www.cgvacuum.com\/es\/producto\/jewelry-pvd-coating-machine\/","title":{"rendered":"M\u00e1quina de recubrimiento PVD para joyer\u00eda, fabricante de m\u00e1quinas de recubrimiento al vac\u00edo con iones multiarco"},"content":{"rendered":"<h3 class=\"wp-block-heading\">Especificaciones de la m\u00e1quina de recubrimiento PVD para joyer\u00eda:<\/h3>\n\n\n\n<figure class=\"wp-block-table\"><table><tbody><tr><td><strong>N\u00famero de modelo<\/strong><\/td><td><strong>Dimensiones DxH (mm)<\/strong><\/td><td><strong>Vac\u00edo final (Pa)<\/strong><\/td><td><strong>Tiempo de bombeo (min)<\/strong>)<\/td><td><strong>Objetivos (PCS)<\/strong><\/td><td><strong>Potencia total (kW)<\/strong><\/td><\/tr><tr><td>DZ1214<\/td><td>1200 x 1400 mm<\/td><td>\u22648\u00d710-\u2074<\/td><td>\uff1c5<\/td><td>10<\/td><td>50<\/td><\/tr><tr><td>DZ1416<\/td><td>1400 x 1600 mm<\/td><td>\u22648\u00d710-\u2074<\/td><td>\uff1c5<\/td><td>14<\/td><td>60<\/td><\/tr><tr><td>DZ1618<\/td><td>1600 x 1800 mm<\/td><td>\u22648\u00d710-\u2074<\/td><td>\uff1c5<\/td><td>21<\/td><td>80<\/td><\/tr><tr><td>DZ1818<\/td><td>1800 x 1800 mm<\/td><td>\u22648\u00d710-\u2074<\/td><td>\uff1c5<\/td><td>28<\/td><td>110<\/td><\/tr><tr><td>DZ2118<\/td><td>2100 x 1800 mm<\/td><td>\u22648\u00d710-\u2074<\/td><td>\uff1c5<\/td><td>32<\/td><td>120<\/td><\/tr><\/tbody><\/table><\/figure>\n\n\n\n<p><strong>*Las especificaciones del equipo se pueden personalizar seg\u00fan los requisitos del cliente. La altura o profundidad puede variar entre 600 mm y 10 000 mm.<\/strong><\/p>\n\n\n\n<div class=\"wp-block-columns is-layout-flex wp-container-core-columns-is-layout-9d6595d7 wp-block-columns-is-layout-flex\">\n<div class=\"wp-block-column is-layout-flow wp-block-column-is-layout-flow\">\n<figure class=\"wp-block-image size-full\"><img decoding=\"async\" width=\"750\" height=\"750\" src=\"https:\/\/www.cgvacuum.com\/wp-content\/uploads\/2025\/12\/jewelry-pvd-coating-machine.webp\" alt=\"M\u00e1quina de recubrimiento PVD para joyer\u00eda\" class=\"wp-image-1182\" srcset=\"https:\/\/www.cgvacuum.com\/wp-content\/uploads\/2025\/12\/jewelry-pvd-coating-machine.webp 750w, https:\/\/www.cgvacuum.com\/wp-content\/uploads\/2025\/12\/jewelry-pvd-coating-machine-300x300.webp 300w, https:\/\/www.cgvacuum.com\/wp-content\/uploads\/2025\/12\/jewelry-pvd-coating-machine-150x150.webp 150w, https:\/\/www.cgvacuum.com\/wp-content\/uploads\/2025\/12\/jewelry-pvd-coating-machine-12x12.webp 12w, https:\/\/www.cgvacuum.com\/wp-content\/uploads\/2025\/12\/jewelry-pvd-coating-machine-600x600.webp 600w, https:\/\/www.cgvacuum.com\/wp-content\/uploads\/2025\/12\/jewelry-pvd-coating-machine-100x100.webp 100w\" sizes=\"(max-width: 750px) 100vw, 750px\" \/><\/figure>\n<\/div>\n\n\n\n<div class=\"wp-block-column is-layout-flow wp-block-column-is-layout-flow\">\n<h3 class=\"wp-block-heading\">Caracter\u00edsticas de la m\u00e1quina de recubrimiento PVD para joyer\u00eda:<\/h3>\n\n\n\n<p><strong>Alta adhesi\u00f3n y capa de pel\u00edcula densa:<\/strong> La fuente de iones multiarco genera iones met\u00e1licos de alta energ\u00eda, lo que da como resultado una fuerte adhesi\u00f3n, alta dureza y excelente resistencia al desgaste y a la corrosi\u00f3n, lo que garantiza que las joyas no se desgasten con el uso prolongado.<\/p>\n\n\n\n<p><strong>Control preciso y alta consistencia de los lotes:<\/strong> El sistema de automatizaci\u00f3n PLC controla con precisi\u00f3n el nivel de vac\u00edo, la corriente del arco y el caudal de gas, lo que permite obtener un espesor de pel\u00edcula uniforme y un color estable, resolviendo as\u00ed el problema de la diferencia de color en la industria joyera.<\/p>\n\n\n\n<p><strong>Alta eficiencia y dise\u00f1o multiobjetivo:<\/strong> La estructura de objetivo multiarco acelera la velocidad de deposici\u00f3n, lo que resulta adecuado para la producci\u00f3n continua por lotes de peque\u00f1as piezas de joyer\u00eda, lo que se traduce en un bajo coste unitario.<\/p>\n\n\n\n<p><strong>Aplicabilidad multisectorial<\/strong>El equipo de recubrimiento al vac\u00edo multiarco de Chuanggao no solo es adecuado para joyer\u00eda, sino que tambi\u00e9n puede recubrir diversos materiales, como art\u00edculos sanitarios, ferreter\u00eda, acero inoxidable, vidrio y pl\u00e1sticos, lo que mejora el retorno de la inversi\u00f3n.<\/p>\n\n\n\n<p><strong>Soporte integral para soluciones:<\/strong> CGVAC ofrece soluciones completas de procesos, dise\u00f1o de accesorios, personalizaci\u00f3n de equipos y servicio posventa para ayudar a los clientes a lograr una r\u00e1pida producci\u00f3n en masa y mejorar la competitividad de los productos.<\/p>\n<\/div>\n<\/div>","protected":false},"excerpt":{"rendered":"<p>La m\u00e1quina de recubrimiento PVD para joyer\u00eda utiliza recubrimiento al vac\u00edo PVD de ionenes multi-arco, lo que da como resultado una alta adhesi\u00f3n de la pel\u00edcula, resistencia a la corrosi\u00f3n, uniformidad, estabilidad y alta capacidad de producci\u00f3n. CGVAC ofrece soluciones completas de recubrimiento personalizadas. \u00a1Cont\u00e1ctenos ahora!<\/p>\n<h2>Par\u00e1metros t\u00e9cnicos:<\/h2>\n<table width=\"973\">\n<tbody>\n<tr>\n<td width=\"202\"><strong>Materiales<\/strong><\/td>\n<td width=\"771\">Titanio (Ti), cromo (Cr), circonio (Zr), TiAl, Ni, Cu, Al, Fe, etc.<\/td>\n<\/tr>\n<tr>\n<td><strong>Gases industriales<\/strong><\/td>\n<td>Arg\u00f3n (Ar), Nitr\u00f3geno (N\u2082), Acetileno (C\u2082H\u2082), Ox\u00edgeno (O\u2082).<\/td>\n<\/tr>\n<tr>\n<td><strong>Tecnolog\u00eda de revestimiento<\/strong><\/td>\n<td>Recubrimiento i\u00f3nico multiarco al vac\u00edo<\/td>\n<\/tr>\n<tr>\n<td><strong>Color del revestimiento<\/strong><\/td>\n<td>Plata titanio, oro, oro rosa, morado, azul zafiro, perla, \u00e1mbar, gris oscuro, negro cromado y multicolor.<\/td>\n<\/tr>\n<tr>\n<td><strong>Revestimientos funcionales<\/strong><\/td>\n<td>TiN, TiCN, CrN, ZrN, TiAlN, CrAlN, DLC y otros recubrimientos duros y resistentes al desgaste.<\/td>\n<\/tr>\n<tr>\n<td><strong>Componentes b\u00e1sicos<\/strong><\/td>\n<td>Objetivo del arco, sistema de control, bomba<\/td>\n<\/tr>\n<tr>\n<td><strong>Aplicaci\u00f3n<\/strong><\/td>\n<td>Acero inoxidable, metal, art\u00edculos sanitarios, vajillas de cer\u00e1mica, joyer\u00eda, vidrio, azulejos.<\/td>\n<\/tr>\n<tr>\n<td><strong>Personalizaci\u00f3n<\/strong><\/td>\n<td>Tama\u00f1o, material de destino, color, dise\u00f1o de fijaci\u00f3n y plan de proceso personalizados<\/td>\n<\/tr>\n<tr>\n<td><strong>Servicio<\/strong><\/td>\n<td>Informes de pruebas mec\u00e1nicas\/muestras, v\u00eddeo de inspecci\u00f3n de salida y orientaci\u00f3n t\u00e9cnica.<\/td>\n<\/tr>\n<\/tbody>\n<\/table>\n<p>&nbsp;<\/p>","protected":false},"featured_media":1182,"comment_status":"closed","ping_status":"closed","template":"","meta":{"_acf_changed":true},"application":[28],"product_brand":[],"product_cat":[19],"product_tag":[],"class_list":{"0":"post-1181","1":"product","2":"type-product","3":"status-publish","4":"has-post-thumbnail","6":"application-jewelry-beads-pvd-coating-machine","7":"product_cat-multi-arc-ion-vacuum-coating-machine","9":"first","10":"instock","11":"shipping-taxable","12":"product-type-simple"},"acf":[],"_links":{"self":[{"href":"https:\/\/www.cgvacuum.com\/es\/wp-json\/wp\/v2\/product\/1181","targetHints":{"allow":["GET"]}}],"collection":[{"href":"https:\/\/www.cgvacuum.com\/es\/wp-json\/wp\/v2\/product"}],"about":[{"href":"https:\/\/www.cgvacuum.com\/es\/wp-json\/wp\/v2\/types\/product"}],"replies":[{"embeddable":true,"href":"https:\/\/www.cgvacuum.com\/es\/wp-json\/wp\/v2\/comments?post=1181"}],"wp:featuredmedia":[{"embeddable":true,"href":"https:\/\/www.cgvacuum.com\/es\/wp-json\/wp\/v2\/media\/1182"}],"wp:attachment":[{"href":"https:\/\/www.cgvacuum.com\/es\/wp-json\/wp\/v2\/media?parent=1181"}],"wp:term":[{"taxonomy":"application","embeddable":true,"href":"https:\/\/www.cgvacuum.com\/es\/wp-json\/wp\/v2\/application?post=1181"},{"taxonomy":"product_brand","embeddable":true,"href":"https:\/\/www.cgvacuum.com\/es\/wp-json\/wp\/v2\/product_brand?post=1181"},{"taxonomy":"product_cat","embeddable":true,"href":"https:\/\/www.cgvacuum.com\/es\/wp-json\/wp\/v2\/product_cat?post=1181"},{"taxonomy":"product_tag","embeddable":true,"href":"https:\/\/www.cgvacuum.com\/es\/wp-json\/wp\/v2\/product_tag?post=1181"}],"curies":[{"name":"wp","href":"https:\/\/api.w.org\/{rel}","templated":true}]}}