{"id":281,"date":"2025-11-26T13:09:53","date_gmt":"2025-11-26T13:09:53","guid":{"rendered":"https:\/\/www.cgvacuum.com\/?post_type=product&#038;p=281"},"modified":"2026-03-17T01:44:39","modified_gmt":"2026-03-17T01:44:39","slug":"evaporation-vacuum-coating-machine-custom","status":"publish","type":"product","link":"https:\/\/www.cgvacuum.com\/de\/produkt\/evaporation-vacuum-coating-machine-custom\/","title":{"rendered":"Kunststoffverdampfungs-Vakuum-Beschichtungsmaschine, PVD-Beschichtungsmaschine Lieferant"},"content":{"rendered":"<h3 class=\"wp-block-heading\">Spezifikationen der Vakuumbeschichtungsmaschine mit Verdampfung:<\/h3>\n\n\n\n<figure class=\"wp-block-table\"><table class=\"has-fixed-layout\"><tbody><tr><td><strong>Modellnummer<\/strong><\/td><td><strong>Abmessung DxH (mm)<\/strong><\/td><td><strong>Endvakuum (Pa)<\/strong><\/td><td><strong>Pumpzeit (Min)<\/strong><\/td><td><strong>Gesamtleistung (kW)<\/strong><\/td><\/tr><tr><td>ZZ1214<\/td><td>1200 \u00d7 1400 mm<\/td><td>\u22648\u00d710-\u2074<\/td><td>\uff1c5<\/td><td>35<\/td><\/tr><tr><td>ZZ1416<\/td><td>1400 \u00d7 1600 mm<\/td><td>\u22648\u00d710-\u2074<\/td><td>\uff1c5<\/td><td>65<\/td><\/tr><tr><td>ZZ1618<\/td><td>1600 \u00d7 1800 mm<\/td><td>\u22648\u00d710-\u2074<\/td><td>\uff1c5<\/td><td>75<\/td><\/tr><tr><td>ZZ1820<\/td><td>1800 \u00d7 2000 mm<\/td><td>\u22648\u00d710-\u2074<\/td><td>\uff1c5<\/td><td>90<\/td><\/tr><tr><td>ZZ2020<\/td><td>2000 \u00d7 2000 mm<\/td><td>\u22648\u00d710-\u2074<\/td><td>\uff1c5<\/td><td>105<\/td><\/tr><\/tbody><\/table><\/figure>\n\n\n\n<p><strong>*Die Ger\u00e4tespezifikationen k\u00f6nnen entsprechend den Kundenanforderungen angepasst werden.<\/strong><\/p>\n\n\n\n<div class=\"wp-block-columns is-layout-flex wp-container-core-columns-is-layout-9d6595d7 wp-block-columns-is-layout-flex\">\n<div class=\"wp-block-column is-layout-flow wp-block-column-is-layout-flow\">\n<figure class=\"wp-block-image size-full\"><img decoding=\"async\" width=\"800\" height=\"760\" src=\"https:\/\/www.cgvacuum.com\/wp-content\/uploads\/2025\/11\/Evaporation-Vacuum-Coating-Machine-Plastic-PVD-Coating-Machine-1-1.webp\" alt=\"Verdampfungs-Vakuumbeschichtungsmaschine, Kunststoff-PVD-Beschichtungsmaschine (1)\" class=\"wp-image-294\" srcset=\"https:\/\/www.cgvacuum.com\/wp-content\/uploads\/2025\/11\/Evaporation-Vacuum-Coating-Machine-Plastic-PVD-Coating-Machine-1-1.webp 800w, https:\/\/www.cgvacuum.com\/wp-content\/uploads\/2025\/11\/Evaporation-Vacuum-Coating-Machine-Plastic-PVD-Coating-Machine-1-1-300x285.webp 300w, https:\/\/www.cgvacuum.com\/wp-content\/uploads\/2025\/11\/Evaporation-Vacuum-Coating-Machine-Plastic-PVD-Coating-Machine-1-1-768x730.webp 768w, https:\/\/www.cgvacuum.com\/wp-content\/uploads\/2025\/11\/Evaporation-Vacuum-Coating-Machine-Plastic-PVD-Coating-Machine-1-1-600x570.webp 600w\" sizes=\"(max-width: 800px) 100vw, 800px\" \/><\/figure>\n<\/div>\n\n\n\n<div class=\"wp-block-column is-layout-flow wp-block-column-is-layout-flow\">\n<h3 class=\"wp-block-heading\">Merkmale der Vakuumbeschichtungsmaschine mit Verdampfung:<\/h3>\n\n\n\n<p><strong>Speziell f\u00fcr Kunststoff- und ABS-Substrate entwickelt.<\/strong> Mit Hilfe der Verdampfungs-PVD-Technologie und der Temperaturkontrolle werden die Prozessparameter f\u00fcr w\u00e4rmeempfindliche Materialien optimiert, um eine hohe Haftung und stabile Beschichtungsqualit\u00e4t zu gew\u00e4hrleisten.<\/p>\n\n\n\n<p><strong>Hochgl\u00e4nzender Metallic-Dekoreffekt.<\/strong> Spiegelgl\u00e4nzende Beschichtungen in Silber, Gold, Chrom und schillernden Farben sind m\u00f6glich, mit gleichm\u00e4\u00dfigem Oberfl\u00e4chenglanz und satter Farbe.<\/p>\n\n\n\n<p><strong>Dichte Filmstruktur und ausgezeichnete Haftung.<\/strong> Die Verdampfungs-PVD-Technologie minimiert den Ionenverlust, was zu einer hochreinen Beschichtungsstruktur f\u00fchrt, die verschlei\u00dffest und langlebig ist und eine langfristige Farbstabilit\u00e4t gew\u00e4hrleistet.<\/p>\n\n\n\n<p><strong>Hocheffiziente Abscheidung und Massenproduktionsf\u00e4higkeit.<\/strong> Das optimierte Design der Vakuumkammer und die rotierenden Vorrichtungen erm\u00f6glichen ein schnelles Vakuumieren, eine gleichm\u00e4\u00dfige Beschichtung und einen hohen Durchsatz, der f\u00fcr eine kontinuierliche industrielle Produktion geeignet ist.<\/p>\n\n\n\n<p><strong>Unterst\u00fctzt mehrfarbige Anpassungen und steuerbare Schichtdicken.<\/strong> Kompatibel mit verschiedenen Verdampfungsquellen, die eine Anpassung der Beschichtungsdicke, Farbe und Metallic-Struktur an unterschiedliche dekorative Anforderungen erm\u00f6glichen.<\/p>\n\n\n\n<p><strong>Umweltfreundliches Beschichtungsverfahren.<\/strong> Keine Galvanisierungschemikalien erforderlich, keine Schadstoffemissionen, Erf\u00fcllung der Normen f\u00fcr umweltfreundliche Produktion.<\/p>\n\n\n\n<p><strong>Intelligentes automatisiertes Kontrollsystem. <\/strong>Automatisiertes PLC-Beschichtungsmanagement, einfache Bedienung, einfaches Produktionsmanagement und Prozessplanung.<\/p>\n\n\n\n<p><strong>Breites Spektrum an Anwendungen. <\/strong>Geeignet f\u00fcr Branchen wie Kunststoffprodukte, Haushaltsger\u00e4te, Kosmetikverpackungen, Fahrzeuginnenausstattung und Kunsthandwerk.<\/p>\n\n\n\n<p><strong>Technische Unterst\u00fctzung f\u00fcr den gesamten Prozess.<\/strong> Unterst\u00fctzt die Anpassung von Anlagen, Prozessl\u00f6sungen, Fehlerbehebung, Kundendienst und langfristige Wartung, um eine stabile Massenproduktion zu gew\u00e4hrleisten.<\/p>\n<\/div>\n<\/div>","protected":false},"excerpt":{"rendered":"<p>CGVAC-Kunststoffaufdampf-Vakuumbeschichtungsanlagen sind f\u00fcr die effiziente dekorative Beschichtung von Kunststoff- und ABS-Substraten konzipiert. Wir bieten anpassbare Maschinenl\u00f6sungen und umfassende technische Unterst\u00fctzung. Kontaktieren Sie uns, um Ihre Anforderungen zu besprechen.<\/p>\n<h2>Technische Parameter:<\/h2>\n<table border=\"0\" width=\"973\" cellspacing=\"0\" cellpadding=\"0\">\n<tbody>\n<tr>\n<td width=\"202\" height=\"22\"><strong>Ziel-Materialien<\/strong><\/td>\n<td width=\"771\">Al-Draht, Cu, Ag, Cr (thermisch), Dekorative Metalle<\/td>\n<\/tr>\n<tr>\n<td height=\"22\"><strong>Beschichtungstechnologie<\/strong><\/td>\n<td>Aufdampf-Vakuum-Beschichtung<\/td>\n<\/tr>\n<tr>\n<td height=\"22\"><strong>Funktionale und optische Folien<\/strong><\/td>\n<td>Haupts\u00e4chlich f\u00fcr dekorative Beschichtungen geeignet, kann mit UV-Beschichtung oder Spr\u00fchschichten kombiniert werden.<\/td>\n<\/tr>\n<tr>\n<td height=\"22\"><strong>Kernkomponenten<\/strong><\/td>\n<td>Bogenziel, Steuersystem, Pumpe<\/td>\n<\/tr>\n<tr>\n<td height=\"22\"><strong>Anmeldung<\/strong><\/td>\n<td>Kunststoffe, Alltags-Keramik, Glas, Schmuck &amp; Perlen, Edelstahl<\/td>\n<\/tr>\n<tr>\n<td height=\"22\"><strong>Personalisierung<\/strong><\/td>\n<td>Ma\u00dfgeschneiderte Gr\u00f6\u00dfe, Zielmaterial, Farbe, Vorrichtungsdesign und Prozessplan<\/td>\n<\/tr>\n<tr>\n<td height=\"22\"><strong>Dienst<\/strong><\/td>\n<td>Mechanische\/Probenpr\u00fcfberichte, Video-Ausgangsinspektion und technische Anleitung.<\/td>\n<\/tr>\n<\/tbody>\n<\/table>\n<p>&nbsp;<\/p>","protected":false},"featured_media":293,"comment_status":"closed","ping_status":"closed","template":"","meta":{"_acf_changed":false},"application":[24],"product_brand":[],"product_cat":[21],"product_tag":[],"class_list":{"0":"post-281","1":"product","2":"type-product","3":"status-publish","4":"has-post-thumbnail","6":"application-plastic-pvd-coating-machine","7":"product_cat-evaporation-vacuum-coating-machine","9":"first","10":"instock","11":"shipping-taxable","12":"product-type-simple"},"acf":[],"_links":{"self":[{"href":"https:\/\/www.cgvacuum.com\/de\/wp-json\/wp\/v2\/product\/281","targetHints":{"allow":["GET"]}}],"collection":[{"href":"https:\/\/www.cgvacuum.com\/de\/wp-json\/wp\/v2\/product"}],"about":[{"href":"https:\/\/www.cgvacuum.com\/de\/wp-json\/wp\/v2\/types\/product"}],"replies":[{"embeddable":true,"href":"https:\/\/www.cgvacuum.com\/de\/wp-json\/wp\/v2\/comments?post=281"}],"wp:featuredmedia":[{"embeddable":true,"href":"https:\/\/www.cgvacuum.com\/de\/wp-json\/wp\/v2\/media\/293"}],"wp:attachment":[{"href":"https:\/\/www.cgvacuum.com\/de\/wp-json\/wp\/v2\/media?parent=281"}],"wp:term":[{"taxonomy":"application","embeddable":true,"href":"https:\/\/www.cgvacuum.com\/de\/wp-json\/wp\/v2\/application?post=281"},{"taxonomy":"product_brand","embeddable":true,"href":"https:\/\/www.cgvacuum.com\/de\/wp-json\/wp\/v2\/product_brand?post=281"},{"taxonomy":"product_cat","embeddable":true,"href":"https:\/\/www.cgvacuum.com\/de\/wp-json\/wp\/v2\/product_cat?post=281"},{"taxonomy":"product_tag","embeddable":true,"href":"https:\/\/www.cgvacuum.com\/de\/wp-json\/wp\/v2\/product_tag?post=281"}],"curies":[{"name":"wp","href":"https:\/\/api.w.org\/{rel}","templated":true}]}}