{"id":266,"date":"2025-11-26T13:09:46","date_gmt":"2025-11-26T13:09:46","guid":{"rendered":"https:\/\/www.cgvacuum.com\/?post_type=product&#038;p=266"},"modified":"2025-12-02T09:53:09","modified_gmt":"2025-12-02T09:53:09","slug":"electronics-pvd-coating-machine","status":"publish","type":"product","link":"https:\/\/www.cgvacuum.com\/de\/produkt\/electronics-pvd-coating-machine\/","title":{"rendered":"Elektronik PVD Beschichtungsanlage Magnetron Sputtering Chrom Vakuum Beschichtungsanlage"},"content":{"rendered":"<h3 class=\"wp-block-heading\">Spezifikationen der Elektronik PVD-Beschichtungsmaschine:<\/h3>\n\n\n\n<figure class=\"wp-block-table\"><table class=\"has-fixed-layout\"><tbody><tr><td><strong>Modellnummer<\/strong><\/td><td><strong>Abmessung D*H (mm)<\/strong><\/td><td><strong>Endvakuum (Pa)<\/strong><\/td><td><strong>Pumpzeit (Min)<\/strong><\/td><\/tr><tr><td>FC1214<\/td><td>1200 \u00d7 1400 mm<\/td><td>\uff1c8\u00d710\u207b\u2074<\/td><td>\uff1c5<\/td><\/tr><tr><td>FC1416<\/td><td>1400 \u00d7 1600 mm<\/td><td>\uff1c8\u00d710\u207b\u2074<\/td><td>\uff1c5<\/td><\/tr><tr><td>FC1618<\/td><td>1600 \u00d7 1800 mm<\/td><td>\uff1c8\u00d710\u207b\u2074<\/td><td>\uff1c5<\/td><\/tr><tr><td>FC1818<\/td><td>1800 \u00d7 1800 mm<\/td><td>\uff1c8\u00d710\u207b\u2074<\/td><td>\uff1c5<\/td><\/tr><tr><td>FC2018<\/td><td>2000 \u00d7 1800 mm<\/td><td>\uff1c8\u00d710\u207b\u2074<\/td><td>\uff1c5<\/td><\/tr><\/tbody><\/table><\/figure>\n\n\n\n<p><strong>*Die Ger\u00e4tespezifikationen k\u00f6nnen entsprechend den Kundenanforderungen angepasst werden.<\/strong><\/p>\n\n\n\n<div class=\"wp-block-columns is-layout-flex wp-container-core-columns-is-layout-9d6595d7 wp-block-columns-is-layout-flex\">\n<div class=\"wp-block-column is-layout-flow wp-block-column-is-layout-flow\"><div class=\"wp-block-image\">\n<figure class=\"aligncenter size-full\"><img decoding=\"async\" width=\"350\" height=\"350\" src=\"https:\/\/www.cgvacuum.com\/wp-content\/uploads\/2025\/11\/Electronics-Magnetron-Sputtering-Chrome-PVD-Coating-Machine-6.webp\" alt=\"Elektronik Magnetron Sputtering Chrom PVD Beschichtungsmaschine (6)\" class=\"wp-image-272\" srcset=\"https:\/\/www.cgvacuum.com\/wp-content\/uploads\/2025\/11\/Electronics-Magnetron-Sputtering-Chrome-PVD-Coating-Machine-6.webp 350w, https:\/\/www.cgvacuum.com\/wp-content\/uploads\/2025\/11\/Electronics-Magnetron-Sputtering-Chrome-PVD-Coating-Machine-6-300x300.webp 300w, https:\/\/www.cgvacuum.com\/wp-content\/uploads\/2025\/11\/Electronics-Magnetron-Sputtering-Chrome-PVD-Coating-Machine-6-150x150.webp 150w, https:\/\/www.cgvacuum.com\/wp-content\/uploads\/2025\/11\/Electronics-Magnetron-Sputtering-Chrome-PVD-Coating-Machine-6-100x100.webp 100w\" sizes=\"(max-width: 350px) 100vw, 350px\" \/><\/figure>\n<\/div><\/div>\n\n\n\n<div class=\"wp-block-column is-layout-flow wp-block-column-is-layout-flow\">\n<h3 class=\"wp-block-heading\">Merkmale der Elektronik PVD-Beschichtungsanlage:<\/h3>\n\n\n\n<p><strong>Gr\u00fcne Beschichtungstechnologie<\/strong>Magnetron-Sputtertechnik: Durch die Verdampfung eines Metalltargets im Vakuum, z. B. Chrom, wird eine gleichm\u00e4\u00dfige, stark haftende D\u00fcnnschicht auf der Substratoberfl\u00e4che abgeschieden. Das Verfahren ist umweltfreundlich und es fallen keine fl\u00fcssigen Chemikalien an.<\/p>\n\n\n\n<p><strong>Multifunktionale Beschichtung<\/strong>: Unterst\u00fctzt PVD-Beschichtungen f\u00fcr Chrom und eine Vielzahl von Metallen, die Realisierung von Dekoration, Korrosionsschutz und Verschlei\u00dffestigkeit. Die Beschichtung ist gl\u00e4nzend und langlebig, geeignet f\u00fcr elektronische Teile und Hardware-Zubeh\u00f6r.<\/p>\n\n\n\n<p><strong>Umfangreiche Anwendungsszenarien<\/strong>: Kann auf verschiedenen Substraten beschichtet werden, darunter Kunststoffe, Metalle und Keramiken, und erf\u00fcllt die Anforderungen von elektronischen Produkten und Pr\u00e4zisionsteilen. Es kann sowohl f\u00fcr kleine Pilotproduktionen als auch f\u00fcr industrielle Gro\u00dfproduktionen verwendet werden.<\/p>\n\n\n\n<p><strong>Hohe Pr\u00e4zision und Stabilit\u00e4t:<\/strong> Ausgestattet mit einer automatischen SPS-Steuerung und einem Vakuum\u00fcberwachungssystem sorgt sie f\u00fcr einen stabilen und effizienten Beschichtungsprozess. Die Schichtdicke ist kontrollierbar und gew\u00e4hrleistet eine gleichbleibende Qualit\u00e4t \u00fcber alle Chargen hinweg.<\/p>\n\n\n\n<p><strong>Anpassungsdienste verf\u00fcgbar<\/strong>: CGVAC kann verschiedene Beschichtungsmaterialien, Farboptionen und Verfahren entsprechend den unterschiedlichen Bed\u00fcrfnissen der Kunden anbieten. Installationsanleitung, Inbetriebnahme und Kundendienst gew\u00e4hrleisten einen langfristig stabilen Betrieb.<\/p>\n<\/div>\n<\/div>","protected":false},"excerpt":{"rendered":"<p>CGVAC electronics PVD-Beschichtungsanlage mit Magnetron-Sputter-Chrombeschichtungstechnologie bietet pr\u00e4zise, langlebige und anpassbare PVD-L\u00f6sungen. Wir bieten professionelle Installation, technische Unterst\u00fctzung und Kundendienst. Kontaktieren Sie CGVAC noch heute, um ein Angebot zu erhalten!<\/p>\n<h2>Technische Parameter:<\/h2>\n<table style=\"border-collapse: collapse; width: 729.77pt;\" border=\"0\" width=\"973\" cellspacing=\"0\" cellpadding=\"0\">\n<tbody>\n<tr style=\"height: 16.50pt;\">\n<td class=\"et4\" style=\"height: 16.50pt; width: 152.20pt;\" width=\"202\" height=\"22\"><strong>Ziel-Materialien<\/strong><\/td>\n<td class=\"et5\" style=\"width: 578.25pt;\" width=\"771\">Titan (Ti), Chrom (Cr), DLC \/ Kohlenstoff-Targets, TiAl \/ TiSiN, Chromnitrid \/ Titannitrid-Systeme<\/td>\n<\/tr>\n<tr style=\"height: 16.50pt;\">\n<td class=\"et4\" style=\"height: 16.50pt;\" height=\"22\"><strong>Industriegase<\/strong><\/td>\n<td class=\"et5\"><span class=\"font1\">Argon (Ar), Stickstoff (N<\/span><span class=\"font3\">\u2082<\/span><span class=\"font1\">), Sauerstoff (O<\/span><span class=\"font3\">\u2082<\/span><span class=\"font1\">), C<\/span><span class=\"font3\">\u2082<\/span><span class=\"font1\">H<\/span><span class=\"font3\">\u2082<\/span><span class=\"font1\">\/CH<\/span><span class=\"font3\">\u2084<\/span><span class=\"font1\">, Spezielle Gasgemische<\/span><\/td>\n<\/tr>\n<tr style=\"height: 16.50pt;\">\n<td class=\"et4\" style=\"height: 16.50pt;\" height=\"22\"><strong>Beschichtungstechnologie<\/strong><\/td>\n<td class=\"et5\">Magnetronsputtern, Ionenbogen, E-Beam-Verdampfung, CVD<\/td>\n<\/tr>\n<tr style=\"height: 16.50pt;\">\n<td class=\"et4\" style=\"height: 16.50pt;\" height=\"22\"><strong>Beschichtungssysteme<\/strong><\/td>\n<td class=\"et5\">\n<p><span class=\"font1\">DLC, TCO, Anti-Fingerabdruck-Folien<br \/>ITO-, SiO\u2082- und TiO\u2082-Optikfolien<br \/>Korrosionsbest\u00e4ndige, verschlei\u00dffeste, entspiegelte Beschichtungen<\/span><\/p>\n<\/td>\n<\/tr>\n<tr style=\"height: 16.50pt;\">\n<td class=\"et4\" style=\"height: 16.50pt;\" height=\"22\"><strong>Kernkomponenten<\/strong><\/td>\n<td class=\"et6\">Bogenziel, Steuersystem, Pumpe<\/td>\n<\/tr>\n<tr style=\"height: 16.50pt;\">\n<td class=\"et4\" style=\"height: 16.50pt;\" height=\"22\"><strong>Anmeldung<\/strong><\/td>\n<td class=\"et5\">Elektronik und Optik, Edelstahl, Glas, Kunststoffe, Keramik<\/td>\n<\/tr>\n<tr style=\"height: 16.50pt;\">\n<td class=\"et4\" style=\"height: 16.50pt;\" height=\"22\"><strong>Personalisierung<\/strong><\/td>\n<td class=\"et6\">Ma\u00dfgeschneiderte Gr\u00f6\u00dfe, Zielmaterial, Farbe, Vorrichtungsdesign und Prozessplan<\/td>\n<\/tr>\n<tr style=\"height: 16.50pt;\">\n<td class=\"et4\" style=\"height: 16.50pt;\" height=\"22\"><strong>Dienst<\/strong><\/td>\n<td class=\"et6\">Mechanische\/Probenpr\u00fcfberichte, Video-Ausgangsinspektion und technische Anleitung.<\/td>\n<\/tr>\n<\/tbody>\n<\/table>\n<p>&nbsp;<\/p>\n<p>&nbsp;<\/p>","protected":false},"featured_media":274,"comment_status":"closed","ping_status":"closed","template":"","meta":{"_acf_changed":false},"application":[23],"product_brand":[],"product_cat":[22],"product_tag":[],"class_list":{"0":"post-266","1":"product","2":"type-product","3":"status-publish","4":"has-post-thumbnail","6":"application-electronic-optical-vacuum-coating-machine","7":"product_cat-functional-pvd-coating-machine","9":"first","10":"instock","11":"shipping-taxable","12":"product-type-simple"},"acf":[],"_links":{"self":[{"href":"https:\/\/www.cgvacuum.com\/de\/wp-json\/wp\/v2\/product\/266","targetHints":{"allow":["GET"]}}],"collection":[{"href":"https:\/\/www.cgvacuum.com\/de\/wp-json\/wp\/v2\/product"}],"about":[{"href":"https:\/\/www.cgvacuum.com\/de\/wp-json\/wp\/v2\/types\/product"}],"replies":[{"embeddable":true,"href":"https:\/\/www.cgvacuum.com\/de\/wp-json\/wp\/v2\/comments?post=266"}],"wp:featuredmedia":[{"embeddable":true,"href":"https:\/\/www.cgvacuum.com\/de\/wp-json\/wp\/v2\/media\/274"}],"wp:attachment":[{"href":"https:\/\/www.cgvacuum.com\/de\/wp-json\/wp\/v2\/media?parent=266"}],"wp:term":[{"taxonomy":"application","embeddable":true,"href":"https:\/\/www.cgvacuum.com\/de\/wp-json\/wp\/v2\/application?post=266"},{"taxonomy":"product_brand","embeddable":true,"href":"https:\/\/www.cgvacuum.com\/de\/wp-json\/wp\/v2\/product_brand?post=266"},{"taxonomy":"product_cat","embeddable":true,"href":"https:\/\/www.cgvacuum.com\/de\/wp-json\/wp\/v2\/product_cat?post=266"},{"taxonomy":"product_tag","embeddable":true,"href":"https:\/\/www.cgvacuum.com\/de\/wp-json\/wp\/v2\/product_tag?post=266"}],"curies":[{"name":"wp","href":"https:\/\/api.w.org\/{rel}","templated":true}]}}