{"id":228,"date":"2025-11-19T08:14:10","date_gmt":"2025-11-19T08:14:10","guid":{"rendered":"https:\/\/www.cgvacuum.com\/?post_type=product&#038;p=228"},"modified":"2025-12-02T09:52:18","modified_gmt":"2025-12-02T09:52:18","slug":"magnetron-sputtering-vacuum-coating-machine-custom","status":"publish","type":"product","link":"https:\/\/www.cgvacuum.com\/de\/produkt\/magnetron-sputtering-vacuum-coating-machine-custom\/","title":{"rendered":"Magnetron-Sputtering-Vakuum-Beschichtungsanlage, Sanit\u00e4rkeramik-PVD-Beschichtungsanlage"},"content":{"rendered":"<h3 class=\"wp-block-heading\">Spezifikationen der Magetron-Sputtering-Vakuum-Beschichtungsanlage:<\/h3>\n\n\n\n<figure class=\"wp-block-table\"><table class=\"has-fixed-layout\"><tbody><tr><td><strong>Modellnummer<\/strong><\/td><td><strong>Abmessung DxH (mm)<\/strong><\/td><td><strong>Endvakuum (Pa)<\/strong><\/td><td><strong>Pumpzeit (Min)<\/strong><\/td><td><strong>Stromst\u00e4rke (kW)<\/strong><\/td><td><strong>Gesamtleistung (kW)<\/strong><\/td><\/tr><tr><td>CZ1214<\/td><td>1200 \u00d7 1400 mm<\/td><td>\u22648\u00d710-\u2074<\/td><td>\uff1c5<\/td><td>40<\/td><td>50<\/td><\/tr><tr><td>CZ1416<\/td><td>1400 \u00d7 1600 mm<\/td><td>\u22648\u00d710-\u2074<\/td><td>\uff1c5<\/td><td>60<\/td><td>60<\/td><\/tr><tr><td>CZ1618<\/td><td>1600 \u00d7 1800 mm<\/td><td>\u22648\u00d710-\u2074<\/td><td>\uff1c5<\/td><td>80<\/td><td>80<\/td><\/tr><tr><td>CZ1818<\/td><td>1800 \u00d7 1800 mm<\/td><td>\u22648\u00d710-\u2074<\/td><td>\uff1c5<\/td><td>160<\/td><td>110<\/td><\/tr><tr><td>CZ2018<\/td><td>2000 \u00d7 1800 mm<\/td><td>\u22648\u00d710-\u2074<\/td><td>\uff1c5<\/td><td>160<\/td><td>120<\/td><\/tr><\/tbody><\/table><\/figure>\n\n\n\n<p><strong>*Die Ger\u00e4tespezifikationen k\u00f6nnen entsprechend den Kundenanforderungen angepasst werden.<\/strong><\/p>\n\n\n\n<div class=\"wp-block-columns is-layout-flex wp-container-core-columns-is-layout-9d6595d7 wp-block-columns-is-layout-flex\">\n<div class=\"wp-block-column is-layout-flow wp-block-column-is-layout-flow\">\n<figure class=\"wp-block-image size-full\"><img decoding=\"async\" width=\"600\" height=\"600\" src=\"https:\/\/www.cgvacuum.com\/wp-content\/uploads\/2025\/11\/CGVAC-Magnetron-Sputtering-Vacuum-Coating-Machine-PVD-Coating-Machine-for-Sanitary-Ware-Glass-Electric-Component.webp\" alt=\"CGVAC Magnetron-Sputter-Vakuum-Beschichtungsanlage, PVD-Beschichtungsanlage f\u00fcr Sanit\u00e4rkeramik Glas Elektrobauteil\" class=\"wp-image-229\" srcset=\"https:\/\/www.cgvacuum.com\/wp-content\/uploads\/2025\/11\/CGVAC-Magnetron-Sputtering-Vacuum-Coating-Machine-PVD-Coating-Machine-for-Sanitary-Ware-Glass-Electric-Component.webp 600w, https:\/\/www.cgvacuum.com\/wp-content\/uploads\/2025\/11\/CGVAC-Magnetron-Sputtering-Vacuum-Coating-Machine-PVD-Coating-Machine-for-Sanitary-Ware-Glass-Electric-Component-300x300.webp 300w, https:\/\/www.cgvacuum.com\/wp-content\/uploads\/2025\/11\/CGVAC-Magnetron-Sputtering-Vacuum-Coating-Machine-PVD-Coating-Machine-for-Sanitary-Ware-Glass-Electric-Component-150x150.webp 150w, https:\/\/www.cgvacuum.com\/wp-content\/uploads\/2025\/11\/CGVAC-Magnetron-Sputtering-Vacuum-Coating-Machine-PVD-Coating-Machine-for-Sanitary-Ware-Glass-Electric-Component-100x100.webp 100w\" sizes=\"(max-width: 600px) 100vw, 600px\" \/><\/figure>\n<\/div>\n\n\n\n<div class=\"wp-block-column is-layout-flow wp-block-column-is-layout-flow\">\n<h3 class=\"wp-block-heading\">Merkmale der Magetron Sputtering Vakuum-Beschichtungsanlage:<\/h3>\n\n\n\n<p><strong>Fortschrittliche Magnetron-Sputter-Technologie:<\/strong> Hochenergetisches Plasma schleudert Zielatome auf das Substrat und bildet hochdichte, sehr gleichm\u00e4\u00dfige und stark haftende Beschichtungen mit geringer thermischer Belastung, ideal f\u00fcr Keramik, Glas, Metalle und hitzeempfindliche Kunststoffe.<\/p>\n\n\n\n<p><strong>Stabiles Vakuumsystem und schnelles Saugverm\u00f6gen<\/strong>: Erreicht \u22648\u00d710-\u2074 Pa bei einer Pumpzeit von \uff1c5 Minuten, was eine schnelle Durchlaufzeit und hohe Produktionseffizienz gew\u00e4hrleistet.<\/p>\n\n\n\n<p><strong>Kompatibilit\u00e4t mit Beschichtungen f\u00fcr mehrere Branchen<\/strong>: Geeignet f\u00fcr eine breite Palette von Substraten, einschlie\u00dflich Sanit\u00e4rkeramik, Glaswaren, Eisenwaren, Edelstahl, ABS, Zink und elektronische Komponenten usw.<\/p>\n\n\n\n<p><strong>Breite Farb- und Effektoptionen<\/strong>: Kann TiN-Gold, Silber, Ros\u00e9gold, Schwarz, Eisenrot, Regenbogen, AB-Farbe, Diamantblau, mehrfarbige und weitere dekorative und funktionelle Beschichtungen herstellen.<\/p>\n\n\n\n<p><strong>Zuverl\u00e4ssiges PLC-Automatisierungssystem<\/strong>: Ausgestattet mit industrietauglicher SPS, stabilen Motoren und Pumpengruppen f\u00fcr automatisierte Vakuumzyklen, konsistente Prozesskontrolle und wiederholbare Ergebnisse.<\/p>\n\n\n\n<p><strong>Starke industrielle Produktivit\u00e4t<\/strong>: Die Modelle bieten eine Produktionskapazit\u00e4t von 10-30 l\/h und eignen sich f\u00fcr die kontinuierliche Produktion in gro\u00dfem Ma\u00dfstab.<\/p>\n\n\n\n<p><strong>Umfassende Unterst\u00fctzung<\/strong>: CGVAC bietet Maschinentestberichte, Video-Ausgangskontrollen, technische Online-Hilfe und Prozessoptimierung nach der Installation f\u00fcr einen stabilen Langzeitbetrieb.<\/p>\n<\/div>\n<\/div>","protected":false},"excerpt":{"rendered":"<p>CGVAC Magnetron-Sputter-Vakuum-Beschichtungsanlagen liefern hervorragende D\u00fcnnschichtqualit\u00e4t, schnelle Produktionszyklen und vollst\u00e4ndig anpassbare Beschichtungsl\u00f6sungen f\u00fcr Anwendungen in verschiedenen Branchen. Kontaktieren Sie uns, um Ihre Produktion zu optimieren!<\/p>\n<h2>Technische Parameter:<\/h2>\n<table width=\"973\">\n<tbody>\n<tr>\n<td width=\"202\"><strong>Ziel-Materialien<\/strong><\/td>\n<td width=\"771\">Titan (Ti), Chrom (Cr), Zirkonium (Zr), rostfreier Stahl, ITO, FTO und andere<\/td>\n<\/tr>\n<tr>\n<td><strong>Industriegase<\/strong><\/td>\n<td>Argon (Ar), Stickstoff (N\u2082), Sauerstoff (O\u2082), H\u2082 (Wasserstoff)<\/td>\n<\/tr>\n<tr>\n<td><strong>Beschichtungstechnologie<\/strong><\/td>\n<td>Magnetronsputternde Vakuumbeschichtung<\/td>\n<\/tr>\n<tr>\n<td><strong>Farbe der Beschichtung<\/strong><\/td>\n<td>Gold, Ros\u00e9gold, Schwarz, Silber, Blau, Champagner, matte\/satinierte Farben und verschiedene Farben<\/td>\n<\/tr>\n<tr>\n<td><strong>Funktionale und optische Folien<\/strong><\/td>\n<td>ITO, SiO\u2082, TiO\u2082, Cr, Al, Ag, ITO\/Ag\/ITO, optische und elektronische Folien<\/td>\n<\/tr>\n<tr>\n<td><strong>Kernkomponenten<\/strong><\/td>\n<td>Bogenziel, Steuersystem, Pumpe<\/td>\n<\/tr>\n<tr>\n<td><strong>Anmeldung<\/strong><\/td>\n<td>Edelstahl, Elektronik und Optik, Glas, Automobilinnenausstattung und -komponenten<\/td>\n<\/tr>\n<tr>\n<td><strong>Personalisierung<\/strong><\/td>\n<td>Ma\u00dfgeschneiderte Gr\u00f6\u00dfe, Zielmaterial, Farbe, Vorrichtungsdesign und Prozessplan<\/td>\n<\/tr>\n<tr>\n<td><strong>Dienst<\/strong><\/td>\n<td>Mechanische\/Probenpr\u00fcfberichte, Video-Ausgangsinspektion und technische Anleitung<\/td>\n<\/tr>\n<\/tbody>\n<\/table>\n<p>&nbsp;<\/p>","protected":false},"featured_media":253,"comment_status":"closed","ping_status":"closed","template":"","meta":{"_acf_changed":false},"application":[29],"product_brand":[],"product_cat":[20],"product_tag":[],"class_list":{"0":"post-228","1":"product","2":"type-product","3":"status-publish","4":"has-post-thumbnail","6":"application-sanitary-ware-pvd-coating-machine","7":"product_cat-magnetron-sputtering-vacuum-coating-machine","9":"first","10":"instock","11":"shipping-taxable","12":"product-type-simple"},"acf":[],"_links":{"self":[{"href":"https:\/\/www.cgvacuum.com\/de\/wp-json\/wp\/v2\/product\/228","targetHints":{"allow":["GET"]}}],"collection":[{"href":"https:\/\/www.cgvacuum.com\/de\/wp-json\/wp\/v2\/product"}],"about":[{"href":"https:\/\/www.cgvacuum.com\/de\/wp-json\/wp\/v2\/types\/product"}],"replies":[{"embeddable":true,"href":"https:\/\/www.cgvacuum.com\/de\/wp-json\/wp\/v2\/comments?post=228"}],"wp:featuredmedia":[{"embeddable":true,"href":"https:\/\/www.cgvacuum.com\/de\/wp-json\/wp\/v2\/media\/253"}],"wp:attachment":[{"href":"https:\/\/www.cgvacuum.com\/de\/wp-json\/wp\/v2\/media?parent=228"}],"wp:term":[{"taxonomy":"application","embeddable":true,"href":"https:\/\/www.cgvacuum.com\/de\/wp-json\/wp\/v2\/application?post=228"},{"taxonomy":"product_brand","embeddable":true,"href":"https:\/\/www.cgvacuum.com\/de\/wp-json\/wp\/v2\/product_brand?post=228"},{"taxonomy":"product_cat","embeddable":true,"href":"https:\/\/www.cgvacuum.com\/de\/wp-json\/wp\/v2\/product_cat?post=228"},{"taxonomy":"product_tag","embeddable":true,"href":"https:\/\/www.cgvacuum.com\/de\/wp-json\/wp\/v2\/product_tag?post=228"}],"curies":[{"name":"wp","href":"https:\/\/api.w.org\/{rel}","templated":true}]}}