{"id":206,"date":"2025-11-18T08:12:37","date_gmt":"2025-11-18T08:12:37","guid":{"rendered":"https:\/\/www.cgvacuum.com\/?post_type=product&#038;p=206"},"modified":"2025-12-02T09:52:48","modified_gmt":"2025-12-02T09:52:48","slug":"multi-arc-ion-vacuum-coating-machine-custom","status":"publish","type":"product","link":"https:\/\/www.cgvacuum.com\/de\/produkt\/multi-arc-ion-vacuum-coating-machine-custom\/","title":{"rendered":"Multi-Arc-Ionen-Vakuumbeschichtungsmaschine, PVD-Beschichtungsmaschine f\u00fcr Sanit\u00e4rartikel f\u00fcr vielf\u00e4ltige Anwendungen"},"content":{"rendered":"<h3 class=\"wp-block-heading\">Spezifikationen der Multi-arc Ion Vacuum Coating Machine:<\/h3>\n\n\n\n<figure class=\"wp-block-table\"><table><tbody><tr><td><strong>Modellnummer<\/strong><\/td><td><strong>Abmessung DxH (mm)<\/strong><\/td><td><strong>Endvakuum (Pa)<\/strong><\/td><td><strong>Pumpzeit (Min)<\/strong>)<\/td><td><strong>Zielvorgaben (PCS)<\/strong><\/td><td><strong>Gesamtleistung (kW)<\/strong><\/td><\/tr><tr><td>DZ1214<\/td><td>1200 \u00d7 1400 mm<\/td><td>\u22648\u00d710-\u2074<\/td><td>\uff1c5<\/td><td>10<\/td><td>50<\/td><\/tr><tr><td>DZ1416<\/td><td>1400 \u00d7 1600 mm<\/td><td>\u22648\u00d710-\u2074<\/td><td>\uff1c5<\/td><td>14<\/td><td>60<\/td><\/tr><tr><td>DZ1618<\/td><td>1600 \u00d7 1800 mm<\/td><td>\u22648\u00d710-\u2074<\/td><td>\uff1c5<\/td><td>21<\/td><td>80<\/td><\/tr><tr><td>DZ1818<\/td><td>1800 \u00d7 1800 mm<\/td><td>\u22648\u00d710-\u2074<\/td><td>\uff1c5<\/td><td>28<\/td><td>110<\/td><\/tr><tr><td>DZ2118<\/td><td>2100 x 1800 mm<\/td><td>\u22648\u00d710-\u2074<\/td><td>\uff1c5<\/td><td>32<\/td><td>120<\/td><\/tr><\/tbody><\/table><\/figure>\n\n\n\n<p><strong>*Ausstattungsspezifikationen k\u00f6nnen je nach Kundenwunsch angepasst werden, H\u00f6he oder<br>Die Tiefe kann von 600 mm bis 10000 mm reichen.<\/strong><\/p>\n\n\n\n<div class=\"wp-block-columns is-layout-flex wp-container-core-columns-is-layout-9d6595d7 wp-block-columns-is-layout-flex\">\n<div class=\"wp-block-column is-layout-flow wp-block-column-is-layout-flow\">\n<figure class=\"wp-block-image size-full\"><img decoding=\"async\" width=\"780\" height=\"780\" src=\"https:\/\/www.cgvacuum.com\/wp-content\/uploads\/2025\/11\/Multi-arc-Ion-Vacuum-Coating-Machine-1.webp\" alt=\"Multi-arc Ionen-Vakuum-Beschichtungsanlage (1)\" class=\"wp-image-203\" srcset=\"https:\/\/www.cgvacuum.com\/wp-content\/uploads\/2025\/11\/Multi-arc-Ion-Vacuum-Coating-Machine-1.webp 780w, https:\/\/www.cgvacuum.com\/wp-content\/uploads\/2025\/11\/Multi-arc-Ion-Vacuum-Coating-Machine-1-300x300.webp 300w, https:\/\/www.cgvacuum.com\/wp-content\/uploads\/2025\/11\/Multi-arc-Ion-Vacuum-Coating-Machine-1-150x150.webp 150w, https:\/\/www.cgvacuum.com\/wp-content\/uploads\/2025\/11\/Multi-arc-Ion-Vacuum-Coating-Machine-1-768x768.webp 768w, https:\/\/www.cgvacuum.com\/wp-content\/uploads\/2025\/11\/Multi-arc-Ion-Vacuum-Coating-Machine-1-600x600.webp 600w, https:\/\/www.cgvacuum.com\/wp-content\/uploads\/2025\/11\/Multi-arc-Ion-Vacuum-Coating-Machine-1-100x100.webp 100w\" sizes=\"(max-width: 780px) 100vw, 780px\" \/><\/figure>\n<\/div>\n\n\n\n<div class=\"wp-block-column is-layout-flow wp-block-column-is-layout-flow\">\n<h3 class=\"wp-block-heading\">Merkmal der Multi-arc Ion Vacuum Coating Machine:<\/h3>\n\n\n\n<p><strong>Fortschrittliche Beschichtungstechnologie:<\/strong> Verwendet die Multi-Arc-Vakuum-Beschichtungstechnologie, die mit einer selbst entwickelten Vakuum-Diffusionspumpe und einem halbautomatischen Beschichtungsprogramm ausgestattet ist und hocheffiziente, stabile und zuverl\u00e4ssige PVD-Beschichtungsergebnisse erzielt.<\/p>\n\n\n\n<p><strong>Mehrere Anwendungen:<\/strong> Sie eignen sich f\u00fcr verschiedene Substrate wie Edelstahl, Aluminium, Keramik, Glas, Schmuck und Kunststoff und erf\u00fcllen die Anforderungen der Elektronik-, Dekorations-, Industrie- und hochwertigen Konsumg\u00fcterindustrie.<\/p>\n\n\n\n<p><strong>Anpassbare Farben:<\/strong> Unterst\u00fctzt Anpassungen an verschiedene Beschichtungsfarben und Prozessparameter, einschlie\u00dflich Gold-, Silber- und Regenbogenfarben, und erm\u00f6glicht so ma\u00dfgeschneiderte Effekte f\u00fcr spezifische Kundenanforderungen.<\/p>\n\n\n\n<p><strong>Fernservice-Unterst\u00fctzung:<\/strong> Bietet technischen Online-Video-Support an, um einen stabilen und effizienten Betrieb der Ger\u00e4te zu gew\u00e4hrleisten und die B2B-Massenproduktion zu unterst\u00fctzen.<\/p>\n\n\n\n<p><strong>Einfache Bedienung:<\/strong> Der PLC-Steuerungskern gew\u00e4hrleistet eine einfache Bedienung; die Ger\u00e4te werden einer strengen Qualit\u00e4tskontrolle und einem Probebetrieb unterzogen, um eine langfristig stabile Produktion zu gew\u00e4hrleisten.<\/p>\n\n\n\n<p><strong>Umweltvertr\u00e4glich:<\/strong> Das PVD-Multi-Arc-Beschichtungsverfahren erzeugt keine fl\u00fcssigen Abf\u00e4lle, spart Energie und erf\u00fcllt die Anforderungen des modernen industriellen Umweltschutzes.<\/p>\n<\/div>\n<\/div>","protected":false},"excerpt":{"rendered":"<p>CGVAC-Multi-Arc-Vakuum-Beschichtungsanlagen liefern hocheffiziente, langlebige PVD-Beschichtungen f\u00fcr Edelstahl, Keramik, Glas und mehr. Sie unterst\u00fctzen mehrere Substrate und sind vollst\u00e4ndig anpassbar. Fragen Sie jetzt an, um Ihre Produktion zu optimieren!<\/p>\n<h2>Technische Parameter:<\/h2>\n<table width=\"973\">\n<tbody>\n<tr>\n<td width=\"202\"><strong>Ziel-Materialien<\/strong><\/td>\n<td width=\"771\">Titan (Ti), Chrom (Cr), Zirkonium (Zr), TiAl, Ni, Cu, Al, Fe usw.<\/td>\n<\/tr>\n<tr>\n<td><strong>Industrielle Gase<\/strong><\/td>\n<td>Argon (Ar), Stickstoff (N\u2082), Acetylen (C\u2082H\u2082), Sauerstoff (O\u2082)<\/td>\n<\/tr>\n<tr>\n<td><strong>Beschichtungstechnologie<\/strong><\/td>\n<td>Multibogen-Ionen-Vakuum-Beschichtung<\/td>\n<\/tr>\n<tr>\n<td><strong>Farbe der Beschichtung<\/strong><\/td>\n<td>Titansilber, Gold, Ros\u00e9gold, Violett, Saphirblau, Perlmutt, Bernstein, Tiefgrau, Chromschwarz und Mehrfarbig<\/td>\n<\/tr>\n<tr>\n<td><strong>Funktionelle Beschichtungen<\/strong><\/td>\n<td>TiN, TiCN, CrN, ZrN, TiAlN, CrAlN, DLC und andere harte und verschlei\u00dffeste Beschichtungen.<\/td>\n<\/tr>\n<tr>\n<td><strong>Kernkomponenten<\/strong><\/td>\n<td>Bogenziel, Steuersystem, Pumpe<\/td>\n<\/tr>\n<tr>\n<td><strong>Anmeldung<\/strong><\/td>\n<td>Edelstahl, Metall, Sanit\u00e4rartikel, Keramikgeschirr, Schmuck, Glas, Fliesen<\/td>\n<\/tr>\n<tr>\n<td><strong>Personalisierung<\/strong><\/td>\n<td>Ma\u00dfgeschneiderte Gr\u00f6\u00dfe, Zielmaterial, Farbe, Vorrichtungsdesign und Prozessplan<\/td>\n<\/tr>\n<tr>\n<td><strong>Dienst<\/strong><\/td>\n<td>Mechanische\/Probenpr\u00fcfberichte, Video-Ausgangsinspektion und technische Anleitung.<\/td>\n<\/tr>\n<\/tbody>\n<\/table>\n<p>&nbsp;<\/p>","protected":false},"featured_media":203,"comment_status":"closed","ping_status":"closed","template":"","meta":{"_acf_changed":true},"application":[29],"product_brand":[],"product_cat":[19],"product_tag":[],"class_list":{"0":"post-206","1":"product","2":"type-product","3":"status-publish","4":"has-post-thumbnail","6":"application-sanitary-ware-pvd-coating-machine","7":"product_cat-multi-arc-ion-vacuum-coating-machine","9":"first","10":"instock","11":"shipping-taxable","12":"product-type-simple"},"acf":[],"_links":{"self":[{"href":"https:\/\/www.cgvacuum.com\/de\/wp-json\/wp\/v2\/product\/206","targetHints":{"allow":["GET"]}}],"collection":[{"href":"https:\/\/www.cgvacuum.com\/de\/wp-json\/wp\/v2\/product"}],"about":[{"href":"https:\/\/www.cgvacuum.com\/de\/wp-json\/wp\/v2\/types\/product"}],"replies":[{"embeddable":true,"href":"https:\/\/www.cgvacuum.com\/de\/wp-json\/wp\/v2\/comments?post=206"}],"wp:featuredmedia":[{"embeddable":true,"href":"https:\/\/www.cgvacuum.com\/de\/wp-json\/wp\/v2\/media\/203"}],"wp:attachment":[{"href":"https:\/\/www.cgvacuum.com\/de\/wp-json\/wp\/v2\/media?parent=206"}],"wp:term":[{"taxonomy":"application","embeddable":true,"href":"https:\/\/www.cgvacuum.com\/de\/wp-json\/wp\/v2\/application?post=206"},{"taxonomy":"product_brand","embeddable":true,"href":"https:\/\/www.cgvacuum.com\/de\/wp-json\/wp\/v2\/product_brand?post=206"},{"taxonomy":"product_cat","embeddable":true,"href":"https:\/\/www.cgvacuum.com\/de\/wp-json\/wp\/v2\/product_cat?post=206"},{"taxonomy":"product_tag","embeddable":true,"href":"https:\/\/www.cgvacuum.com\/de\/wp-json\/wp\/v2\/product_tag?post=206"}],"curies":[{"name":"wp","href":"https:\/\/api.w.org\/{rel}","templated":true}]}}