{"id":1377,"date":"2026-03-17T01:25:03","date_gmt":"2026-03-17T01:25:03","guid":{"rendered":"https:\/\/www.cgvacuum.com\/?post_type=product&#038;p=1377"},"modified":"2026-03-17T01:42:32","modified_gmt":"2026-03-17T01:42:32","slug":"pvd-coating-machine-for-iron-hardware","status":"publish","type":"product","link":"https:\/\/www.cgvacuum.com\/de\/produkt\/pvd-coating-machine-for-iron-hardware\/","title":{"rendered":"PVD-Beschichtungsmaschine f\u00fcr Eisenwarenbeschichtung, Verdampfungs-Vakuum-Beschichtungsmaschine"},"content":{"rendered":"<h3 class=\"wp-block-heading\">Spezifikationen der PVD-Beschichtungsanlage f\u00fcr Eisenwaren :<\/h3>\n\n\n\n<figure class=\"wp-block-table\"><table class=\"has-fixed-layout\"><tbody><tr><td><strong>Modellnummer<\/strong><\/td><td><strong>Abmessung DxH (mm)<\/strong><\/td><td><strong>Endvakuum (Pa)<\/strong><\/td><td><strong>Pumpzeit (Min)<\/strong><\/td><td><strong>Gesamtleistung (kW)<\/strong><\/td><\/tr><tr><td>ZZ1214<\/td><td>1200 \u00d7 1400 mm<\/td><td>\u22648\u00d710-\u2074<\/td><td>\uff1c5<\/td><td>35<\/td><\/tr><tr><td>ZZ1416<\/td><td>1400 \u00d7 1600 mm<\/td><td>\u22648\u00d710-\u2074<\/td><td>\uff1c5<\/td><td>65<\/td><\/tr><tr><td>ZZ1618<\/td><td>1600 \u00d7 1800 mm<\/td><td>\u22648\u00d710-\u2074<\/td><td>\uff1c5<\/td><td>75<\/td><\/tr><tr><td>ZZ1820<\/td><td>1800 \u00d7 2000 mm<\/td><td>\u22648\u00d710-\u2074<\/td><td>\uff1c5<\/td><td>90<\/td><\/tr><tr><td>ZZ2020<\/td><td>2000 \u00d7 2000 mm<\/td><td>\u22648\u00d710-\u2074<\/td><td>\uff1c5<\/td><td>105<\/td><\/tr><\/tbody><\/table><\/figure>\n\n\n\n<p><strong>*Die Ger\u00e4tespezifikationen k\u00f6nnen entsprechend den Kundenanforderungen angepasst werden.<\/strong><\/p>\n\n\n\n<div class=\"wp-block-columns is-layout-flex wp-container-core-columns-is-layout-9d6595d7 wp-block-columns-is-layout-flex\">\n<div class=\"wp-block-column is-layout-flow wp-block-column-is-layout-flow\">\n<figure class=\"wp-block-image size-full\"><img decoding=\"async\" width=\"760\" height=\"760\" src=\"https:\/\/www.cgvacuum.com\/wp-content\/uploads\/2026\/03\/PVD-Coating-Machine-for-Iron-Hardware-Coating-Evaporation-Vacuum-Coating-Machine-Custom.webp\" alt=\"PVD-Beschichtungsmaschine f\u00fcr Eisenwarenbeschichtung, Verdampfungs-Vakuum-Beschichtungsmaschine\" class=\"wp-image-1378\" srcset=\"https:\/\/www.cgvacuum.com\/wp-content\/uploads\/2026\/03\/PVD-Coating-Machine-for-Iron-Hardware-Coating-Evaporation-Vacuum-Coating-Machine-Custom.webp 760w, https:\/\/www.cgvacuum.com\/wp-content\/uploads\/2026\/03\/PVD-Coating-Machine-for-Iron-Hardware-Coating-Evaporation-Vacuum-Coating-Machine-Custom-300x300.webp 300w, https:\/\/www.cgvacuum.com\/wp-content\/uploads\/2026\/03\/PVD-Coating-Machine-for-Iron-Hardware-Coating-Evaporation-Vacuum-Coating-Machine-Custom-150x150.webp 150w, https:\/\/www.cgvacuum.com\/wp-content\/uploads\/2026\/03\/PVD-Coating-Machine-for-Iron-Hardware-Coating-Evaporation-Vacuum-Coating-Machine-Custom-12x12.webp 12w, https:\/\/www.cgvacuum.com\/wp-content\/uploads\/2026\/03\/PVD-Coating-Machine-for-Iron-Hardware-Coating-Evaporation-Vacuum-Coating-Machine-Custom-600x600.webp 600w, https:\/\/www.cgvacuum.com\/wp-content\/uploads\/2026\/03\/PVD-Coating-Machine-for-Iron-Hardware-Coating-Evaporation-Vacuum-Coating-Machine-Custom-100x100.webp 100w\" sizes=\"(max-width: 760px) 100vw, 760px\" \/><\/figure>\n<\/div>\n\n\n\n<div class=\"wp-block-column is-layout-flow wp-block-column-is-layout-flow\">\n<h3 class=\"wp-block-heading\">Merkmale der PVD-Beschichtungsanlage f\u00fcr Eisenwaren:<\/h3>\n\n\n\n<p><strong>Hocheffiziente Verdampfungsbeschichtungstechnologie<\/strong>: Die fortschrittliche thermische Verdampfung sorgt f\u00fcr eine stabile Metallbedampfung und gleichm\u00e4\u00dfige Beschichtung von Eisen- und Stahlteilen.<\/p>\n\n\n\n<p><strong>Hervorragende Haftung auf Eisensubstraten:<\/strong> Eine optimierte Vakuumumgebung und ein Ionenreinigungsverfahren verbessern die Haftung der Beschichtung und sorgen f\u00fcr dauerhafte, langlebige Beschichtungen auf Eisenwaren.<\/p>\n\n\n\n<p><strong>Dekorative und funktionelle Beschichtungen:<\/strong> Es k\u00f6nnen TiN-, ZrN-, Cr- und andere Beschichtungen aufgebracht werden, um dekorative Farben wie Gold, Schwarz, Ros\u00e9gold und Regenbogeneffekte zu erzielen und gleichzeitig die Verschlei\u00df- und Korrosionsbest\u00e4ndigkeit zu verbessern.<\/p>\n\n\n\n<p><strong>Gleichm\u00e4\u00dfige und hochwertige Oberfl\u00e4chenbeschaffenheit<\/strong>: Die pr\u00e4zise Steuerung des Vakuumdrucks und der Verdampfungsrate gew\u00e4hrleistet eine gleichm\u00e4\u00dfige Beschichtungsdicke und ein glattes Oberfl\u00e4chenbild.<\/p>\n\n\n\n<p><strong>Breite Anwendung f\u00fcr Metallprodukte<\/strong>: Geeignet f\u00fcr Eisenbeschl\u00e4ge, M\u00f6belbeschl\u00e4ge, T\u00fcrgriffe, Werkzeuge, dekorative Automobilteile und andere Metallteile.<\/p>\n\n\n\n<p><strong>Stabiles Vakuum System Design<\/strong>: Ausgestattet mit einem zuverl\u00e4ssigen Vakuumpumpsystem und einem fortschrittlichen Kontrollsystem, das einen stabilen Betrieb und eine hohe Beschichtungseffizienz gew\u00e4hrleistet.<\/p>\n\n\n\n<p><strong>Anpassbare Ger\u00e4tekonfiguration<\/strong>: Kammergr\u00f6\u00dfe, Verdampfungsquellen und Automatisierungsgrad k\u00f6nnen je nach Produktionskapazit\u00e4t und Beschichtungsanforderungen angepasst werden.<\/p>\n<\/div>\n<\/div>","protected":false},"excerpt":{"rendered":"<p>Die PVD-Beschichtungsanlage f\u00fcr Eisenbeschl\u00e4ge verwendet eine fortschrittliche Verdampfungstechnologie, um hochwertige Beschichtungen auf Eisen- und Stahlkomponenten zu erzeugen, die das Aussehen, die Haftung und die Korrosionsbest\u00e4ndigkeit verbessern. ODM\/OEM-Dienstleistungen sind verf\u00fcgbar. Kontaktieren Sie CGVAC f\u00fcr kundenspezifische L\u00f6sungen und Preise.\u00a0<\/p>\n<h2>Technische Parameter:<\/h2>\n<table border=\"0\" width=\"973\" cellspacing=\"0\" cellpadding=\"0\">\n<tbody>\n<tr>\n<td width=\"202\" height=\"22\"><strong>Ziel-Materialien<\/strong><\/td>\n<td width=\"771\">Al-Draht, Cu, Ag, Cr (thermisch), Dekorative Metalle<\/td>\n<\/tr>\n<tr>\n<td height=\"22\"><strong>Beschichtungstechnologie<\/strong><\/td>\n<td>Aufdampf-Vakuum-Beschichtung<\/td>\n<\/tr>\n<tr>\n<td height=\"22\"><strong>Funktionale und optische Folien<\/strong><\/td>\n<td>Haupts\u00e4chlich f\u00fcr dekorative Beschichtungen geeignet, kann mit UV-Beschichtung oder Spr\u00fchschichten kombiniert werden.<\/td>\n<\/tr>\n<tr>\n<td height=\"22\"><strong>Kernkomponenten<\/strong><\/td>\n<td>Bogenziel, Steuersystem, Pumpe<\/td>\n<\/tr>\n<tr>\n<td height=\"22\"><strong>Anmeldung<\/strong><\/td>\n<td>Eisenwaren, Kunststoffe, Tageskeramik, Glas, Schmuck und Perlen<\/td>\n<\/tr>\n<tr>\n<td height=\"22\"><strong>Personalisierung<\/strong><\/td>\n<td>Ma\u00dfgeschneiderte Gr\u00f6\u00dfe, Zielmaterial, Farbe, Vorrichtungsdesign und Prozessplan<\/td>\n<\/tr>\n<tr>\n<td height=\"22\"><strong>Dienst<\/strong><\/td>\n<td>Mechanische\/Probenpr\u00fcfberichte, Video-Ausgangsinspektion und technische Anleitung.<\/td>\n<\/tr>\n<\/tbody>\n<\/table>\n<p>&nbsp;<\/p>","protected":false},"featured_media":1378,"comment_status":"closed","ping_status":"closed","template":"","meta":{"_acf_changed":true},"application":[],"product_brand":[],"product_cat":[21],"product_tag":[],"class_list":{"0":"post-1377","1":"product","2":"type-product","3":"status-publish","4":"has-post-thumbnail","6":"product_cat-evaporation-vacuum-coating-machine","8":"first","9":"instock","10":"shipping-taxable","11":"product-type-simple"},"acf":[],"_links":{"self":[{"href":"https:\/\/www.cgvacuum.com\/de\/wp-json\/wp\/v2\/product\/1377","targetHints":{"allow":["GET"]}}],"collection":[{"href":"https:\/\/www.cgvacuum.com\/de\/wp-json\/wp\/v2\/product"}],"about":[{"href":"https:\/\/www.cgvacuum.com\/de\/wp-json\/wp\/v2\/types\/product"}],"replies":[{"embeddable":true,"href":"https:\/\/www.cgvacuum.com\/de\/wp-json\/wp\/v2\/comments?post=1377"}],"wp:featuredmedia":[{"embeddable":true,"href":"https:\/\/www.cgvacuum.com\/de\/wp-json\/wp\/v2\/media\/1378"}],"wp:attachment":[{"href":"https:\/\/www.cgvacuum.com\/de\/wp-json\/wp\/v2\/media?parent=1377"}],"wp:term":[{"taxonomy":"application","embeddable":true,"href":"https:\/\/www.cgvacuum.com\/de\/wp-json\/wp\/v2\/application?post=1377"},{"taxonomy":"product_brand","embeddable":true,"href":"https:\/\/www.cgvacuum.com\/de\/wp-json\/wp\/v2\/product_brand?post=1377"},{"taxonomy":"product_cat","embeddable":true,"href":"https:\/\/www.cgvacuum.com\/de\/wp-json\/wp\/v2\/product_cat?post=1377"},{"taxonomy":"product_tag","embeddable":true,"href":"https:\/\/www.cgvacuum.com\/de\/wp-json\/wp\/v2\/product_tag?post=1377"}],"curies":[{"name":"wp","href":"https:\/\/api.w.org\/{rel}","templated":true}]}}