{"id":1327,"date":"2026-02-05T08:23:19","date_gmt":"2026-02-05T08:23:19","guid":{"rendered":"https:\/\/www.cgvacuum.com\/?post_type=product&#038;p=1327"},"modified":"2026-02-05T08:55:37","modified_gmt":"2026-02-05T08:55:37","slug":"pvd-coating-machine-for-furniture","status":"publish","type":"product","link":"https:\/\/www.cgvacuum.com\/de\/produkt\/pvd-coating-machine-for-furniture\/","title":{"rendered":"PVD-Beschichtungsmaschine f\u00fcr M\u00f6bel, Multi-Arc-Ionen-Vakuum-Beschichtungsmaschine China"},"content":{"rendered":"<h3 class=\"wp-block-heading\">Spezifikationen der PVD-Beschichtungsmaschine f\u00fcr M\u00f6bel:<\/h3>\n\n\n\n<figure class=\"wp-block-table\"><table><tbody><tr><td><strong>Modellnummer<\/strong><\/td><td><strong>Abmessung DxH (mm)<\/strong><\/td><td><strong>Endvakuum (Pa)<\/strong><\/td><td><strong>Pumpzeit (Min)<\/strong>)<\/td><td><strong>Zielvorgaben (PCS)<\/strong><\/td><td><strong>Gesamtleistung (kW)<\/strong><\/td><\/tr><tr><td>DZ1214<\/td><td>1200 \u00d7 1400 mm<\/td><td>\u22648\u00d710-\u2074<\/td><td>\uff1c5<\/td><td>10<\/td><td>50<\/td><\/tr><tr><td>DZ1416<\/td><td>1400 \u00d7 1600 mm<\/td><td>\u22648\u00d710-\u2074<\/td><td>\uff1c5<\/td><td>14<\/td><td>60<\/td><\/tr><tr><td>DZ1618<\/td><td>1600 \u00d7 1800 mm<\/td><td>\u22648\u00d710-\u2074<\/td><td>\uff1c5<\/td><td>21<\/td><td>80<\/td><\/tr><tr><td>DZ1818<\/td><td>1800 \u00d7 1800 mm<\/td><td>\u22648\u00d710-\u2074<\/td><td>\uff1c5<\/td><td>28<\/td><td>110<\/td><\/tr><tr><td>DZ2118<\/td><td>2100 x 1800 mm<\/td><td>\u22648\u00d710-\u2074<\/td><td>\uff1c5<\/td><td>32<\/td><td>120<\/td><\/tr><\/tbody><\/table><\/figure>\n\n\n\n<p><strong>*Die Ger\u00e4tespezifikationen k\u00f6nnen entsprechend den Kundenanforderungen angepasst werden. Die H\u00f6he oder Tiefe kann zwischen 600 mm und 10000 mm variieren.<\/strong><\/p>\n\n\n\n<div class=\"wp-block-columns is-layout-flex wp-container-core-columns-is-layout-9d6595d7 wp-block-columns-is-layout-flex\">\n<div class=\"wp-block-column is-layout-flow wp-block-column-is-layout-flow\">\n<figure class=\"wp-block-image size-full\"><img decoding=\"async\" width=\"800\" height=\"800\" src=\"https:\/\/www.cgvacuum.com\/wp-content\/uploads\/2026\/02\/pvd-coating-machine-for-furniture-multi-arc-ion-vacuum-coating-machine.webp\" alt=\"pvd beschichtungsmaschine f\u00fcr m\u00f6bel multi arc ionen vakuum beschichtungsmaschine\" class=\"wp-image-1326\" srcset=\"https:\/\/www.cgvacuum.com\/wp-content\/uploads\/2026\/02\/pvd-coating-machine-for-furniture-multi-arc-ion-vacuum-coating-machine.webp 800w, https:\/\/www.cgvacuum.com\/wp-content\/uploads\/2026\/02\/pvd-coating-machine-for-furniture-multi-arc-ion-vacuum-coating-machine-300x300.webp 300w, https:\/\/www.cgvacuum.com\/wp-content\/uploads\/2026\/02\/pvd-coating-machine-for-furniture-multi-arc-ion-vacuum-coating-machine-150x150.webp 150w, https:\/\/www.cgvacuum.com\/wp-content\/uploads\/2026\/02\/pvd-coating-machine-for-furniture-multi-arc-ion-vacuum-coating-machine-768x768.webp 768w, https:\/\/www.cgvacuum.com\/wp-content\/uploads\/2026\/02\/pvd-coating-machine-for-furniture-multi-arc-ion-vacuum-coating-machine-12x12.webp 12w, https:\/\/www.cgvacuum.com\/wp-content\/uploads\/2026\/02\/pvd-coating-machine-for-furniture-multi-arc-ion-vacuum-coating-machine-600x600.webp 600w, https:\/\/www.cgvacuum.com\/wp-content\/uploads\/2026\/02\/pvd-coating-machine-for-furniture-multi-arc-ion-vacuum-coating-machine-100x100.webp 100w\" sizes=\"(max-width: 800px) 100vw, 800px\" \/><\/figure>\n<\/div>\n\n\n\n<div class=\"wp-block-column is-layout-flow wp-block-column-is-layout-flow\">\n<h3 class=\"wp-block-heading\">Merkmale der PVD-Beschichtungsmaschine f\u00fcr M\u00f6bel:<\/h3>\n\n\n\n<p><strong>Fortschrittliche Mehrbogen-Ionen-PVD-Technologie<\/strong>: Es sorgt f\u00fcr gleichm\u00e4\u00dfige und gut haftende Beschichtungen, die selbst auf h\u00e4ufig benutzten M\u00f6beloberfl\u00e4chen ein Abbl\u00e4ttern verhindern.<\/p>\n\n\n\n<p><strong>Verschlei\u00dffest und korrosionsbest\u00e4ndig:<\/strong> PVD-Schichten bieten eine hervorragende Haltbarkeit und Korrosionsbest\u00e4ndigkeit und verl\u00e4ngern die Lebensdauer von Edelstahl-, Aluminium- und Metallm\u00f6belteilen bei gleichzeitiger Reduzierung der Wartungskosten.<\/p>\n\n\n\n<p><strong>Satte Farben und dekorative Wirkung:<\/strong> Unterst\u00fctzt eine breite Palette an dekorativen Farben wie Gold, Schwarz und Champagner, die sich perfekt f\u00fcr moderne M\u00f6beldesigns eignen und die \u00c4sthetik und den Wert der Produkte steigern.<\/p>\n\n\n\n<p><strong>Umweltfreundliches Verfahren:<\/strong> Vollvakuum-PVD-Beschichtung ohne chemische Abw\u00e4sser oder sch\u00e4dliche L\u00f6sungsmittel, die den internationalen Umweltstandards entspricht.<\/p>\n\n\n\n<p><strong>Hohe Effizienz f\u00fcr die Massenproduktion:<\/strong> Unterst\u00fctzt die automatisierte Serienproduktion, ideal f\u00fcr M\u00f6belhersteller, die eine stabile, effiziente Produktion und Kostenreduzierung anstreben.<\/p>\n\n\n\n<p><strong>CGVAC Flexible PVD-Maschinenl\u00f6sungen: <\/strong>Die Ausr\u00fcstung kann je nach Gr\u00f6\u00dfe, Form, Material und Beschichtungsgarantie der M\u00f6bel angepasst werden; die M\u00f6belbeschichtungsprodukte sind f\u00fcr verschiedene M\u00f6bel geeignet.<\/p>\n<\/div>\n<\/div>","protected":false},"excerpt":{"rendered":"<p data-start=\"2608\" data-end=\"2931\">CGVAC hocheffiziente Multi-Bogen-Ionen-PVD-Beschichtungsanlage f\u00fcr M\u00f6bel, die verschlei\u00dffeste, korrosionsbest\u00e4ndige und farbenfrohe Oberfl\u00e4chen bietet. Umweltfreundlich, skalierbar und anpassbar. Kontaktieren Sie uns f\u00fcr eine ma\u00dfgeschneiderte L\u00f6sung f\u00fcr eine Vakuumbeschichtungsanlage!<\/p>\n<h2>Technische Parameter:<\/h2>\n<table width=\"973\">\n<tbody>\n<tr>\n<td width=\"202\"><strong>Ziel-Materialien<\/strong><\/td>\n<td width=\"771\">Titan (Ti), Chrom (Cr), Zirkonium (Zr), TiAl, Ni, Cu, Al, Fe usw.<\/td>\n<\/tr>\n<tr>\n<td><strong>Industrielle Gase<\/strong><\/td>\n<td>Argon (Ar), Stickstoff (N\u2082), Acetylen (C\u2082H\u2082), Sauerstoff (O\u2082)<\/td>\n<\/tr>\n<tr>\n<td><strong>Beschichtungstechnologie<\/strong><\/td>\n<td>Multibogen-Ionen-Vakuum-Beschichtung<\/td>\n<\/tr>\n<tr>\n<td><strong>Farbe der Beschichtung<\/strong><\/td>\n<td>Titansilber, Gold, Ros\u00e9gold, Violett, Saphirblau, Perlmutt, Bernstein, Tiefgrau, Chromschwarz und Mehrfarbig<\/td>\n<\/tr>\n<tr>\n<td><strong>Funktionelle Beschichtungen<\/strong><\/td>\n<td>TiN, TiCN, CrN, ZrN, TiAlN, CrAlN, DLC und andere harte und verschlei\u00dffeste Beschichtungen.<\/td>\n<\/tr>\n<tr>\n<td><strong>Kernkomponenten<\/strong><\/td>\n<td>Bogenziel, Steuersystem, Pumpe<\/td>\n<\/tr>\n<tr>\n<td><strong>Anmeldung<\/strong><\/td>\n<td>Edelstahl, Metall, Sanit\u00e4rartikel, Keramikgeschirr, Schmuck, Glas, Fliesen<\/td>\n<\/tr>\n<tr>\n<td><strong>Personalisierung<\/strong><\/td>\n<td>Ma\u00dfgeschneiderte Gr\u00f6\u00dfe, Zielmaterial, Farbe, Vorrichtungsdesign und Prozessplan<\/td>\n<\/tr>\n<tr>\n<td><strong>Dienst<\/strong><\/td>\n<td>Mechanische\/Probenpr\u00fcfberichte, Video-Ausgangsinspektion und technische Anleitung.<\/td>\n<\/tr>\n<\/tbody>\n<\/table>\n<p>&nbsp;<\/p>","protected":false},"featured_media":1326,"comment_status":"closed","ping_status":"closed","template":"","meta":{"_acf_changed":true},"application":[26],"product_brand":[],"product_cat":[19],"product_tag":[],"class_list":{"0":"post-1327","1":"product","2":"type-product","3":"status-publish","4":"has-post-thumbnail","6":"application-stainless-steel-pvd-coating-machine","7":"product_cat-multi-arc-ion-vacuum-coating-machine","9":"first","10":"instock","11":"shipping-taxable","12":"product-type-simple"},"acf":[],"_links":{"self":[{"href":"https:\/\/www.cgvacuum.com\/de\/wp-json\/wp\/v2\/product\/1327","targetHints":{"allow":["GET"]}}],"collection":[{"href":"https:\/\/www.cgvacuum.com\/de\/wp-json\/wp\/v2\/product"}],"about":[{"href":"https:\/\/www.cgvacuum.com\/de\/wp-json\/wp\/v2\/types\/product"}],"replies":[{"embeddable":true,"href":"https:\/\/www.cgvacuum.com\/de\/wp-json\/wp\/v2\/comments?post=1327"}],"wp:featuredmedia":[{"embeddable":true,"href":"https:\/\/www.cgvacuum.com\/de\/wp-json\/wp\/v2\/media\/1326"}],"wp:attachment":[{"href":"https:\/\/www.cgvacuum.com\/de\/wp-json\/wp\/v2\/media?parent=1327"}],"wp:term":[{"taxonomy":"application","embeddable":true,"href":"https:\/\/www.cgvacuum.com\/de\/wp-json\/wp\/v2\/application?post=1327"},{"taxonomy":"product_brand","embeddable":true,"href":"https:\/\/www.cgvacuum.com\/de\/wp-json\/wp\/v2\/product_brand?post=1327"},{"taxonomy":"product_cat","embeddable":true,"href":"https:\/\/www.cgvacuum.com\/de\/wp-json\/wp\/v2\/product_cat?post=1327"},{"taxonomy":"product_tag","embeddable":true,"href":"https:\/\/www.cgvacuum.com\/de\/wp-json\/wp\/v2\/product_tag?post=1327"}],"curies":[{"name":"wp","href":"https:\/\/api.w.org\/{rel}","templated":true}]}}