{"id":1324,"date":"2026-02-05T07:23:30","date_gmt":"2026-02-05T07:23:30","guid":{"rendered":"https:\/\/www.cgvacuum.com\/?post_type=product&#038;p=1324"},"modified":"2026-02-05T08:22:44","modified_gmt":"2026-02-05T08:22:44","slug":"door-handle-pvd-coating-machine","status":"publish","type":"product","link":"https:\/\/www.cgvacuum.com\/de\/produkt\/door-handle-pvd-coating-machine\/","title":{"rendered":"T\u00fcrgriff PVD-Beschichtungsanlage, Multi-Arc-Ionen-Vakuum-Beschichtungsanlage f\u00fcr Edelstahl"},"content":{"rendered":"<h3 class=\"wp-block-heading\">Spezifikationen der PVD-Beschichtungsmaschine f\u00fcr T\u00fcrgriffe:<\/h3>\n\n\n\n<figure class=\"wp-block-table\"><table><tbody><tr><td><strong>Modellnummer<\/strong><\/td><td><strong>Abmessung DxH (mm)<\/strong><\/td><td><strong>Endvakuum (Pa)<\/strong><\/td><td><strong>Pumpzeit (Min)<\/strong>)<\/td><td><strong>Zielvorgaben (PCS)<\/strong><\/td><td><strong>Gesamtleistung (kW)<\/strong><\/td><\/tr><tr><td>DZ1214<\/td><td>1200 \u00d7 1400 mm<\/td><td>\u22648\u00d710-\u2074<\/td><td>\uff1c5<\/td><td>10<\/td><td>50<\/td><\/tr><tr><td>DZ1416<\/td><td>1400 \u00d7 1600 mm<\/td><td>\u22648\u00d710-\u2074<\/td><td>\uff1c5<\/td><td>14<\/td><td>60<\/td><\/tr><tr><td>DZ1618<\/td><td>1600 \u00d7 1800 mm<\/td><td>\u22648\u00d710-\u2074<\/td><td>\uff1c5<\/td><td>21<\/td><td>80<\/td><\/tr><tr><td>DZ1818<\/td><td>1800 \u00d7 1800 mm<\/td><td>\u22648\u00d710-\u2074<\/td><td>\uff1c5<\/td><td>28<\/td><td>110<\/td><\/tr><tr><td>DZ2118<\/td><td>2100 x 1800 mm<\/td><td>\u22648\u00d710-\u2074<\/td><td>\uff1c5<\/td><td>32<\/td><td>120<\/td><\/tr><\/tbody><\/table><\/figure>\n\n\n\n<p><strong>*Die Ger\u00e4tespezifikationen k\u00f6nnen entsprechend den Kundenanforderungen angepasst werden. Die H\u00f6he oder Tiefe kann zwischen 600 mm und 10000 mm variieren.<\/strong><\/p>\n\n\n\n<div class=\"wp-block-columns is-layout-flex wp-container-core-columns-is-layout-9d6595d7 wp-block-columns-is-layout-flex\">\n<div class=\"wp-block-column is-layout-flow wp-block-column-is-layout-flow\">\n<figure class=\"wp-block-image size-full\"><img decoding=\"async\" width=\"760\" height=\"760\" src=\"https:\/\/www.cgvacuum.com\/wp-content\/uploads\/2026\/02\/door-handle-pvd-coating-machine-multi-arc-ion-vacuum-coating-machine.webp\" alt=\"t\u00fcrgriff pvd beschichtungsmaschine multi-arc ionen vakuum beschichtungsmaschine\" class=\"wp-image-1325\" srcset=\"https:\/\/www.cgvacuum.com\/wp-content\/uploads\/2026\/02\/door-handle-pvd-coating-machine-multi-arc-ion-vacuum-coating-machine.webp 760w, https:\/\/www.cgvacuum.com\/wp-content\/uploads\/2026\/02\/door-handle-pvd-coating-machine-multi-arc-ion-vacuum-coating-machine-300x300.webp 300w, https:\/\/www.cgvacuum.com\/wp-content\/uploads\/2026\/02\/door-handle-pvd-coating-machine-multi-arc-ion-vacuum-coating-machine-150x150.webp 150w, https:\/\/www.cgvacuum.com\/wp-content\/uploads\/2026\/02\/door-handle-pvd-coating-machine-multi-arc-ion-vacuum-coating-machine-12x12.webp 12w, https:\/\/www.cgvacuum.com\/wp-content\/uploads\/2026\/02\/door-handle-pvd-coating-machine-multi-arc-ion-vacuum-coating-machine-600x600.webp 600w, https:\/\/www.cgvacuum.com\/wp-content\/uploads\/2026\/02\/door-handle-pvd-coating-machine-multi-arc-ion-vacuum-coating-machine-100x100.webp 100w\" sizes=\"(max-width: 760px) 100vw, 760px\" \/><\/figure>\n<\/div>\n\n\n\n<div class=\"wp-block-column is-layout-flow wp-block-column-is-layout-flow\">\n<h3 class=\"wp-block-heading\">Merkmale der T\u00fcrgriff PVD-Beschichtungsmaschine:<\/h3>\n\n\n\n<p><strong>Kompatibel mit mehreren Edelstahlsorten<\/strong>: Geeignet f\u00fcr T\u00fcrgriffe aus Edelstahl 304 und 316; die Vorbehandlung gew\u00e4hrleistet eine hochwertige dekorative Oberfl\u00e4che.<\/p>\n\n\n\n<p><strong>Hoch haftende Beschichtungen<\/strong>: Mit Hilfe der Multi-Arc-Ionen-PVD-Technologie wird ein dichter, gleichm\u00e4\u00dfiger Funktionsfilm auf Edelstahl-T\u00fcrgriffen gebildet, der die Verschlei\u00dffestigkeit und den Kratzschutz verbessert.<\/p>\n\n\n\n<p><strong>Reichhaltige Farboptionen<\/strong>: Unterst\u00fctzt Gold-, Champagner-, Ros\u00e9gold-, Rotguss-, Schwarz- und Regenbogen-Oberfl\u00e4chen, um verschiedene Designanforderungen zu erf\u00fcllen.<\/p>\n\n\n\n<p><strong>Pr\u00e4zise Prozesskontrolle<\/strong>: Die fortschrittliche Energieversorgung und das Gasflussmanagement gew\u00e4hrleisten eine gleichm\u00e4\u00dfige Schichtdicke, eine stabile Farbe und eine hohe Konsistenz von Charge zu Charge.<\/p>\n\n\n\n<p><strong>Gro\u00dfserienproduktion<\/strong>: Drehvorrichtungen mit mehreren Stationen und gro\u00dfe Vakuumkammern erm\u00f6glichen eine kontinuierliche Chargenproduktion, was die Effizienz erh\u00f6ht und die St\u00fcckkosten senkt.<\/p>\n\n\n\n<p><strong>Umweltfreundlicher Prozess<\/strong>: Die Vakuumbeschichtung erfordert keine chemischen L\u00f6sungen, erzeugt keine Abw\u00e4sser und hinterl\u00e4sst keine sch\u00e4dlichen R\u00fcckst\u00e4nde und entspricht somit den internationalen Umweltstandards.<\/p>\n\n\n\n<p><strong>Benutzerfreundlichkeit und einfache Wartung<\/strong>: Hochgradig automatisiertes System mit intuitiver Benutzeroberfl\u00e4che und umfassender Wartungsunterst\u00fctzung, das den Arbeitsaufwand und die betriebliche Komplexit\u00e4t reduziert.<\/p>\n<\/div>\n<\/div>","protected":false},"excerpt":{"rendered":"<p data-start=\"2608\" data-end=\"2931\">Professionell <strong data-start=\"119\" data-end=\"154\">PVD-Beschichtungsanlage f\u00fcr T\u00fcrgriffe<\/strong> mit <strong data-start=\"160\" data-end=\"188\">Mehrbogen-Ionen-Technik<\/strong> f\u00fcr hohe Haftkraft, Verschlei\u00df- und Korrosionsbest\u00e4ndigkeit, leuchtende Farben und umweltfreundlichen, hocheffizienten Betrieb. Ideal f\u00fcr die Massenproduktion. Kontaktieren Sie uns f\u00fcr ein <strong data-start=\"360\" data-end=\"395\">individuelle PVD-Beschichtungsl\u00f6sung<\/strong>!<\/p>\n<h2>Technische Parameter:<\/h2>\n<table width=\"973\">\n<tbody>\n<tr>\n<td width=\"202\"><strong>Ziel-Materialien<\/strong><\/td>\n<td width=\"771\">Titan (Ti), Chrom (Cr), Zirkonium (Zr), TiAl, Ni, Cu, Al, Fe usw.<\/td>\n<\/tr>\n<tr>\n<td><strong>Industrielle Gase<\/strong><\/td>\n<td>Argon (Ar), Stickstoff (N\u2082), Acetylen (C\u2082H\u2082), Sauerstoff (O\u2082)<\/td>\n<\/tr>\n<tr>\n<td><strong>Beschichtungstechnologie<\/strong><\/td>\n<td>Multibogen-Ionen-Vakuum-Beschichtung<\/td>\n<\/tr>\n<tr>\n<td><strong>Farbe der Beschichtung<\/strong><\/td>\n<td>Titansilber, Gold, Ros\u00e9gold, Violett, Saphirblau, Perlmutt, Bernstein, Tiefgrau, Chromschwarz und Mehrfarbig<\/td>\n<\/tr>\n<tr>\n<td><strong>Funktionelle Beschichtungen<\/strong><\/td>\n<td>TiN, TiCN, CrN, ZrN, TiAlN, CrAlN, DLC und andere harte und verschlei\u00dffeste Beschichtungen.<\/td>\n<\/tr>\n<tr>\n<td><strong>Kernkomponenten<\/strong><\/td>\n<td>Bogenziel, Steuersystem, Pumpe<\/td>\n<\/tr>\n<tr>\n<td><strong>Anmeldung<\/strong><\/td>\n<td>Edelstahl, Metall, Sanit\u00e4rartikel, Keramikgeschirr, Schmuck, Glas, Fliesen<\/td>\n<\/tr>\n<tr>\n<td><strong>Personalisierung<\/strong><\/td>\n<td>Ma\u00dfgeschneiderte Gr\u00f6\u00dfe, Zielmaterial, Farbe, Vorrichtungsdesign und Prozessplan<\/td>\n<\/tr>\n<tr>\n<td><strong>Dienst<\/strong><\/td>\n<td>Mechanische\/Probenpr\u00fcfberichte, Video-Ausgangsinspektion und technische Anleitung.<\/td>\n<\/tr>\n<\/tbody>\n<\/table>\n<p>&nbsp;<\/p>","protected":false},"featured_media":1325,"comment_status":"closed","ping_status":"closed","template":"","meta":{"_acf_changed":true},"application":[26],"product_brand":[],"product_cat":[19],"product_tag":[],"class_list":{"0":"post-1324","1":"product","2":"type-product","3":"status-publish","4":"has-post-thumbnail","6":"application-stainless-steel-pvd-coating-machine","7":"product_cat-multi-arc-ion-vacuum-coating-machine","9":"first","10":"instock","11":"shipping-taxable","12":"product-type-simple"},"acf":[],"_links":{"self":[{"href":"https:\/\/www.cgvacuum.com\/de\/wp-json\/wp\/v2\/product\/1324","targetHints":{"allow":["GET"]}}],"collection":[{"href":"https:\/\/www.cgvacuum.com\/de\/wp-json\/wp\/v2\/product"}],"about":[{"href":"https:\/\/www.cgvacuum.com\/de\/wp-json\/wp\/v2\/types\/product"}],"replies":[{"embeddable":true,"href":"https:\/\/www.cgvacuum.com\/de\/wp-json\/wp\/v2\/comments?post=1324"}],"wp:featuredmedia":[{"embeddable":true,"href":"https:\/\/www.cgvacuum.com\/de\/wp-json\/wp\/v2\/media\/1325"}],"wp:attachment":[{"href":"https:\/\/www.cgvacuum.com\/de\/wp-json\/wp\/v2\/media?parent=1324"}],"wp:term":[{"taxonomy":"application","embeddable":true,"href":"https:\/\/www.cgvacuum.com\/de\/wp-json\/wp\/v2\/application?post=1324"},{"taxonomy":"product_brand","embeddable":true,"href":"https:\/\/www.cgvacuum.com\/de\/wp-json\/wp\/v2\/product_brand?post=1324"},{"taxonomy":"product_cat","embeddable":true,"href":"https:\/\/www.cgvacuum.com\/de\/wp-json\/wp\/v2\/product_cat?post=1324"},{"taxonomy":"product_tag","embeddable":true,"href":"https:\/\/www.cgvacuum.com\/de\/wp-json\/wp\/v2\/product_tag?post=1324"}],"curies":[{"name":"wp","href":"https:\/\/api.w.org\/{rel}","templated":true}]}}