{"id":1296,"date":"2026-01-20T03:22:03","date_gmt":"2026-01-20T03:22:03","guid":{"rendered":"https:\/\/www.cgvacuum.com\/?post_type=product&#038;p=1296"},"modified":"2026-01-20T03:45:44","modified_gmt":"2026-01-20T03:45:44","slug":"ceramics-pvd-vacuum-coating-machine","status":"publish","type":"product","link":"https:\/\/www.cgvacuum.com\/de\/produkt\/ceramics-pvd-vacuum-coating-machine\/","title":{"rendered":"CGVAC Ceramics PVD-Vakuum-Beschichtungsanlage f\u00fcr hochwertige Keramikoberfl\u00e4chen"},"content":{"rendered":"<h3 class=\"wp-block-heading\">Spezifikationen der Keramik PVD-Vakuum-Beschichtungsmaschine:<\/h3>\n\n\n\n<figure class=\"wp-block-table\"><table class=\"has-fixed-layout\"><tbody><tr><td><strong>Modellnummer<\/strong><\/td><td><strong>Abmessung D*H (mm)<\/strong><\/td><td><strong>Endvakuum (Pa)<\/strong><\/td><td><strong>Pumpzeit (Min)<\/strong><\/td><\/tr><tr><td>FC1214<\/td><td>1200 \u00d7 1400 mm<\/td><td>\uff1c8\u00d710\u207b\u2074<\/td><td>\uff1c5<\/td><\/tr><tr><td>FC1416<\/td><td>1400 \u00d7 1600 mm<\/td><td>\uff1c8\u00d710\u207b\u2074<\/td><td>\uff1c5<\/td><\/tr><tr><td>FC1618<\/td><td>1600 \u00d7 1800 mm<\/td><td>\uff1c8\u00d710\u207b\u2074<\/td><td>\uff1c5<\/td><\/tr><tr><td>FC1818<\/td><td>1800 \u00d7 1800 mm<\/td><td>\uff1c8\u00d710\u207b\u2074<\/td><td>\uff1c5<\/td><\/tr><tr><td>FC2018<\/td><td>2000 \u00d7 1800 mm<\/td><td>\uff1c8\u00d710\u207b\u2074<\/td><td>\uff1c5<\/td><\/tr><\/tbody><\/table><\/figure>\n\n\n\n<p><strong>*Die Ger\u00e4tespezifikationen k\u00f6nnen entsprechend den Kundenanforderungen angepasst werden.<\/strong><\/p>\n\n\n\n<div class=\"wp-block-columns is-layout-flex wp-container-core-columns-is-layout-9d6595d7 wp-block-columns-is-layout-flex\">\n<div class=\"wp-block-column is-layout-flow wp-block-column-is-layout-flow\"><div class=\"wp-block-image\">\n<figure class=\"aligncenter size-full\"><img decoding=\"async\" width=\"350\" height=\"350\" src=\"https:\/\/www.cgvacuum.com\/wp-content\/uploads\/2026\/01\/Ceramics-PVD-Vacuum-Coating-Machine-Manufacturer-in-China-CGVAC.webp\" alt=\"Keramik PVD-Vakuum-Beschichtungsmaschine Hersteller in China CGVAC\" class=\"wp-image-1294\" srcset=\"https:\/\/www.cgvacuum.com\/wp-content\/uploads\/2026\/01\/Ceramics-PVD-Vacuum-Coating-Machine-Manufacturer-in-China-CGVAC.webp 350w, https:\/\/www.cgvacuum.com\/wp-content\/uploads\/2026\/01\/Ceramics-PVD-Vacuum-Coating-Machine-Manufacturer-in-China-CGVAC-300x300.webp 300w, https:\/\/www.cgvacuum.com\/wp-content\/uploads\/2026\/01\/Ceramics-PVD-Vacuum-Coating-Machine-Manufacturer-in-China-CGVAC-150x150.webp 150w, https:\/\/www.cgvacuum.com\/wp-content\/uploads\/2026\/01\/Ceramics-PVD-Vacuum-Coating-Machine-Manufacturer-in-China-CGVAC-12x12.webp 12w, https:\/\/www.cgvacuum.com\/wp-content\/uploads\/2026\/01\/Ceramics-PVD-Vacuum-Coating-Machine-Manufacturer-in-China-CGVAC-100x100.webp 100w\" sizes=\"(max-width: 350px) 100vw, 350px\" \/><\/figure>\n<\/div><\/div>\n\n\n\n<div class=\"wp-block-column is-layout-flow wp-block-column-is-layout-flow\">\n<h3 class=\"wp-block-heading\">Merkmale der Keramik PVD-Vakuum-Beschichtungsmaschine:<\/h3>\n\n\n\n<p><strong>Vielseitigkeit bei Multi-Prozessen: <\/strong>Unterst\u00fctzt Multi-Arc-Ionenplattieren, Magnetron-Sputtern und Aufdampfen und erm\u00f6glicht so eine flexible Auswahl von Beschichtungsprozessen f\u00fcr verschiedene Keramiktypen und dekorative Effekte.<\/p>\n\n\n\n<p><strong>Konsistente und lebendige Oberfl\u00e4chen:<\/strong> Liefert glatte, gleichm\u00e4\u00dfige und lebendige metallische oder farbige Beschichtungen und gew\u00e4hrleistet ein hochwertiges Erscheinungsbild bei komplexen Formen und gro\u00dfen Chargen.<\/p>\n\n\n\n<p><strong>Langlebige Folie mit starker Haftung:<\/strong> Optimierte Prozessparameter verbessern die Haftung auf keramischen Substraten und bieten lang anhaltenden Schutz vor Abbl\u00e4ttern, Kratzern und allt\u00e4glicher Abnutzung.<\/p>\n\n\n\n<p><strong>Hocheffiziente Massenproduktion<\/strong>: Das Design mit mehreren Stationen und die hohe Beladungskapazit\u00e4t erh\u00f6hen den Durchsatz, reduzieren die Zykluszeit und erm\u00f6glichen eine nahtlose Integration in bestehende Keramikproduktionslinien.<\/p>\n\n\n\n<p><strong>Breite keramische Anwendungen: <\/strong>Geeignet f\u00fcr dekoratives Geschirr, Kunstkeramik, Fliesen und Spezialteile. Die Plattform ist vielseitig genug, um sowohl Alltagskeramik als auch hochwertige dekorative Produkte zu bearbeiten.<\/p>\n<\/div>\n<\/div>","protected":false},"excerpt":{"rendered":"<p>CGVAC Keramik PVD-Vakuum-Beschichtungsanlage sorgt f\u00fcr konsistente Farben, haltbare Schichten und effiziente Massenproduktion. Direkte L\u00f6sungen f\u00fcr Hersteller mit anpassbaren Vorrichtungen.  Wenn Sie die Keramikproduktion optimieren m\u00fcssen, kontaktieren Sie uns f\u00fcr Spezifikationen.<\/p>\n<h2>Technische Parameter:<\/h2>\n<table style=\"border-collapse: collapse; width: 729.77pt;\" border=\"0\" width=\"973\" cellspacing=\"0\" cellpadding=\"0\">\n<tbody>\n<tr style=\"height: 16.50pt;\">\n<td class=\"et4\" style=\"height: 16.50pt; width: 152.20pt;\" width=\"202\" height=\"22\"><strong>Ziel-Materialien<\/strong><\/td>\n<td class=\"et5\" style=\"width: 578.25pt;\" width=\"771\">Titan (Ti), Chrom (Cr), DLC \/ Kohlenstoff-Targets, TiAl \/ TiSiN, Chromnitrid \/ Titannitrid-Systeme<\/td>\n<\/tr>\n<tr style=\"height: 16.50pt;\">\n<td class=\"et4\" style=\"height: 16.50pt;\" height=\"22\"><strong>Industriegase<\/strong><\/td>\n<td class=\"et5\"><span class=\"font1\">Argon (Ar), Stickstoff (N<\/span><span class=\"font3\">\u2082<\/span><span class=\"font1\">), Sauerstoff (O<\/span><span class=\"font3\">\u2082<\/span><span class=\"font1\">), C<\/span><span class=\"font3\">\u2082<\/span><span class=\"font1\">H<\/span><span class=\"font3\">\u2082<\/span><span class=\"font1\">\/CH<\/span><span class=\"font3\">\u2084<\/span><span class=\"font1\">, Spezielle Gasgemische<\/span><\/td>\n<\/tr>\n<tr style=\"height: 16.50pt;\">\n<td class=\"et4\" style=\"height: 16.50pt;\" height=\"22\"><strong>Beschichtungstechnologie<\/strong><\/td>\n<td class=\"et5\">Magnetronsputtern, Ionenbogen, E-Beam-Verdampfung, CVD<\/td>\n<\/tr>\n<tr style=\"height: 16.50pt;\">\n<td class=\"et4\" style=\"height: 16.50pt;\" height=\"22\"><strong>Beschichtungssysteme<\/strong><\/td>\n<td class=\"et5\">\n<p><span class=\"font1\">DLC, TCO, Anti-Fingerabdruck-Folien<br \/>ITO-, SiO\u2082- und TiO\u2082-Optikfolien<br \/>Korrosionsbest\u00e4ndige, verschlei\u00dffeste, entspiegelte Beschichtungen<\/span><\/p>\n<\/td>\n<\/tr>\n<tr style=\"height: 16.50pt;\">\n<td class=\"et4\" style=\"height: 16.50pt;\" height=\"22\"><strong>Kernkomponenten<\/strong><\/td>\n<td class=\"et6\">Bogenziel, Steuersystem, Pumpe<\/td>\n<\/tr>\n<tr style=\"height: 16.50pt;\">\n<td class=\"et4\" style=\"height: 16.50pt;\" height=\"22\"><strong>Anmeldung<\/strong><\/td>\n<td class=\"et5\">Elektronik und Optik, Edelstahl, Glas, Kunststoffe, Keramik<\/td>\n<\/tr>\n<tr style=\"height: 16.50pt;\">\n<td class=\"et4\" style=\"height: 16.50pt;\" height=\"22\"><strong>Personalisierung<\/strong><\/td>\n<td class=\"et6\">Ma\u00dfgeschneiderte Gr\u00f6\u00dfe, Zielmaterial, Farbe, Vorrichtungsdesign und Prozessplan<\/td>\n<\/tr>\n<tr style=\"height: 16.50pt;\">\n<td class=\"et4\" style=\"height: 16.50pt;\" height=\"22\"><strong>Dienst<\/strong><\/td>\n<td class=\"et6\">Mechanische\/Probenpr\u00fcfberichte, Video-Ausgangsinspektion und technische Anleitung.<\/td>\n<\/tr>\n<\/tbody>\n<\/table>\n<p>&nbsp;<\/p>\n<p>&nbsp;<\/p>","protected":false},"featured_media":1294,"comment_status":"closed","ping_status":"closed","template":"","meta":{"_acf_changed":true},"application":[27],"product_brand":[],"product_cat":[22],"product_tag":[],"class_list":{"0":"post-1296","1":"product","2":"type-product","3":"status-publish","4":"has-post-thumbnail","6":"application-daily-ceramics-pvd-coating-machine","7":"product_cat-functional-pvd-coating-machine","9":"first","10":"instock","11":"shipping-taxable","12":"product-type-simple"},"acf":[],"_links":{"self":[{"href":"https:\/\/www.cgvacuum.com\/de\/wp-json\/wp\/v2\/product\/1296","targetHints":{"allow":["GET"]}}],"collection":[{"href":"https:\/\/www.cgvacuum.com\/de\/wp-json\/wp\/v2\/product"}],"about":[{"href":"https:\/\/www.cgvacuum.com\/de\/wp-json\/wp\/v2\/types\/product"}],"replies":[{"embeddable":true,"href":"https:\/\/www.cgvacuum.com\/de\/wp-json\/wp\/v2\/comments?post=1296"}],"wp:featuredmedia":[{"embeddable":true,"href":"https:\/\/www.cgvacuum.com\/de\/wp-json\/wp\/v2\/media\/1294"}],"wp:attachment":[{"href":"https:\/\/www.cgvacuum.com\/de\/wp-json\/wp\/v2\/media?parent=1296"}],"wp:term":[{"taxonomy":"application","embeddable":true,"href":"https:\/\/www.cgvacuum.com\/de\/wp-json\/wp\/v2\/application?post=1296"},{"taxonomy":"product_brand","embeddable":true,"href":"https:\/\/www.cgvacuum.com\/de\/wp-json\/wp\/v2\/product_brand?post=1296"},{"taxonomy":"product_cat","embeddable":true,"href":"https:\/\/www.cgvacuum.com\/de\/wp-json\/wp\/v2\/product_cat?post=1296"},{"taxonomy":"product_tag","embeddable":true,"href":"https:\/\/www.cgvacuum.com\/de\/wp-json\/wp\/v2\/product_tag?post=1296"}],"curies":[{"name":"wp","href":"https:\/\/api.w.org\/{rel}","templated":true}]}}