{"id":1267,"date":"2026-01-09T03:04:48","date_gmt":"2026-01-09T03:04:48","guid":{"rendered":"https:\/\/www.cgvacuum.com\/?post_type=product&#038;p=1267"},"modified":"2026-01-20T02:02:19","modified_gmt":"2026-01-20T02:02:19","slug":"functional-pvd-coating-machine-for-glass","status":"publish","type":"product","link":"https:\/\/www.cgvacuum.com\/de\/produkt\/functional-pvd-coating-machine-for-glass\/","title":{"rendered":"Funktionelle PVD-Beschichtungsmaschine f\u00fcr Glas, Vakuum-Beschichtungsmaschine Hersteller in China"},"content":{"rendered":"<h3 class=\"wp-block-heading\">Spezifikationen der funktionellen PVD-Beschichtungsanlage f\u00fcr Glas:<\/h3>\n\n\n\n<figure class=\"wp-block-table\"><table class=\"has-fixed-layout\"><tbody><tr><td><strong>Modellnummer<\/strong><\/td><td><strong>Abmessung D*H (mm)<\/strong><\/td><td><strong>Endvakuum (Pa)<\/strong><\/td><td><strong>Pumpzeit (Min)<\/strong><\/td><\/tr><tr><td>FC1214<\/td><td>1200 \u00d7 1400 mm<\/td><td>\uff1c8\u00d710\u207b\u2074<\/td><td>\uff1c5<\/td><\/tr><tr><td>FC1416<\/td><td>1400 \u00d7 1600 mm<\/td><td>\uff1c8\u00d710\u207b\u2074<\/td><td>\uff1c5<\/td><\/tr><tr><td>FC1618<\/td><td>1600 \u00d7 1800 mm<\/td><td>\uff1c8\u00d710\u207b\u2074<\/td><td>\uff1c5<\/td><\/tr><tr><td>FC1818<\/td><td>1800 \u00d7 1800 mm<\/td><td>\uff1c8\u00d710\u207b\u2074<\/td><td>\uff1c5<\/td><\/tr><tr><td>FC2018<\/td><td>2000 \u00d7 1800 mm<\/td><td>\uff1c8\u00d710\u207b\u2074<\/td><td>\uff1c5<\/td><\/tr><\/tbody><\/table><\/figure>\n\n\n\n<p><strong>*Die Ger\u00e4tespezifikationen k\u00f6nnen entsprechend den Kundenanforderungen angepasst werden.<\/strong><\/p>\n\n\n\n<div class=\"wp-block-columns is-layout-flex wp-container-core-columns-is-layout-9d6595d7 wp-block-columns-is-layout-flex\">\n<div class=\"wp-block-column is-layout-flow wp-block-column-is-layout-flow\"><div class=\"wp-block-image\">\n<figure class=\"aligncenter size-full\"><img decoding=\"async\" width=\"680\" height=\"312\" src=\"https:\/\/www.cgvacuum.com\/wp-content\/uploads\/2026\/01\/Functional-PVD-Coating-Machine-for-Glass.webp\" alt=\"Funktionelle PVD-Beschichtungsanlage f\u00fcr Glas\" class=\"wp-image-1270\" srcset=\"https:\/\/www.cgvacuum.com\/wp-content\/uploads\/2026\/01\/Functional-PVD-Coating-Machine-for-Glass.webp 680w, https:\/\/www.cgvacuum.com\/wp-content\/uploads\/2026\/01\/Functional-PVD-Coating-Machine-for-Glass-300x138.webp 300w, https:\/\/www.cgvacuum.com\/wp-content\/uploads\/2026\/01\/Functional-PVD-Coating-Machine-for-Glass-18x8.webp 18w, https:\/\/www.cgvacuum.com\/wp-content\/uploads\/2026\/01\/Functional-PVD-Coating-Machine-for-Glass-600x275.webp 600w\" sizes=\"(max-width: 680px) 100vw, 680px\" \/><\/figure>\n<\/div><\/div>\n\n\n\n<div class=\"wp-block-column is-layout-flow wp-block-column-is-layout-flow\">\n<h3 class=\"wp-block-heading\">Merkmale der funktionellen PVD-Beschichtungsanlage f\u00fcr Glas:<\/h3>\n\n\n\n<p><strong>Integration mehrerer Technologien: <\/strong>Die Anlage unterst\u00fctzt die flexible Konfiguration verschiedener PVD-Beschichtungstechnologien, einschlie\u00dflich Magnetronsputtern, Elektronenstrahlverdampfung, Multibogen-Ionenplattierung und Verbundbeschichtungsverfahren, und erm\u00f6glicht so die Auswahl der optimalen L\u00f6sung f\u00fcr verschiedene Glasanwendungen. Ein einziges System kann verschiedene funktionale Beschichtungsanforderungen abdecken, wie Low-E-Folien, dekorative Folien, AR-Folien, leitf\u00e4hige Folien und Anti-Fingerprint-Folien.<\/p>\n\n\n\n<p><strong>Optimierter Beschichtungsprozess:<\/strong> Das System wurde speziell f\u00fcr die Eigenschaften von Glassubstraten optimiert und konzentriert sich auf die Gleichm\u00e4\u00dfigkeit des Plasmas, die Filmhaftung und die Spannungskontrolle, um einheitliche und stabile Filmschichten auf gro\u00dffl\u00e4chigen Glasoberfl\u00e4chen zu gew\u00e4hrleisten, das Risiko von Abbl\u00e4ttern, Nadell\u00f6chern und Farbunterschieden zu verringern und die langfristigen Nutzungsanforderungen von Architektur- und Industrieglas zu erf\u00fcllen.<\/p>\n\n\n\n<p><strong>Gro\u00dfformatige Glasverarbeitungskapazit\u00e4t: <\/strong>Die Anlage unterst\u00fctzt die gro\u00dffl\u00e4chige Glasbeschichtung und die kontinuierliche Chargenproduktion. Die Gr\u00f6\u00dfe der Kavit\u00e4ten, das Ziellayout und die Transportmethoden sind individuell anpassbar und erm\u00f6glichen einen hohen Durchsatz bei gleichbleibender Filmqualit\u00e4t, was sie f\u00fcr mittlere bis gro\u00dfe industrielle Produktionsszenarien geeignet macht.<\/p>\n\n\n\n<p><strong>Hochstabiles Vakuumsystem:<\/strong> Ausgestattet mit einem ausgereiften und zuverl\u00e4ssigen Vakuumsystem und einer automatisierten Steuerungsplattform erm\u00f6glicht sie die pr\u00e4zise Einstellung und wiederholbare Ausf\u00fchrung von Prozessparametern und gew\u00e4hrleistet eine gleichbleibende Folienleistung \u00fcber verschiedene Chargen und Betriebsbedingungen hinweg. Dies bietet eine zuverl\u00e4ssige Garantie f\u00fcr die gro\u00dftechnische Produktion von Funktionsglasfolien.<\/p>\n\n\n\n<p><strong>Plattform f\u00fcr Multimaterial-Kompatibilit\u00e4t<\/strong>: Unterst\u00fctzt die Abscheidung von hochreinen Metallen, Legierungen, Oxiden, Nitriden und anderen dielektrischen Materialien und erm\u00f6glicht die Integration mehrerer Funktionen wie Leitf\u00e4higkeit, W\u00e4rmed\u00e4mmung, Dekoration und Verschlei\u00dffestigkeit, wodurch Glasprodukte einen h\u00f6heren Mehrwert erhalten.<\/p>\n\n\n\n<p><strong>Direktlieferung vom Hersteller: <\/strong>CGVAC, ein f\u00fchrender Hersteller von PVD-Beschichtungsanlagen in China, bietet ma\u00dfgeschneiderte L\u00f6sungen auf der Grundlage der Glasgr\u00f6\u00dfe, der Produktionskapazit\u00e4tsplanung und der Anforderungen an das Foliensystem, die den Kunden helfen, die Investitionskosten effektiv zu kontrollieren und gleichzeitig die Leistung und Zuverl\u00e4ssigkeit der Anlagen sicherzustellen.<\/p>\n<\/div>\n<\/div>","protected":false},"excerpt":{"rendered":"<p>Die funktionelle PVD-Beschichtungsanlage CGVAC f\u00fcr Glas liefert Beschichtungen aus mehreren Materialien mit hoher Gleichm\u00e4\u00dfigkeit f\u00fcr architektonisches, industrielles und dekoratives Glas und gew\u00e4hrleistet eine Schichtdickenkontrolle im Subnanometerbereich, dichte, verlustarme Beschichtungen und stabile Reproduzierbarkeit von Charge zu Charge. Wir liefern direkt ab Werk, kontaktieren Sie uns f\u00fcr kundenspezifische Vakuumbeschichtungsl\u00f6sungen.<\/p>\n<h2>Technische Parameter:<\/h2>\n<table style=\"border-collapse: collapse; width: 729.77pt;\" border=\"0\" width=\"973\" cellspacing=\"0\" cellpadding=\"0\">\n<tbody>\n<tr style=\"height: 16.50pt;\">\n<td class=\"et4\" style=\"height: 16.50pt; width: 152.20pt;\" width=\"202\" height=\"22\"><strong>Ziel-Materialien<\/strong><\/td>\n<td class=\"et5\" style=\"width: 578.25pt;\" width=\"771\">Titan (Ti), Chrom (Cr), DLC \/ Kohlenstoff-Targets, TiAl \/ TiSiN, Chromnitrid \/ Titannitrid-Systeme<\/td>\n<\/tr>\n<tr style=\"height: 16.50pt;\">\n<td class=\"et4\" style=\"height: 16.50pt;\" height=\"22\"><strong>Industriegase<\/strong><\/td>\n<td class=\"et5\"><span class=\"font1\">Argon (Ar), Stickstoff (N<\/span><span class=\"font3\">\u2082<\/span><span class=\"font1\">), Sauerstoff (O<\/span><span class=\"font3\">\u2082<\/span><span class=\"font1\">), C<\/span><span class=\"font3\">\u2082<\/span><span class=\"font1\">H<\/span><span class=\"font3\">\u2082<\/span><span class=\"font1\">\/CH<\/span><span class=\"font3\">\u2084<\/span><span class=\"font1\">, Spezielle Gasgemische<\/span><\/td>\n<\/tr>\n<tr style=\"height: 16.50pt;\">\n<td class=\"et4\" style=\"height: 16.50pt;\" height=\"22\"><strong>Beschichtungstechnologie<\/strong><\/td>\n<td class=\"et5\">Magnetronsputtern, Ionenbogen, E-Beam-Verdampfung, CVD<\/td>\n<\/tr>\n<tr style=\"height: 16.50pt;\">\n<td class=\"et4\" style=\"height: 16.50pt;\" height=\"22\"><strong>Beschichtungssysteme<\/strong><\/td>\n<td class=\"et5\">\n<p><span class=\"font1\">DLC, TCO, Anti-Fingerabdruck-Folien<br \/>ITO-, SiO\u2082- und TiO\u2082-Optikfolien<br \/>Korrosionsbest\u00e4ndige, verschlei\u00dffeste, entspiegelte Beschichtungen<\/span><\/p>\n<\/td>\n<\/tr>\n<tr style=\"height: 16.50pt;\">\n<td class=\"et4\" style=\"height: 16.50pt;\" height=\"22\"><strong>Kernkomponenten<\/strong><\/td>\n<td class=\"et6\">Bogenziel, Steuersystem, Pumpe<\/td>\n<\/tr>\n<tr style=\"height: 16.50pt;\">\n<td class=\"et4\" style=\"height: 16.50pt;\" height=\"22\"><strong>Anmeldung<\/strong><\/td>\n<td class=\"et5\">Elektronik und Optik, Edelstahl, Glas, Kunststoffe, Keramik<\/td>\n<\/tr>\n<tr style=\"height: 16.50pt;\">\n<td class=\"et4\" style=\"height: 16.50pt;\" height=\"22\"><strong>Personalisierung<\/strong><\/td>\n<td class=\"et6\">Ma\u00dfgeschneiderte Gr\u00f6\u00dfe, Zielmaterial, Farbe, Vorrichtungsdesign und Prozessplan<\/td>\n<\/tr>\n<tr style=\"height: 16.50pt;\">\n<td class=\"et4\" style=\"height: 16.50pt;\" height=\"22\"><strong>Dienst<\/strong><\/td>\n<td class=\"et6\">Mechanische\/Probenpr\u00fcfberichte, Video-Ausgangsinspektion und technische Anleitung.<\/td>\n<\/tr>\n<\/tbody>\n<\/table>\n<p>&nbsp;<\/p>\n<p>&nbsp;<\/p>","protected":false},"featured_media":1284,"comment_status":"closed","ping_status":"closed","template":"","meta":{"_acf_changed":true},"application":[25],"product_brand":[],"product_cat":[22],"product_tag":[],"class_list":{"0":"post-1267","1":"product","2":"type-product","3":"status-publish","4":"has-post-thumbnail","6":"application-glass-pvd-coating-machine","7":"product_cat-functional-pvd-coating-machine","9":"first","10":"instock","11":"shipping-taxable","12":"product-type-simple"},"acf":[],"_links":{"self":[{"href":"https:\/\/www.cgvacuum.com\/de\/wp-json\/wp\/v2\/product\/1267","targetHints":{"allow":["GET"]}}],"collection":[{"href":"https:\/\/www.cgvacuum.com\/de\/wp-json\/wp\/v2\/product"}],"about":[{"href":"https:\/\/www.cgvacuum.com\/de\/wp-json\/wp\/v2\/types\/product"}],"replies":[{"embeddable":true,"href":"https:\/\/www.cgvacuum.com\/de\/wp-json\/wp\/v2\/comments?post=1267"}],"wp:featuredmedia":[{"embeddable":true,"href":"https:\/\/www.cgvacuum.com\/de\/wp-json\/wp\/v2\/media\/1284"}],"wp:attachment":[{"href":"https:\/\/www.cgvacuum.com\/de\/wp-json\/wp\/v2\/media?parent=1267"}],"wp:term":[{"taxonomy":"application","embeddable":true,"href":"https:\/\/www.cgvacuum.com\/de\/wp-json\/wp\/v2\/application?post=1267"},{"taxonomy":"product_brand","embeddable":true,"href":"https:\/\/www.cgvacuum.com\/de\/wp-json\/wp\/v2\/product_brand?post=1267"},{"taxonomy":"product_cat","embeddable":true,"href":"https:\/\/www.cgvacuum.com\/de\/wp-json\/wp\/v2\/product_cat?post=1267"},{"taxonomy":"product_tag","embeddable":true,"href":"https:\/\/www.cgvacuum.com\/de\/wp-json\/wp\/v2\/product_tag?post=1267"}],"curies":[{"name":"wp","href":"https:\/\/api.w.org\/{rel}","templated":true}]}}