{"id":1256,"date":"2025-12-30T08:27:19","date_gmt":"2025-12-30T08:27:19","guid":{"rendered":"https:\/\/www.cgvacuum.com\/?post_type=product&#038;p=1256"},"modified":"2025-12-30T09:14:33","modified_gmt":"2025-12-30T09:14:33","slug":"magnetron-sputtering-vacuum-coating-machine-for-jewelry-beads","status":"publish","type":"product","link":"https:\/\/www.cgvacuum.com\/de\/produkt\/magnetron-sputtering-vacuum-coating-machine-for-jewelry-beads\/","title":{"rendered":"Magnetron-Sputter-Vakuumbeschichtungsmaschine f\u00fcr Schmuckperlen, PVD-Beschichtungsmaschinen"},"content":{"rendered":"<h3 class=\"wp-block-heading\">Spezifikationen der Magnetron-Sputtering-Vakuum-Beschichtungsmaschine f\u00fcr Schmuckperlen:<\/h3>\n\n\n\n<figure class=\"wp-block-table\"><table class=\"has-fixed-layout\"><tbody><tr><td><strong>Modellnummer<\/strong><\/td><td><strong>Abmessung DxH (mm)<\/strong><\/td><td><strong>Endvakuum (Pa)<\/strong><\/td><td><strong>Pumpzeit (Min)<\/strong><\/td><td><strong>Stromst\u00e4rke (kW)<\/strong><\/td><td><strong>Gesamtleistung (kW)<\/strong><\/td><\/tr><tr><td>CZ1214<\/td><td>1200 \u00d7 1400 mm<\/td><td>\u22648\u00d710-\u2074<\/td><td>\uff1c5<\/td><td>40<\/td><td>50<\/td><\/tr><tr><td>CZ1416<\/td><td>1400 \u00d7 1600 mm<\/td><td>\u22648\u00d710-\u2074<\/td><td>\uff1c5<\/td><td>60<\/td><td>60<\/td><\/tr><tr><td>CZ1618<\/td><td>1600 \u00d7 1800 mm<\/td><td>\u22648\u00d710-\u2074<\/td><td>\uff1c5<\/td><td>80<\/td><td>80<\/td><\/tr><tr><td>CZ1818<\/td><td>1800 \u00d7 1800 mm<\/td><td>\u22648\u00d710-\u2074<\/td><td>\uff1c5<\/td><td>160<\/td><td>110<\/td><\/tr><tr><td>CZ2018<\/td><td>2000 \u00d7 1800 mm<\/td><td>\u22648\u00d710-\u2074<\/td><td>\uff1c5<\/td><td>160<\/td><td>120<\/td><\/tr><\/tbody><\/table><\/figure>\n\n\n\n<p><strong>*Die Ger\u00e4tespezifikationen k\u00f6nnen entsprechend den Kundenanforderungen angepasst werden.<\/strong><\/p>\n\n\n\n<div class=\"wp-block-columns is-layout-flex wp-container-core-columns-is-layout-9d6595d7 wp-block-columns-is-layout-flex\">\n<div class=\"wp-block-column is-layout-flow wp-block-column-is-layout-flow\">\n<figure class=\"wp-block-image size-full\"><img decoding=\"async\" width=\"800\" height=\"800\" src=\"https:\/\/www.cgvacuum.com\/wp-content\/uploads\/2025\/12\/Magnetron-Sputtering-Vacuum-Coating-Machine-for-Jewelry-Beads.webp\" alt=\"Magnetron-Sputter-Vakuumbeschichtungsmaschine f\u00fcr Schmuckperlen\" class=\"wp-image-1252\" srcset=\"https:\/\/www.cgvacuum.com\/wp-content\/uploads\/2025\/12\/Magnetron-Sputtering-Vacuum-Coating-Machine-for-Jewelry-Beads.webp 800w, https:\/\/www.cgvacuum.com\/wp-content\/uploads\/2025\/12\/Magnetron-Sputtering-Vacuum-Coating-Machine-for-Jewelry-Beads-300x300.webp 300w, https:\/\/www.cgvacuum.com\/wp-content\/uploads\/2025\/12\/Magnetron-Sputtering-Vacuum-Coating-Machine-for-Jewelry-Beads-150x150.webp 150w, https:\/\/www.cgvacuum.com\/wp-content\/uploads\/2025\/12\/Magnetron-Sputtering-Vacuum-Coating-Machine-for-Jewelry-Beads-768x768.webp 768w, https:\/\/www.cgvacuum.com\/wp-content\/uploads\/2025\/12\/Magnetron-Sputtering-Vacuum-Coating-Machine-for-Jewelry-Beads-12x12.webp 12w, https:\/\/www.cgvacuum.com\/wp-content\/uploads\/2025\/12\/Magnetron-Sputtering-Vacuum-Coating-Machine-for-Jewelry-Beads-600x600.webp 600w, https:\/\/www.cgvacuum.com\/wp-content\/uploads\/2025\/12\/Magnetron-Sputtering-Vacuum-Coating-Machine-for-Jewelry-Beads-100x100.webp 100w\" sizes=\"(max-width: 800px) 100vw, 800px\" \/><\/figure>\n<\/div>\n\n\n\n<div class=\"wp-block-column is-layout-flow wp-block-column-is-layout-flow\">\n<h3 class=\"wp-block-heading\">Features of Magnetron Sputtering Vakuum-Beschichtungsanlage f\u00fcr Schmuck Perlen:<\/h3>\n\n\n\n<p><strong>Magnetron-Sputter-Technologie:<\/strong> Im Vergleich zur herk\u00f6mmlichen Galvanisierung oder Multi-Arc-PVD bietet das Magnetron-Sputtern eine h\u00f6here Schichtdichte, eine einheitlichere Farbe und eine st\u00e4rkere Haftung, was eine hochpr\u00e4zise Dekoration auf komplexen Formen und kleinen Perlen erm\u00f6glicht und die Qualit\u00e4t und Haptik von Schmuckst\u00fccken verbessert.<\/p>\n\n\n\n<p><strong>Multimaterial-Kompatibilit\u00e4t:<\/strong> Das System kann hohle Glaskugeln, massive Kunststoffkugeln, Metallkugeln usw. verarbeiten, und es k\u00f6nnen hochwertige PVD-Beschichtungen erzielt werden, ohne dass die Ausr\u00fcstung f\u00fcr jedes Material ge\u00e4ndert werden muss.<\/p>\n\n\n\n<p><strong>Reiche Farbeffekte<\/strong>: Erm\u00f6glicht eine Vielzahl von dekorativen Effekten, darunter Gold, Silber, Ros\u00e9gold, schwarzes Titan, Regenbogenfarben und Farbverl\u00e4ufe, sowie matte, gl\u00e4nzende oder metallische Oberfl\u00e4chen, um kreative Gestaltungsw\u00fcnsche zu erf\u00fcllen.<\/p>\n\n\n\n<p><strong>Feine Oberfl\u00e4chenbeschichtung<\/strong>: Das Magnetron-Sputtern sorgt f\u00fcr eine gleichm\u00e4\u00dfige 360\u00b0-Beschichtung der Perlenoberfl\u00e4che und erm\u00f6glicht so eine makellose metallische Dekoration selbst bei kleinen Perlen.<\/p>\n\n\n\n<p><strong>Niedertemperatur-Verfahren<\/strong>: Die Abscheidung bei niedrigen Temperaturen sorgt daf\u00fcr, dass sich hitzeempfindliche Kunststoffe oder Glasperlen nicht verformen oder verblassen und der Glanz und die strukturelle Integrit\u00e4t des Originalmaterials erhalten bleiben.<\/p>\n\n\n\n<p><strong>Kompatibel mit Kleinauftr\u00e4gen und Gro\u00dfserienauftr\u00e4gen<\/strong>: Unterst\u00fctzt verschiedene Halterungs- und Drehrahmen-Designs und erm\u00f6glicht eine hochgradig konsistente Beschichtung von der individuellen Anpassung bis zur Massenproduktion, geeignet f\u00fcr Markenperlenarbeiten und Gro\u00dfhandel.<\/p>\n\n\n\n<p><strong>Umweltfreundliche PVD-Technologie<\/strong>: Vollst\u00e4ndiges Vakuum-Beschichtungsverfahren, frei von Zyanid und Schwermetallabf\u00e4llen, entspricht den internationalen Umweltstandards (REACH, RoHS), sicher und umweltfreundlich.<\/p>\n\n\n\n<p><strong>Anpassbare Prozessl\u00f6sungen<\/strong>: CGVAC bietet ma\u00dfgeschneiderte Zielkonfigurationen, Hohlraumstrukturen und Automatisierungsschemata je nach Perlengr\u00f6\u00dfe, Menge und Designkriterien und schafft so ein Gleichgewicht zwischen hochwertigem, ma\u00dfgeschneidertem Schmuckdesign und Gro\u00dfserienfertigung.<\/p>\n<\/div>\n<\/div>","protected":false},"excerpt":{"rendered":"<p data-start=\"145\" data-end=\"355\">Die Magnetron-Sputter-Vakuum-Beschichtungsanlage f\u00fcr Schmuckperlen bietet pr\u00e4zise PVD-Beschichtungen mit hoher Haftung auf Glas-, Kunststoff- und Metallperlen. CGVAC PVD-Beschichtungsmaschine Hersteller direkte Lieferungen, bieten wir technische Unterst\u00fctzung, einschlie\u00dflich Online-Video-Installation, Remote-technische Anleitung. Willkommen zu erkunden benutzerdefinierte dekorative L\u00f6sungen mit CGVAC.<\/p>\n<h2>Technische Parameter:<\/h2>\n<table width=\"973\">\n<tbody>\n<tr>\n<td width=\"202\"><strong>Ziel-Materialien<\/strong><\/td>\n<td width=\"771\">Titan (Ti), Chrom (Cr), Zirkonium (Zr), rostfreier Stahl, ITO, FTO und andere<\/td>\n<\/tr>\n<tr>\n<td><strong>Industriegase<\/strong><\/td>\n<td>Argon (Ar), Stickstoff (N\u2082), Sauerstoff (O\u2082), H\u2082 (Wasserstoff)<\/td>\n<\/tr>\n<tr>\n<td><strong>Beschichtungstechnologie<\/strong><\/td>\n<td>Magnetronsputternde Vakuumbeschichtung<\/td>\n<\/tr>\n<tr>\n<td><strong>Farbe der Beschichtung<\/strong><\/td>\n<td>Gold, Ros\u00e9gold, Schwarz, Silber, Blau, Champagner, matte\/satinierte Farben und verschiedene Farben<\/td>\n<\/tr>\n<tr>\n<td><strong>Funktionale und optische Folien<\/strong><\/td>\n<td>ITO, SiO\u2082, TiO\u2082, Cr, Al, Ag, ITO\/Ag\/ITO, optische und elektronische Folien<\/td>\n<\/tr>\n<tr>\n<td><strong>Kernkomponenten<\/strong><\/td>\n<td>Bogenziel, Steuersystem, Pumpe<\/td>\n<\/tr>\n<tr>\n<td><strong>Anmeldung<\/strong><\/td>\n<td>Edelstahl, Elektronik und Optik, Glas, Automobilinnenausstattung und -komponenten<\/td>\n<\/tr>\n<tr>\n<td><strong>Personalisierung<\/strong><\/td>\n<td>Ma\u00dfgeschneiderte Gr\u00f6\u00dfe, Zielmaterial, Farbe, Vorrichtungsdesign und Prozessplan<\/td>\n<\/tr>\n<tr>\n<td><strong>Dienst<\/strong><\/td>\n<td>Mechanische\/Probenpr\u00fcfberichte, Video-Ausgangsinspektion und technische Anleitung<\/td>\n<\/tr>\n<\/tbody>\n<\/table>\n<p>&nbsp;<\/p>","protected":false},"featured_media":1252,"comment_status":"closed","ping_status":"closed","template":"","meta":{"_acf_changed":true},"application":[28],"product_brand":[],"product_cat":[20],"product_tag":[],"class_list":{"0":"post-1256","1":"product","2":"type-product","3":"status-publish","4":"has-post-thumbnail","6":"application-jewelry-beads-pvd-coating-machine","7":"product_cat-magnetron-sputtering-vacuum-coating-machine","9":"first","10":"instock","11":"shipping-taxable","12":"product-type-simple"},"acf":[],"_links":{"self":[{"href":"https:\/\/www.cgvacuum.com\/de\/wp-json\/wp\/v2\/product\/1256","targetHints":{"allow":["GET"]}}],"collection":[{"href":"https:\/\/www.cgvacuum.com\/de\/wp-json\/wp\/v2\/product"}],"about":[{"href":"https:\/\/www.cgvacuum.com\/de\/wp-json\/wp\/v2\/types\/product"}],"replies":[{"embeddable":true,"href":"https:\/\/www.cgvacuum.com\/de\/wp-json\/wp\/v2\/comments?post=1256"}],"wp:featuredmedia":[{"embeddable":true,"href":"https:\/\/www.cgvacuum.com\/de\/wp-json\/wp\/v2\/media\/1252"}],"wp:attachment":[{"href":"https:\/\/www.cgvacuum.com\/de\/wp-json\/wp\/v2\/media?parent=1256"}],"wp:term":[{"taxonomy":"application","embeddable":true,"href":"https:\/\/www.cgvacuum.com\/de\/wp-json\/wp\/v2\/application?post=1256"},{"taxonomy":"product_brand","embeddable":true,"href":"https:\/\/www.cgvacuum.com\/de\/wp-json\/wp\/v2\/product_brand?post=1256"},{"taxonomy":"product_cat","embeddable":true,"href":"https:\/\/www.cgvacuum.com\/de\/wp-json\/wp\/v2\/product_cat?post=1256"},{"taxonomy":"product_tag","embeddable":true,"href":"https:\/\/www.cgvacuum.com\/de\/wp-json\/wp\/v2\/product_tag?post=1256"}],"curies":[{"name":"wp","href":"https:\/\/api.w.org\/{rel}","templated":true}]}}