{"id":1255,"date":"2025-12-30T08:00:54","date_gmt":"2025-12-30T08:00:54","guid":{"rendered":"https:\/\/www.cgvacuum.com\/?post_type=product&#038;p=1255"},"modified":"2025-12-30T08:26:07","modified_gmt":"2025-12-30T08:26:07","slug":"magnetron-sputtering-vacuum-coating-machine-for-ceramic-tableware","status":"publish","type":"product","link":"https:\/\/www.cgvacuum.com\/de\/produkt\/magnetron-sputtering-vacuum-coating-machine-for-ceramic-tableware\/","title":{"rendered":"Magnetron-Sputter-Vakuumbeschichtungsmaschine f\u00fcr Keramikgeschirr, Keramik-PVD-Beschichtungsmaschine"},"content":{"rendered":"<h3 class=\"wp-block-heading\">Spezifikationen der Magnetron-Sputtering-Vakuum-Beschichtungsanlage f\u00fcr Keramikgeschirr:<\/h3>\n\n\n\n<figure class=\"wp-block-table\"><table class=\"has-fixed-layout\"><tbody><tr><td><strong>Modellnummer<\/strong><\/td><td><strong>Abmessung DxH (mm)<\/strong><\/td><td><strong>Endvakuum (Pa)<\/strong><\/td><td><strong>Pumpzeit (Min)<\/strong><\/td><td><strong>Stromst\u00e4rke (kW)<\/strong><\/td><td><strong>Gesamtleistung (kW)<\/strong><\/td><\/tr><tr><td>CZ1214<\/td><td>1200 \u00d7 1400 mm<\/td><td>\u22648\u00d710-\u2074<\/td><td>\uff1c5<\/td><td>40<\/td><td>50<\/td><\/tr><tr><td>CZ1416<\/td><td>1400 \u00d7 1600 mm<\/td><td>\u22648\u00d710-\u2074<\/td><td>\uff1c5<\/td><td>60<\/td><td>60<\/td><\/tr><tr><td>CZ1618<\/td><td>1600 \u00d7 1800 mm<\/td><td>\u22648\u00d710-\u2074<\/td><td>\uff1c5<\/td><td>80<\/td><td>80<\/td><\/tr><tr><td>CZ1818<\/td><td>1800 \u00d7 1800 mm<\/td><td>\u22648\u00d710-\u2074<\/td><td>\uff1c5<\/td><td>160<\/td><td>110<\/td><\/tr><tr><td>CZ2018<\/td><td>2000 \u00d7 1800 mm<\/td><td>\u22648\u00d710-\u2074<\/td><td>\uff1c5<\/td><td>160<\/td><td>120<\/td><\/tr><\/tbody><\/table><\/figure>\n\n\n\n<p><strong>*Die Ger\u00e4tespezifikationen k\u00f6nnen entsprechend den Kundenanforderungen angepasst werden.<\/strong><\/p>\n\n\n\n<div class=\"wp-block-columns is-layout-flex wp-container-core-columns-is-layout-9d6595d7 wp-block-columns-is-layout-flex\">\n<div class=\"wp-block-column is-layout-flow wp-block-column-is-layout-flow\">\n<figure class=\"wp-block-image size-full\"><img decoding=\"async\" width=\"800\" height=\"800\" src=\"https:\/\/www.cgvacuum.com\/wp-content\/uploads\/2025\/12\/Magnetron-Sputtering-Vacuum-Coating-Machine-for-Ceramic-Tableware.webp\" alt=\"Magnetron-Sputter-Vakuumbeschichtungsmaschine f\u00fcr Keramikgeschirr\" class=\"wp-image-1254\" srcset=\"https:\/\/www.cgvacuum.com\/wp-content\/uploads\/2025\/12\/Magnetron-Sputtering-Vacuum-Coating-Machine-for-Ceramic-Tableware.webp 800w, https:\/\/www.cgvacuum.com\/wp-content\/uploads\/2025\/12\/Magnetron-Sputtering-Vacuum-Coating-Machine-for-Ceramic-Tableware-300x300.webp 300w, https:\/\/www.cgvacuum.com\/wp-content\/uploads\/2025\/12\/Magnetron-Sputtering-Vacuum-Coating-Machine-for-Ceramic-Tableware-150x150.webp 150w, https:\/\/www.cgvacuum.com\/wp-content\/uploads\/2025\/12\/Magnetron-Sputtering-Vacuum-Coating-Machine-for-Ceramic-Tableware-768x768.webp 768w, https:\/\/www.cgvacuum.com\/wp-content\/uploads\/2025\/12\/Magnetron-Sputtering-Vacuum-Coating-Machine-for-Ceramic-Tableware-12x12.webp 12w, https:\/\/www.cgvacuum.com\/wp-content\/uploads\/2025\/12\/Magnetron-Sputtering-Vacuum-Coating-Machine-for-Ceramic-Tableware-600x600.webp 600w, https:\/\/www.cgvacuum.com\/wp-content\/uploads\/2025\/12\/Magnetron-Sputtering-Vacuum-Coating-Machine-for-Ceramic-Tableware-100x100.webp 100w\" sizes=\"(max-width: 800px) 100vw, 800px\" \/><\/figure>\n<\/div>\n\n\n\n<div class=\"wp-block-column is-layout-flow wp-block-column-is-layout-flow\">\n<h3 class=\"wp-block-heading\">Merkmale der Magnetron-Sputtering-Vakuum-Beschichtungsanlage f\u00fcr Keramikgeschirr:<\/h3>\n\n\n\n<p><strong>Hochadh\u00e4sive PVD-Beschichtung: <\/strong>CGVAC-Magnetron-Sputter-Vakuum-Beschichtungsanlagen optimieren den Prozess f\u00fcr keramische Substrate und erzielen eine starke Haftung zwischen dem Metallfilm und der glasierten Keramik. Die Beschichtung ist stabil und resistent gegen Abbl\u00e4ttern.<\/p>\n\n\n\n<p><strong>Gleichm\u00e4\u00dfiger und konsistenter Beschichtungseffekt:<\/strong> Durch den Einsatz einer Multi-Target-Magnetron-Sputterstruktur und einer pr\u00e4zisen Plasmasteuerungstechnologie wird sichergestellt, dass die Beschichtungsdicke und -farbe auf der gesamten Keramikoberfl\u00e4che und an den Kanten gleichm\u00e4\u00dfig ist. Es k\u00f6nnen hochwertige PVD-Dekoreffekte wie schwarzes Titan, Gold, Ros\u00e9gold und Rotgussgrau erzielt werden, die den Produktmehrwert und die Markenbekanntheit erheblich steigern.<\/p>\n\n\n\n<p><strong>Niedertemperatur-Beschichtungsverfahren:<\/strong> Das Ger\u00e4t unterst\u00fctzt Abscheidungsprozesse bei niedrigen Temperaturen, wodurch eine Besch\u00e4digung der keramischen Glasur, der Abziehbilder und der Dekorschichten durch hohe Temperaturen wirksam vermieden wird. Es eignet sich besonders f\u00fcr die Oberfl\u00e4chenbehandlung von feinem Keramikgeschirr, dekorativer Keramik und hochwertigen kundenspezifischen Produkten.<\/p>\n\n\n\n<p><strong>Hochgradig automatisiertes Kontrollsystem:<\/strong> Ein integriertes intelligentes SPS- und Touchscreen-Steuerungssystem erm\u00f6glicht die Visualisierung von Beschichtungsparametern und das Management der Prozesswiederholbarkeit, wodurch menschliche Eingriffe reduziert, die Beschichtungskonstanz und -ausbeute verbessert und die langfristigen Produktionskosten gesenkt werden.<\/p>\n\n\n\n<p><strong>Geeignet f\u00fcr verschiedene keramische Produkte: <\/strong>Die CGVAC-Anlage eignet sich f\u00fcr Keramikgeschirr (Teller, Schalen, Tassen, Randst\u00fccke usw.) in verschiedenen Gr\u00f6\u00dfen und Formen. Mit ma\u00dfgeschneiderten Vorrichtungen und rotierenden Gestellen erm\u00f6glicht sie eine kontinuierliche Chargenbeschichtung, die sich f\u00fcr die Gro\u00dfproduktion und Auftragsabwicklung eignet.<\/p>\n\n\n\n<p><strong>Anpassbare Ger\u00e4tekonfiguration:<\/strong> CGVAC kann kundenspezifische Entw\u00fcrfe f\u00fcr die Zielkonfiguration, die Kavit\u00e4tengr\u00f6\u00dfe, den Automatisierungsgrad und die Prozessl\u00f6sungen auf der Grundlage der Art des keramischen Produkts, der Anforderungen an die Produktionskapazit\u00e4t und den Beschichtungseffekt anbieten und so die unterschiedlichen Anforderungen von Gebrauchskeramik, Sanit\u00e4rkeramik und hochwertiger Zierkeramik erf\u00fcllen.<\/p>\n\n\n\n<p><strong>Umweltfreundliche keramische Metallisierungsl\u00f6sung:<\/strong> Das Magnetron-Sputter-PVD-Verfahren ist frei von Zyanid und Schwermetallabf\u00e4llen und entspricht damit den internationalen Umweltvorschriften wie REACH und RoHS. Dies hilft Keramikunternehmen, die Risiken f\u00fcr die Einhaltung von Umweltvorschriften zu verringern und die Anforderungen an eine umweltfreundliche Produktion auf den Exportm\u00e4rkten zu erf\u00fcllen.<\/p>\n<\/div>\n<\/div>","protected":false},"excerpt":{"rendered":"<p>Die Magnetron-Sputter-Vakuum-Beschichtungsanlage f\u00fcr Keramikgeschirr sorgt f\u00fcr eine gleichm\u00e4\u00dfige PVD-Metallisierung mit hoher Haftung auf Keramik. Ideal f\u00fcr dekorative Keramikbeschichtungen. Kontaktieren Sie uns f\u00fcr technische L\u00f6sungen.<\/p>\n<h2>Technische Parameter:<\/h2>\n<table width=\"973\">\n<tbody>\n<tr>\n<td width=\"202\"><strong>Ziel-Materialien<\/strong><\/td>\n<td width=\"771\">Titan (Ti), Chrom (Cr), Zirkonium (Zr), rostfreier Stahl, ITO, FTO und andere<\/td>\n<\/tr>\n<tr>\n<td><strong>Industriegase<\/strong><\/td>\n<td>Argon (Ar), Stickstoff (N\u2082), Sauerstoff (O\u2082), H\u2082 (Wasserstoff)<\/td>\n<\/tr>\n<tr>\n<td><strong>Beschichtungstechnologie<\/strong><\/td>\n<td>Magnetronsputternde Vakuumbeschichtung<\/td>\n<\/tr>\n<tr>\n<td><strong>Farbe der Beschichtung<\/strong><\/td>\n<td>Gold, Ros\u00e9gold, Schwarz, Silber, Blau, Champagner, matte\/satinierte Farben und verschiedene Farben<\/td>\n<\/tr>\n<tr>\n<td><strong>Funktionale und optische Folien<\/strong><\/td>\n<td>ITO, SiO\u2082, TiO\u2082, Cr, Al, Ag, ITO\/Ag\/ITO, optische und elektronische Folien<\/td>\n<\/tr>\n<tr>\n<td><strong>Kernkomponenten<\/strong><\/td>\n<td>Bogenziel, Steuersystem, Pumpe<\/td>\n<\/tr>\n<tr>\n<td><strong>Anmeldung<\/strong><\/td>\n<td>Edelstahl, Elektronik und Optik, Glas, Automobilinnenausstattung und -komponenten<\/td>\n<\/tr>\n<tr>\n<td><strong>Personalisierung<\/strong><\/td>\n<td>Ma\u00dfgeschneiderte Gr\u00f6\u00dfe, Zielmaterial, Farbe, Vorrichtungsdesign und Prozessplan<\/td>\n<\/tr>\n<tr>\n<td><strong>Dienst<\/strong><\/td>\n<td>Mechanische\/Probenpr\u00fcfberichte, Video-Ausgangsinspektion und technische Anleitung<\/td>\n<\/tr>\n<\/tbody>\n<\/table>\n<p>&nbsp;<\/p>","protected":false},"featured_media":1254,"comment_status":"closed","ping_status":"closed","template":"","meta":{"_acf_changed":true},"application":[27],"product_brand":[],"product_cat":[20],"product_tag":[],"class_list":{"0":"post-1255","1":"product","2":"type-product","3":"status-publish","4":"has-post-thumbnail","6":"application-daily-ceramics-pvd-coating-machine","7":"product_cat-magnetron-sputtering-vacuum-coating-machine","9":"first","10":"instock","11":"shipping-taxable","12":"product-type-simple"},"acf":[],"_links":{"self":[{"href":"https:\/\/www.cgvacuum.com\/de\/wp-json\/wp\/v2\/product\/1255","targetHints":{"allow":["GET"]}}],"collection":[{"href":"https:\/\/www.cgvacuum.com\/de\/wp-json\/wp\/v2\/product"}],"about":[{"href":"https:\/\/www.cgvacuum.com\/de\/wp-json\/wp\/v2\/types\/product"}],"replies":[{"embeddable":true,"href":"https:\/\/www.cgvacuum.com\/de\/wp-json\/wp\/v2\/comments?post=1255"}],"wp:featuredmedia":[{"embeddable":true,"href":"https:\/\/www.cgvacuum.com\/de\/wp-json\/wp\/v2\/media\/1254"}],"wp:attachment":[{"href":"https:\/\/www.cgvacuum.com\/de\/wp-json\/wp\/v2\/media?parent=1255"}],"wp:term":[{"taxonomy":"application","embeddable":true,"href":"https:\/\/www.cgvacuum.com\/de\/wp-json\/wp\/v2\/application?post=1255"},{"taxonomy":"product_brand","embeddable":true,"href":"https:\/\/www.cgvacuum.com\/de\/wp-json\/wp\/v2\/product_brand?post=1255"},{"taxonomy":"product_cat","embeddable":true,"href":"https:\/\/www.cgvacuum.com\/de\/wp-json\/wp\/v2\/product_cat?post=1255"},{"taxonomy":"product_tag","embeddable":true,"href":"https:\/\/www.cgvacuum.com\/de\/wp-json\/wp\/v2\/product_tag?post=1255"}],"curies":[{"name":"wp","href":"https:\/\/api.w.org\/{rel}","templated":true}]}}