{"id":1251,"date":"2025-12-29T09:35:24","date_gmt":"2025-12-29T09:35:24","guid":{"rendered":"https:\/\/www.cgvacuum.com\/?post_type=product&#038;p=1251"},"modified":"2025-12-29T09:58:32","modified_gmt":"2025-12-29T09:58:32","slug":"magnetron-sputtering-vacuum-coating-machine-for-plastic","status":"publish","type":"product","link":"https:\/\/www.cgvacuum.com\/de\/produkt\/magnetron-sputtering-vacuum-coating-machine-for-plastic\/","title":{"rendered":"Magnetron-Sputter-Vakuumbeschichtungsmaschine f\u00fcr Kunststoff, PVD-Beschichtungsmaschine China"},"content":{"rendered":"<h3 class=\"wp-block-heading\">Spezifikationen der Magnetron-Sputtering-Vakuum-Beschichtungsanlage f\u00fcr Kunststoff:<\/h3>\n\n\n\n<figure class=\"wp-block-table\"><table class=\"has-fixed-layout\"><tbody><tr><td><strong>Modellnummer<\/strong><\/td><td><strong>Abmessung DxH (mm)<\/strong><\/td><td><strong>Endvakuum (Pa)<\/strong><\/td><td><strong>Pumpzeit (Min)<\/strong><\/td><td><strong>Stromst\u00e4rke (kW)<\/strong><\/td><td><strong>Gesamtleistung (kW)<\/strong><\/td><\/tr><tr><td>CZ1214<\/td><td>1200 \u00d7 1400 mm<\/td><td>\u22648\u00d710-\u2074<\/td><td>\uff1c5<\/td><td>40<\/td><td>50<\/td><\/tr><tr><td>CZ1416<\/td><td>1400 \u00d7 1600 mm<\/td><td>\u22648\u00d710-\u2074<\/td><td>\uff1c5<\/td><td>60<\/td><td>60<\/td><\/tr><tr><td>CZ1618<\/td><td>1600 \u00d7 1800 mm<\/td><td>\u22648\u00d710-\u2074<\/td><td>\uff1c5<\/td><td>80<\/td><td>80<\/td><\/tr><tr><td>CZ1818<\/td><td>1800 \u00d7 1800 mm<\/td><td>\u22648\u00d710-\u2074<\/td><td>\uff1c5<\/td><td>160<\/td><td>110<\/td><\/tr><tr><td>CZ2018<\/td><td>2000 \u00d7 1800 mm<\/td><td>\u22648\u00d710-\u2074<\/td><td>\uff1c5<\/td><td>160<\/td><td>120<\/td><\/tr><\/tbody><\/table><\/figure>\n\n\n\n<p><strong>*Die Ger\u00e4tespezifikationen k\u00f6nnen entsprechend den Kundenanforderungen angepasst werden.<\/strong><\/p>\n\n\n\n<div class=\"wp-block-columns is-layout-flex wp-container-core-columns-is-layout-9d6595d7 wp-block-columns-is-layout-flex\">\n<div class=\"wp-block-column is-layout-flow wp-block-column-is-layout-flow\">\n<figure class=\"wp-block-image size-full\"><img decoding=\"async\" width=\"800\" height=\"800\" src=\"https:\/\/www.cgvacuum.com\/wp-content\/uploads\/2025\/12\/Magnetron-Sputtering-Vacuum-Coating-Machine-for-Plastic.webp\" alt=\"Magnetron-Sputter-Vakuumbeschichtungsmaschine f\u00fcr Kunststoff\" class=\"wp-image-1253\" srcset=\"https:\/\/www.cgvacuum.com\/wp-content\/uploads\/2025\/12\/Magnetron-Sputtering-Vacuum-Coating-Machine-for-Plastic.webp 800w, https:\/\/www.cgvacuum.com\/wp-content\/uploads\/2025\/12\/Magnetron-Sputtering-Vacuum-Coating-Machine-for-Plastic-300x300.webp 300w, https:\/\/www.cgvacuum.com\/wp-content\/uploads\/2025\/12\/Magnetron-Sputtering-Vacuum-Coating-Machine-for-Plastic-150x150.webp 150w, https:\/\/www.cgvacuum.com\/wp-content\/uploads\/2025\/12\/Magnetron-Sputtering-Vacuum-Coating-Machine-for-Plastic-768x768.webp 768w, https:\/\/www.cgvacuum.com\/wp-content\/uploads\/2025\/12\/Magnetron-Sputtering-Vacuum-Coating-Machine-for-Plastic-12x12.webp 12w, https:\/\/www.cgvacuum.com\/wp-content\/uploads\/2025\/12\/Magnetron-Sputtering-Vacuum-Coating-Machine-for-Plastic-600x600.webp 600w, https:\/\/www.cgvacuum.com\/wp-content\/uploads\/2025\/12\/Magnetron-Sputtering-Vacuum-Coating-Machine-for-Plastic-100x100.webp 100w\" sizes=\"(max-width: 800px) 100vw, 800px\" \/><\/figure>\n<\/div>\n\n\n\n<div class=\"wp-block-column is-layout-flow wp-block-column-is-layout-flow\">\n<h3 class=\"wp-block-heading\">Merkmale der Magnetron-Sputtering-Vakuum-Beschichtungsanlage f\u00fcr Kunststoff:<\/h3>\n\n\n\n<p><strong>Fortschrittliche Magnetron-Sputter-Technologie:<\/strong> Durch die Nutzung des Prinzips der Magnetronzerst\u00e4ubung wird ein effizientes Plasma erzeugt, das die Ausnutzung des Targets verbessert und eine ausgezeichnete Gleichm\u00e4\u00dfigkeit des Films gew\u00e4hrleistet, was zu einer hoch haftenden, stabilen und verschlei\u00dffesten PVD-Beschichtung auf Kunststoffoberfl\u00e4chen f\u00fchrt.<\/p>\n\n\n\n<p><strong>Spezialisierter Kunststoffbeschichtungsdienst:<\/strong> Die dekorativen und funktionellen Folien k\u00f6nnen auf ABS, PC, PS, PMMA und anderen Kunststoffen aufgebracht werden, um metallische Strukturen, galvanische Effekte, optische Reflexion, Kratzschutz und Anti-Fingerprint zu erzielen.<\/p>\n\n\n\n<p><strong>Pr\u00e4zise Prozesskontrolle:<\/strong> Das automatische Steuersystem passt das Vakuumniveau, die Sputterleistung und die Gasdurchflussrate an und optimiert die Beschichtungsparameter f\u00fcr verschiedene Kunststoffmaterialien, um eine gleichbleibende Qualit\u00e4t in der Massenproduktion zu gew\u00e4hrleisten.<\/p>\n\n\n\n<p><strong>Hocheffiziente und stabile Produktion:<\/strong> Hohe kontinuierliche Produktionskapazit\u00e4t, geeignet f\u00fcr die Verarbeitung von Kunststoffprodukten in gro\u00dfem Ma\u00dfstab, Verringerung von Ausfallzeiten und Wartungskosten und Verbesserung der Effizienz der Produktionslinie.<\/p>\n\n\n\n<p><strong>Multi-industrielle Kunststoffanwendungen<\/strong>: Weit verbreitet in Elektronikgeh\u00e4usen, Autoinnenteilen, Haushaltszubeh\u00f6r aus Kunststoff, optischen Kunststoffkomponenten und anderen Bereichen, wo eine hochwertige Oberfl\u00e4chenbehandlung erzielt wird.<\/p>\n\n\n\n<p><strong>Unterst\u00fctzung bei der Anpassung<\/strong>: CGVAC bietet eine komplette Maschinenanpassung und technische Unterst\u00fctzung, um sicherzustellen, dass die Kunststoffbeschichtungsprozesse den individuellen Bed\u00fcrfnissen der Kunden entsprechen und die Anlagen stabil und zuverl\u00e4ssig sind.<\/p>\n\n\n\n<p><strong>Umweltfreundlich und sicher:<\/strong> Das Vakuum-Sputterverfahren ist umweltfreundlich, erzeugt keine fl\u00fcssigen Abf\u00e4lle und entspricht den Anforderungen an eine sichere Produktion von Kunststoffprodukten.<\/p>\n<\/div>\n<\/div>","protected":false},"excerpt":{"rendered":"<p>Die CGVAC Magnetron-Sputter-Vakuum-Beschichtungsanlage f\u00fcr Kunststoffe liefert hochwertige PVD-Beschichtungen auf Kunststoffen wie ABS, PC und PMMA und bietet gleichm\u00e4\u00dfige Haftung, metallische Oberfl\u00e4chen, Haltbarkeit und individuelle Anpassung f\u00fcr Elektronik-, Automobil- und Dekorationsanwendungen. Bitte kontaktieren Sie uns, um weitere Informationen zu erhalten!<\/p>\n<h2>Technische Parameter:<\/h2>\n<table width=\"973\">\n<tbody>\n<tr>\n<td width=\"202\"><strong>Ziel-Materialien<\/strong><\/td>\n<td width=\"771\">Titan (Ti), Chrom (Cr), Zirkonium (Zr), rostfreier Stahl, ITO, FTO und andere<\/td>\n<\/tr>\n<tr>\n<td><strong>Industriegase<\/strong><\/td>\n<td>Argon (Ar), Stickstoff (N\u2082), Sauerstoff (O\u2082), H\u2082 (Wasserstoff)<\/td>\n<\/tr>\n<tr>\n<td><strong>Beschichtungstechnologie<\/strong><\/td>\n<td>Magnetronsputternde Vakuumbeschichtung<\/td>\n<\/tr>\n<tr>\n<td><strong>Farbe der Beschichtung<\/strong><\/td>\n<td>Gold, Ros\u00e9gold, Schwarz, Silber, Blau, Champagner, matte\/satinierte Farben und verschiedene Farben<\/td>\n<\/tr>\n<tr>\n<td><strong>Funktionale und optische Folien<\/strong><\/td>\n<td>ITO, SiO\u2082, TiO\u2082, Cr, Al, Ag, ITO\/Ag\/ITO, optische und elektronische Folien<\/td>\n<\/tr>\n<tr>\n<td><strong>Kernkomponenten<\/strong><\/td>\n<td>Bogenziel, Steuersystem, Pumpe<\/td>\n<\/tr>\n<tr>\n<td><strong>Anmeldung<\/strong><\/td>\n<td>Edelstahl, Elektronik und Optik, Glas, Automobilinnenausstattung und -komponenten<\/td>\n<\/tr>\n<tr>\n<td><strong>Personalisierung<\/strong><\/td>\n<td>Ma\u00dfgeschneiderte Gr\u00f6\u00dfe, Zielmaterial, Farbe, Vorrichtungsdesign und Prozessplan<\/td>\n<\/tr>\n<tr>\n<td><strong>Dienst<\/strong><\/td>\n<td>Mechanische\/Probenpr\u00fcfberichte, Video-Ausgangsinspektion und technische Anleitung<\/td>\n<\/tr>\n<\/tbody>\n<\/table>\n<p>&nbsp;<\/p>","protected":false},"featured_media":1253,"comment_status":"closed","ping_status":"closed","template":"","meta":{"_acf_changed":true},"application":[24],"product_brand":[],"product_cat":[20],"product_tag":[],"class_list":{"0":"post-1251","1":"product","2":"type-product","3":"status-publish","4":"has-post-thumbnail","6":"application-plastic-pvd-coating-machine","7":"product_cat-magnetron-sputtering-vacuum-coating-machine","9":"first","10":"instock","11":"shipping-taxable","12":"product-type-simple"},"acf":[],"_links":{"self":[{"href":"https:\/\/www.cgvacuum.com\/de\/wp-json\/wp\/v2\/product\/1251","targetHints":{"allow":["GET"]}}],"collection":[{"href":"https:\/\/www.cgvacuum.com\/de\/wp-json\/wp\/v2\/product"}],"about":[{"href":"https:\/\/www.cgvacuum.com\/de\/wp-json\/wp\/v2\/types\/product"}],"replies":[{"embeddable":true,"href":"https:\/\/www.cgvacuum.com\/de\/wp-json\/wp\/v2\/comments?post=1251"}],"wp:featuredmedia":[{"embeddable":true,"href":"https:\/\/www.cgvacuum.com\/de\/wp-json\/wp\/v2\/media\/1253"}],"wp:attachment":[{"href":"https:\/\/www.cgvacuum.com\/de\/wp-json\/wp\/v2\/media?parent=1251"}],"wp:term":[{"taxonomy":"application","embeddable":true,"href":"https:\/\/www.cgvacuum.com\/de\/wp-json\/wp\/v2\/application?post=1251"},{"taxonomy":"product_brand","embeddable":true,"href":"https:\/\/www.cgvacuum.com\/de\/wp-json\/wp\/v2\/product_brand?post=1251"},{"taxonomy":"product_cat","embeddable":true,"href":"https:\/\/www.cgvacuum.com\/de\/wp-json\/wp\/v2\/product_cat?post=1251"},{"taxonomy":"product_tag","embeddable":true,"href":"https:\/\/www.cgvacuum.com\/de\/wp-json\/wp\/v2\/product_tag?post=1251"}],"curies":[{"name":"wp","href":"https:\/\/api.w.org\/{rel}","templated":true}]}}