{"id":1240,"date":"2025-12-19T06:19:47","date_gmt":"2025-12-19T06:19:47","guid":{"rendered":"https:\/\/www.cgvacuum.com\/?post_type=product&#038;p=1240"},"modified":"2025-12-19T06:39:44","modified_gmt":"2025-12-19T06:39:44","slug":"magnetron-sputtering-vacuum-coating-machine","status":"publish","type":"product","link":"https:\/\/www.cgvacuum.com\/de\/produkt\/magnetron-sputtering-vacuum-coating-machine\/","title":{"rendered":"Magnetron-Sputter-Vakuumbeschichtungsanlage, PVD-Beschichtungsanlage f\u00fcr Automobilinnenausstattung und -komponenten"},"content":{"rendered":"<h3 class=\"wp-block-heading\">Spezifikationen der Magnetron-Sputtering-Vakuum-Beschichtungsanlage:<\/h3>\n\n\n\n<figure class=\"wp-block-table\"><table class=\"has-fixed-layout\"><tbody><tr><td><strong>Modellnummer<\/strong><\/td><td><strong>Abmessung DxH (mm)<\/strong><\/td><td><strong>Endvakuum (Pa)<\/strong><\/td><td><strong>Pumpzeit (Min)<\/strong><\/td><td><strong>Stromst\u00e4rke (kW)<\/strong><\/td><td><strong>Gesamtleistung (kW)<\/strong><\/td><\/tr><tr><td>CZ1214<\/td><td>1200 \u00d7 1400 mm<\/td><td>\u22648\u00d710-\u2074<\/td><td>\uff1c5<\/td><td>40<\/td><td>50<\/td><\/tr><tr><td>CZ1416<\/td><td>1400 \u00d7 1600 mm<\/td><td>\u22648\u00d710-\u2074<\/td><td>\uff1c5<\/td><td>60<\/td><td>60<\/td><\/tr><tr><td>CZ1618<\/td><td>1600 \u00d7 1800 mm<\/td><td>\u22648\u00d710-\u2074<\/td><td>\uff1c5<\/td><td>80<\/td><td>80<\/td><\/tr><tr><td>CZ1818<\/td><td>1800 \u00d7 1800 mm<\/td><td>\u22648\u00d710-\u2074<\/td><td>\uff1c5<\/td><td>160<\/td><td>110<\/td><\/tr><tr><td>CZ2018<\/td><td>2000 \u00d7 1800 mm<\/td><td>\u22648\u00d710-\u2074<\/td><td>\uff1c5<\/td><td>160<\/td><td>120<\/td><\/tr><\/tbody><\/table><\/figure>\n\n\n\n<p><strong>*Die Ger\u00e4tespezifikationen k\u00f6nnen entsprechend den Kundenanforderungen angepasst werden.<\/strong><\/p>\n\n\n\n<div class=\"wp-block-columns is-layout-flex wp-container-core-columns-is-layout-9d6595d7 wp-block-columns-is-layout-flex\">\n<div class=\"wp-block-column is-layout-flow wp-block-column-is-layout-flow\">\n<figure class=\"wp-block-image size-full\"><img decoding=\"async\" width=\"600\" height=\"600\" src=\"https:\/\/www.cgvacuum.com\/wp-content\/uploads\/2025\/12\/Magnetron-Sputtering-Vacuum-Coating-Machine-Automotive-Interior-Components-PVD-Coating-Machine.webp\" alt=\"Magnetron-Sputter-Vakuumbeschichtungsanlage PVD-Beschichtungsanlage f\u00fcr Automobilinnenausstattung und -komponenten\" class=\"wp-image-1237\" srcset=\"https:\/\/www.cgvacuum.com\/wp-content\/uploads\/2025\/12\/Magnetron-Sputtering-Vacuum-Coating-Machine-Automotive-Interior-Components-PVD-Coating-Machine.webp 600w, https:\/\/www.cgvacuum.com\/wp-content\/uploads\/2025\/12\/Magnetron-Sputtering-Vacuum-Coating-Machine-Automotive-Interior-Components-PVD-Coating-Machine-300x300.webp 300w, https:\/\/www.cgvacuum.com\/wp-content\/uploads\/2025\/12\/Magnetron-Sputtering-Vacuum-Coating-Machine-Automotive-Interior-Components-PVD-Coating-Machine-150x150.webp 150w, https:\/\/www.cgvacuum.com\/wp-content\/uploads\/2025\/12\/Magnetron-Sputtering-Vacuum-Coating-Machine-Automotive-Interior-Components-PVD-Coating-Machine-12x12.webp 12w, https:\/\/www.cgvacuum.com\/wp-content\/uploads\/2025\/12\/Magnetron-Sputtering-Vacuum-Coating-Machine-Automotive-Interior-Components-PVD-Coating-Machine-100x100.webp 100w\" sizes=\"(max-width: 600px) 100vw, 600px\" \/><\/figure>\n<\/div>\n\n\n\n<div class=\"wp-block-column is-layout-flow wp-block-column-is-layout-flow\">\n<h3 class=\"wp-block-heading\">Merkmale der Magnetron-Sputtering-Vakuum-Beschichtungsanlage:<\/h3>\n\n\n\n<p><strong>Industrietaugliche Magnetron-Sputterquelle: <\/strong>Eine hochstabile Magnetfeldstruktur sorgt f\u00fcr eine kontinuierliche und gleichm\u00e4\u00dfige Plasmaleistung, die eine dichte und kontrollierbare D\u00fcnnschichtabscheidung erm\u00f6glicht, um die doppelten Anforderungen an \u00e4sthetische und funktionale Beschichtungen von Automobilteilen zu erf\u00fcllen.<\/p>\n\n\n\n<p><strong>Gro\u00dfe Vakuumkammerstruktur: <\/strong>Eine ger\u00e4umige Kammer und ein optimiertes Target-Layout passen sich den Gr\u00f6\u00dfen- und Chargenspannanforderungen von Kfz-Innenraum- und Strukturteilen an und verbessern die Effizienz der Beschichtung in einem Durchgang.<\/p>\n\n\n\n<p><strong>F\u00e4higkeit zur Niedertemperatur-Sputterabscheidung: <\/strong>Das Magnetron-Sputterverfahren weist eine geringe W\u00e4rmebelastung auf und eignet sich f\u00fcr Kunststoffe, Verbundwerkstoffe und Metallteile, so dass Verformungen oder Leistungseinbu\u00dfen durch w\u00e4rmebeeinflusste Zonen vermieden werden.<\/p>\n\n\n\n<p><strong>Kontrolle der Schichtdicke mit hoher Gleichm\u00e4\u00dfigkeit<\/strong>: Durch die koordinierte Steuerung der Zielkonfiguration, der Drehklemmung und der Beschichtungsparameter wird eine gleichm\u00e4\u00dfige Schichtdicke auf der Oberfl\u00e4che komplexer gekr\u00fcmmter Teile gew\u00e4hrleistet.<\/p>\n\n\n\n<p><strong>Automatisierte PLC-Steuerung: <\/strong>Ein integriertes automatisiertes Steuerungssystem unterst\u00fctzt die Speicherung und den Abruf von Prozessparametern und ist auf die Massenproduktion von Automobilteilen abgestimmt.<\/p>\n\n\n\n<p><strong>Langfristiger Service und technische Unterst\u00fctzung<\/strong>: Als professioneller Hersteller von Vakuumbeschichtungsanlagen bietet CGVAC eine umfassende Prozessunterst\u00fctzung von der Auswahl der Anlagen, der Konstruktion der Kavit\u00e4tenstruktur, der Prozesskonfiguration bis hin zur Installation, Inbetriebnahme und technischen Schulung, um sicherzustellen, dass die Magnetron-Sputteranlage optimal auf den Produktionsprozess des Kunden abgestimmt ist und \u00fcber einen langen Zeitraum stabil arbeiten kann.<\/p>\n<\/div>\n<\/div>","protected":false},"excerpt":{"rendered":"<p>Die Magnetron-Sputter-Vakuum-Beschichtungsanlage wurde f\u00fcr Anwendungen im Automobilinnenraum und bei Komponenten entwickelt und liefert gleichm\u00e4\u00dfige Beschichtungen bei niedrigen Temperaturen und hoher Prozessstabilit\u00e4t. CGVAC bietet langfristige Unterst\u00fctzung. Kontaktieren Sie uns f\u00fcr ma\u00dfgeschneiderte L\u00f6sungen.<\/p>\n<h2>Technische Parameter:<\/h2>\n<table width=\"973\">\n<tbody>\n<tr>\n<td width=\"202\"><strong>Ziel-Materialien<\/strong><\/td>\n<td width=\"771\">Titan (Ti), Chrom (Cr), Zirkonium (Zr), rostfreier Stahl, ITO, FTO und andere<\/td>\n<\/tr>\n<tr>\n<td><strong>Industriegase<\/strong><\/td>\n<td>Argon (Ar), Stickstoff (N\u2082), Sauerstoff (O\u2082), H\u2082 (Wasserstoff)<\/td>\n<\/tr>\n<tr>\n<td><strong>Beschichtungstechnologie<\/strong><\/td>\n<td>Magnetronsputternde Vakuumbeschichtung<\/td>\n<\/tr>\n<tr>\n<td><strong>Farbe der Beschichtung<\/strong><\/td>\n<td>Gold, Ros\u00e9gold, Schwarz, Silber, Blau, Champagner, matte\/satinierte Farben und verschiedene Farben<\/td>\n<\/tr>\n<tr>\n<td><strong>Funktionale und optische Folien<\/strong><\/td>\n<td>ITO, SiO\u2082, TiO\u2082, Cr, Al, Ag, ITO\/Ag\/ITO, optische und elektronische Folien<\/td>\n<\/tr>\n<tr>\n<td><strong>Kernkomponenten<\/strong><\/td>\n<td>Bogenziel, Steuersystem, Pumpe<\/td>\n<\/tr>\n<tr>\n<td><strong>Anmeldung<\/strong><\/td>\n<td>Edelstahl, Elektronik und Optik, Glas, Automobilinnenausstattung und -komponenten<\/td>\n<\/tr>\n<tr>\n<td><strong>Personalisierung<\/strong><\/td>\n<td>Ma\u00dfgeschneiderte Gr\u00f6\u00dfe, Zielmaterial, Farbe, Vorrichtungsdesign und Prozessplan<\/td>\n<\/tr>\n<tr>\n<td><strong>Dienst<\/strong><\/td>\n<td>Mechanische\/Probenpr\u00fcfberichte, Video-Ausgangsinspektion und technische Anleitung<\/td>\n<\/tr>\n<\/tbody>\n<\/table>\n<p>&nbsp;<\/p>","protected":false},"featured_media":1237,"comment_status":"closed","ping_status":"closed","template":"","meta":{"_acf_changed":true},"application":[24],"product_brand":[],"product_cat":[20],"product_tag":[],"class_list":{"0":"post-1240","1":"product","2":"type-product","3":"status-publish","4":"has-post-thumbnail","6":"application-plastic-pvd-coating-machine","7":"product_cat-magnetron-sputtering-vacuum-coating-machine","9":"first","10":"instock","11":"shipping-taxable","12":"product-type-simple"},"acf":[],"_links":{"self":[{"href":"https:\/\/www.cgvacuum.com\/de\/wp-json\/wp\/v2\/product\/1240","targetHints":{"allow":["GET"]}}],"collection":[{"href":"https:\/\/www.cgvacuum.com\/de\/wp-json\/wp\/v2\/product"}],"about":[{"href":"https:\/\/www.cgvacuum.com\/de\/wp-json\/wp\/v2\/types\/product"}],"replies":[{"embeddable":true,"href":"https:\/\/www.cgvacuum.com\/de\/wp-json\/wp\/v2\/comments?post=1240"}],"wp:featuredmedia":[{"embeddable":true,"href":"https:\/\/www.cgvacuum.com\/de\/wp-json\/wp\/v2\/media\/1237"}],"wp:attachment":[{"href":"https:\/\/www.cgvacuum.com\/de\/wp-json\/wp\/v2\/media?parent=1240"}],"wp:term":[{"taxonomy":"application","embeddable":true,"href":"https:\/\/www.cgvacuum.com\/de\/wp-json\/wp\/v2\/application?post=1240"},{"taxonomy":"product_brand","embeddable":true,"href":"https:\/\/www.cgvacuum.com\/de\/wp-json\/wp\/v2\/product_brand?post=1240"},{"taxonomy":"product_cat","embeddable":true,"href":"https:\/\/www.cgvacuum.com\/de\/wp-json\/wp\/v2\/product_cat?post=1240"},{"taxonomy":"product_tag","embeddable":true,"href":"https:\/\/www.cgvacuum.com\/de\/wp-json\/wp\/v2\/product_tag?post=1240"}],"curies":[{"name":"wp","href":"https:\/\/api.w.org\/{rel}","templated":true}]}}