{"id":1236,"date":"2025-12-19T03:25:41","date_gmt":"2025-12-19T03:25:41","guid":{"rendered":"https:\/\/www.cgvacuum.com\/?post_type=product&#038;p=1236"},"modified":"2025-12-19T04:01:05","modified_gmt":"2025-12-19T04:01:05","slug":"pvd-coating-machine-for-electronics","status":"publish","type":"product","link":"https:\/\/www.cgvacuum.com\/de\/produkt\/pvd-coating-machine-for-electronics\/","title":{"rendered":"PVD-Beschichtungsmaschine f\u00fcr Elektronik, Hersteller von Magnetron-Sputter-Vakuumbeschichtungsmaschinen"},"content":{"rendered":"<h3 class=\"wp-block-heading\">Spezifikationen der PVD-Beschichtungsanlage f\u00fcr Elektronik:<\/h3>\n\n\n\n<figure class=\"wp-block-table\"><table class=\"has-fixed-layout\"><tbody><tr><td><strong>Modellnummer<\/strong><\/td><td><strong>Abmessung DxH (mm)<\/strong><\/td><td><strong>Endvakuum (Pa)<\/strong><\/td><td><strong>Pumpzeit (Min)<\/strong><\/td><td><strong>Stromst\u00e4rke (kW)<\/strong><\/td><td><strong>Gesamtleistung (kW)<\/strong><\/td><\/tr><tr><td>CZ1214<\/td><td>1200 \u00d7 1400 mm<\/td><td>\u22648\u00d710-\u2074<\/td><td>\uff1c5<\/td><td>40<\/td><td>50<\/td><\/tr><tr><td>CZ1416<\/td><td>1400 \u00d7 1600 mm<\/td><td>\u22648\u00d710-\u2074<\/td><td>\uff1c5<\/td><td>60<\/td><td>60<\/td><\/tr><tr><td>CZ1618<\/td><td>1600 \u00d7 1800 mm<\/td><td>\u22648\u00d710-\u2074<\/td><td>\uff1c5<\/td><td>80<\/td><td>80<\/td><\/tr><tr><td>CZ1818<\/td><td>1800 \u00d7 1800 mm<\/td><td>\u22648\u00d710-\u2074<\/td><td>\uff1c5<\/td><td>160<\/td><td>110<\/td><\/tr><tr><td>CZ2018<\/td><td>2000 \u00d7 1800 mm<\/td><td>\u22648\u00d710-\u2074<\/td><td>\uff1c5<\/td><td>160<\/td><td>120<\/td><\/tr><\/tbody><\/table><\/figure>\n\n\n\n<p><strong>*Die Ger\u00e4tespezifikationen k\u00f6nnen entsprechend den Kundenanforderungen angepasst werden.<\/strong><\/p>\n\n\n\n<div class=\"wp-block-columns is-layout-flex wp-container-core-columns-is-layout-9d6595d7 wp-block-columns-is-layout-flex\">\n<div class=\"wp-block-column is-layout-flow wp-block-column-is-layout-flow\">\n<figure class=\"wp-block-image size-full\"><img decoding=\"async\" width=\"7008\" height=\"4672\" src=\"https:\/\/www.cgvacuum.com\/wp-content\/uploads\/2025\/12\/PVD-Coating-Machine-for-Electronics-Magnetron-Sputtering-Vacuum-Coating-Machine-Manufacturer.webp\" alt=\"PVD-Beschichtungsanlage f\u00fcr Elektronik Magnetron-Sputtering-Vakuum-Beschichtungsanlage Hersteller\" class=\"wp-image-1239\" srcset=\"https:\/\/www.cgvacuum.com\/wp-content\/uploads\/2025\/12\/PVD-Coating-Machine-for-Electronics-Magnetron-Sputtering-Vacuum-Coating-Machine-Manufacturer.webp 7008w, https:\/\/www.cgvacuum.com\/wp-content\/uploads\/2025\/12\/PVD-Coating-Machine-for-Electronics-Magnetron-Sputtering-Vacuum-Coating-Machine-Manufacturer-300x200.webp 300w, https:\/\/www.cgvacuum.com\/wp-content\/uploads\/2025\/12\/PVD-Coating-Machine-for-Electronics-Magnetron-Sputtering-Vacuum-Coating-Machine-Manufacturer-768x512.webp 768w, https:\/\/www.cgvacuum.com\/wp-content\/uploads\/2025\/12\/PVD-Coating-Machine-for-Electronics-Magnetron-Sputtering-Vacuum-Coating-Machine-Manufacturer-18x12.webp 18w, https:\/\/www.cgvacuum.com\/wp-content\/uploads\/2025\/12\/PVD-Coating-Machine-for-Electronics-Magnetron-Sputtering-Vacuum-Coating-Machine-Manufacturer-1200x800.webp 1200w, https:\/\/www.cgvacuum.com\/wp-content\/uploads\/2025\/12\/PVD-Coating-Machine-for-Electronics-Magnetron-Sputtering-Vacuum-Coating-Machine-Manufacturer-600x400.webp 600w\" sizes=\"(max-width: 7008px) 100vw, 7008px\" \/><\/figure>\n<\/div>\n\n\n\n<div class=\"wp-block-column is-layout-flow wp-block-column-is-layout-flow\">\n<h3 class=\"wp-block-heading\">Merkmale der PVD-Beschichtungsanlage f\u00fcr Elektronik:<\/h3>\n\n\n\n<p><strong>Hochstabile Magnetron-Sputtering-Quelle:<\/strong> Optimierte Magnetfeldverteilung und Targetstruktur erzeugen ein stabiles, hochdichtes Plasma, das eine schadensarme D\u00fcnnschichtabscheidung mit kontrollierbarer Rate erm\u00f6glicht, um die Anforderungen an die Schichtkonsistenz elektronischer Ger\u00e4te zu erf\u00fcllen.<\/p>\n\n\n\n<p><strong>Struktur der Vakuumkammer mit hohem Reinheitsgrad<\/strong>: Die innere Struktur der Kammer ist f\u00fcr die Sauberkeit elektronischer Beschichtungen optimiert, wodurch die Verunreinigung durch Partikel und Verunreinigungen wirksam reduziert und die Reinheit und Zuverl\u00e4ssigkeit der Schichten verbessert wird.<\/p>\n\n\n\n<p><strong>Pr\u00e4zise Steuerung der Zerst\u00e4ubungsleistung<\/strong>: Unabh\u00e4ngige Stromversorgung und Leistungsregulierung unterst\u00fctzen sowohl die Feinabscheidung mit geringem Stromverbrauch als auch die effiziente Abscheidung mit hohem Stromverbrauch, die sich an verschiedene Prozessfenster f\u00fcr elektronische Funktionsschichten anpassen l\u00e4sst.<\/p>\n\n\n\n<p><strong>Gleichm\u00e4\u00dfiger Beschichtungseffekt:<\/strong> Durch die koordinierte Steuerung des Target-Substrat-Abstands, des Rotationssystems und der Abscheidungsparameter werden eine gleichm\u00e4\u00dfige Schichtdicke und hochgradig wiederholbare Sputtereffekte auf der Oberfl\u00e4che elektronischer Bauteile erzielt.<\/p>\n\n\n\n<p><strong>Anpassung des kryogenen Sputtering-Verfahrens: <\/strong>Das Magnetronsputtern hat eine minimale W\u00e4rmeeinflusszone, die sich f\u00fcr temperaturempfindliche elektronische Substrate und Pr\u00e4zisionsbauteile eignet und das Risiko einer thermischen Belastung verringert.<\/p>\n\n\n\n<p><strong>Integriertes automatisches Kontrollsystem:<\/strong> Unterst\u00fctzt die Speicherung und den Abruf von Prozessparametern, um eine hochgradig konstante Beschichtungsleistung in der Massenproduktion zu gew\u00e4hrleisten.<\/p>\n\n\n\n<p><strong>Kompatibilit\u00e4t mit mehreren elektronischen Anwendungen<\/strong>: Passt sich den Beschichtungsanforderungen verschiedener elektronischer Anwendungsszenarien an, einschlie\u00dflich Funktionsverbesserung, Oberfl\u00e4chenschutz und Leistungsverbesserung, und bietet eine universelle Sputtering-Beschichtungsplattform f\u00fcr die Elektronikindustrie.<\/p>\n<\/div>\n<\/div>","protected":false},"excerpt":{"rendered":"<p>Die PVD-Beschichtungsanlage f\u00fcr Elektronik von CGVAC liefert pr\u00e4zise, gleichm\u00e4\u00dfige und wiederholbare d\u00fcnne Schichten f\u00fcr Sensoren, elektronische Komponenten und Pr\u00e4zisionsteile. Wir bieten anpassbare Konfigurationen, hohe Stabilit\u00e4t und umfassenden technischen Support. Kontaktieren Sie uns f\u00fcr ma\u00dfgeschneiderte PVD-L\u00f6sungen f\u00fcr verschiedene Branchen.<\/p>\n<h2>Technische Parameter:<\/h2>\n<table width=\"973\">\n<tbody>\n<tr>\n<td width=\"202\"><strong>Ziel-Materialien<\/strong><\/td>\n<td width=\"771\">Titan (Ti), Chrom (Cr), Zirkonium (Zr), rostfreier Stahl, ITO, FTO und andere<\/td>\n<\/tr>\n<tr>\n<td><strong>Industriegase<\/strong><\/td>\n<td>Argon (Ar), Stickstoff (N\u2082), Sauerstoff (O\u2082), H\u2082 (Wasserstoff)<\/td>\n<\/tr>\n<tr>\n<td><strong>Beschichtungstechnologie<\/strong><\/td>\n<td>Magnetronsputternde Vakuumbeschichtung<\/td>\n<\/tr>\n<tr>\n<td><strong>Farbe der Beschichtung<\/strong><\/td>\n<td>Gold, Ros\u00e9gold, Schwarz, Silber, Blau, Champagner, matte\/satinierte Farben und verschiedene Farben<\/td>\n<\/tr>\n<tr>\n<td><strong>Funktionale und optische Folien<\/strong><\/td>\n<td>ITO, SiO\u2082, TiO\u2082, Cr, Al, Ag, ITO\/Ag\/ITO, optische und elektronische Folien<\/td>\n<\/tr>\n<tr>\n<td><strong>Kernkomponenten<\/strong><\/td>\n<td>Bogenziel, Steuersystem, Pumpe<\/td>\n<\/tr>\n<tr>\n<td><strong>Anmeldung<\/strong><\/td>\n<td>Edelstahl, Elektronik und Optik, Glas, Automobilinnenausstattung und -komponenten<\/td>\n<\/tr>\n<tr>\n<td><strong>Personalisierung<\/strong><\/td>\n<td>Ma\u00dfgeschneiderte Gr\u00f6\u00dfe, Zielmaterial, Farbe, Vorrichtungsdesign und Prozessplan<\/td>\n<\/tr>\n<tr>\n<td><strong>Dienst<\/strong><\/td>\n<td>Mechanische\/Probenpr\u00fcfberichte, Video-Ausgangsinspektion und technische Anleitung<\/td>\n<\/tr>\n<\/tbody>\n<\/table>\n<p>&nbsp;<\/p>","protected":false},"featured_media":1238,"comment_status":"closed","ping_status":"closed","template":"","meta":{"_acf_changed":true},"application":[23],"product_brand":[],"product_cat":[20],"product_tag":[],"class_list":{"0":"post-1236","1":"product","2":"type-product","3":"status-publish","4":"has-post-thumbnail","6":"application-electronic-optical-vacuum-coating-machine","7":"product_cat-magnetron-sputtering-vacuum-coating-machine","9":"first","10":"instock","11":"shipping-taxable","12":"product-type-simple"},"acf":[],"_links":{"self":[{"href":"https:\/\/www.cgvacuum.com\/de\/wp-json\/wp\/v2\/product\/1236","targetHints":{"allow":["GET"]}}],"collection":[{"href":"https:\/\/www.cgvacuum.com\/de\/wp-json\/wp\/v2\/product"}],"about":[{"href":"https:\/\/www.cgvacuum.com\/de\/wp-json\/wp\/v2\/types\/product"}],"replies":[{"embeddable":true,"href":"https:\/\/www.cgvacuum.com\/de\/wp-json\/wp\/v2\/comments?post=1236"}],"wp:featuredmedia":[{"embeddable":true,"href":"https:\/\/www.cgvacuum.com\/de\/wp-json\/wp\/v2\/media\/1238"}],"wp:attachment":[{"href":"https:\/\/www.cgvacuum.com\/de\/wp-json\/wp\/v2\/media?parent=1236"}],"wp:term":[{"taxonomy":"application","embeddable":true,"href":"https:\/\/www.cgvacuum.com\/de\/wp-json\/wp\/v2\/application?post=1236"},{"taxonomy":"product_brand","embeddable":true,"href":"https:\/\/www.cgvacuum.com\/de\/wp-json\/wp\/v2\/product_brand?post=1236"},{"taxonomy":"product_cat","embeddable":true,"href":"https:\/\/www.cgvacuum.com\/de\/wp-json\/wp\/v2\/product_cat?post=1236"},{"taxonomy":"product_tag","embeddable":true,"href":"https:\/\/www.cgvacuum.com\/de\/wp-json\/wp\/v2\/product_tag?post=1236"}],"curies":[{"name":"wp","href":"https:\/\/api.w.org\/{rel}","templated":true}]}}