{"id":1232,"date":"2025-12-19T02:16:47","date_gmt":"2025-12-19T02:16:47","guid":{"rendered":"https:\/\/www.cgvacuum.com\/?post_type=product&#038;p=1232"},"modified":"2025-12-19T02:49:00","modified_gmt":"2025-12-19T02:49:00","slug":"multi-arc-ion-vacuum-coating-machine","status":"publish","type":"product","link":"https:\/\/www.cgvacuum.com\/de\/produkt\/multi-arc-ion-vacuum-coating-machine\/","title":{"rendered":"Multi-Arc-Ionen-Vakuumbeschichtungsmaschine, Hersteller von Glas-PVD-Beschichtungsmaschinen in China"},"content":{"rendered":"<h3 class=\"wp-block-heading\">Spezifikationen der Multi-Arc-Ionen-Vakuumbeschichtungsmaschine f\u00fcr Glas:<\/h3>\n\n\n\n<figure class=\"wp-block-table\"><table><tbody><tr><td><strong>Modellnummer<\/strong><\/td><td><strong>Abmessung DxH (mm)<\/strong><\/td><td><strong>Endvakuum (Pa)<\/strong><\/td><td><strong>Pumpzeit (Min)<\/strong>)<\/td><td><strong>Zielvorgaben (PCS)<\/strong><\/td><td><strong>Gesamtleistung (kW)<\/strong><\/td><\/tr><tr><td>DZ1214<\/td><td>1200 \u00d7 1400 mm<\/td><td>\u22648\u00d710-\u2074<\/td><td>\uff1c5<\/td><td>10<\/td><td>50<\/td><\/tr><tr><td>DZ1416<\/td><td>1400 \u00d7 1600 mm<\/td><td>\u22648\u00d710-\u2074<\/td><td>\uff1c5<\/td><td>14<\/td><td>60<\/td><\/tr><tr><td>DZ1618<\/td><td>1600 \u00d7 1800 mm<\/td><td>\u22648\u00d710-\u2074<\/td><td>\uff1c5<\/td><td>21<\/td><td>80<\/td><\/tr><tr><td>DZ1818<\/td><td>1800 \u00d7 1800 mm<\/td><td>\u22648\u00d710-\u2074<\/td><td>\uff1c5<\/td><td>28<\/td><td>110<\/td><\/tr><tr><td>DZ2118<\/td><td>2100 x 1800 mm<\/td><td>\u22648\u00d710-\u2074<\/td><td>\uff1c5<\/td><td>32<\/td><td>120<\/td><\/tr><\/tbody><\/table><\/figure>\n\n\n\n<p><strong>*Die Ger\u00e4tespezifikationen k\u00f6nnen entsprechend den Kundenanforderungen angepasst werden. Die H\u00f6he oder Tiefe kann zwischen 600 mm und 10000 mm variieren.<\/strong><\/p>\n\n\n\n<div class=\"wp-block-columns is-layout-flex wp-container-core-columns-is-layout-9d6595d7 wp-block-columns-is-layout-flex\">\n<div class=\"wp-block-column is-layout-flow wp-block-column-is-layout-flow\">\n<figure class=\"wp-block-image size-full\"><img decoding=\"async\" width=\"800\" height=\"800\" src=\"https:\/\/www.cgvacuum.com\/wp-content\/uploads\/2025\/12\/Multi-Arc-Ion-Vacuum-Coating-Machine-Glass-PVD-Coating-Machine.webp\" alt=\"Multi-Arc-Ionen-Vakuumbeschichtungsmaschine Glas-PVD-Beschichtungsmaschine\" class=\"wp-image-1233\" srcset=\"https:\/\/www.cgvacuum.com\/wp-content\/uploads\/2025\/12\/Multi-Arc-Ion-Vacuum-Coating-Machine-Glass-PVD-Coating-Machine.webp 800w, https:\/\/www.cgvacuum.com\/wp-content\/uploads\/2025\/12\/Multi-Arc-Ion-Vacuum-Coating-Machine-Glass-PVD-Coating-Machine-300x300.webp 300w, https:\/\/www.cgvacuum.com\/wp-content\/uploads\/2025\/12\/Multi-Arc-Ion-Vacuum-Coating-Machine-Glass-PVD-Coating-Machine-150x150.webp 150w, https:\/\/www.cgvacuum.com\/wp-content\/uploads\/2025\/12\/Multi-Arc-Ion-Vacuum-Coating-Machine-Glass-PVD-Coating-Machine-768x768.webp 768w, https:\/\/www.cgvacuum.com\/wp-content\/uploads\/2025\/12\/Multi-Arc-Ion-Vacuum-Coating-Machine-Glass-PVD-Coating-Machine-12x12.webp 12w, https:\/\/www.cgvacuum.com\/wp-content\/uploads\/2025\/12\/Multi-Arc-Ion-Vacuum-Coating-Machine-Glass-PVD-Coating-Machine-600x600.webp 600w, https:\/\/www.cgvacuum.com\/wp-content\/uploads\/2025\/12\/Multi-Arc-Ion-Vacuum-Coating-Machine-Glass-PVD-Coating-Machine-100x100.webp 100w\" sizes=\"(max-width: 800px) 100vw, 800px\" \/><\/figure>\n<\/div>\n\n\n\n<div class=\"wp-block-column is-layout-flow wp-block-column-is-layout-flow\">\n<h3 class=\"wp-block-heading\">Merkmale der Multi-Arc-Ionen-Vakuumbeschichtungsmaschine f\u00fcr Glas:<\/h3>\n\n\n\n<p><strong>Multi-Arc-Ionenquellen-Abscheidungssystem<\/strong>Ausgestattet mit einer hochstabilen Mehrbogen-Ionenquelle erzeugt es einen hochenergetischen Ionenstrahl und erzielt so eine hochhaftende, hochdichte Schichtabscheidung, die sich besonders f\u00fcr funktionale und dekorative Beschichtungsanforderungen auf Glasoberfl\u00e4chen eignet.<\/p>\n\n\n\n<p><strong>Starker Ionenbeschuss:<\/strong> Das Multi-Arc-Ionenplattierungsverfahren zeichnet sich durch eine starke Ionenbeschusswirkung aus, wodurch der Haftzustand der Glasoberfl\u00e4che effektiv verbessert und die Haftfestigkeit zwischen der Beschichtung und dem Substrat erh\u00f6ht wird.<\/p>\n\n\n\n<p><strong>Pr\u00e4zise Beschichtungssteuerung: <\/strong>Die optimierte Vakuumkammerstruktur und das optimierte Ionenverteilungsdesign gew\u00e4hrleisten eine gleichm\u00e4\u00dfige Schichtabscheidung an verschiedenen Stellen auf dem Glassubstrat, wodurch Unterschiede in Dicke und Farbe reduziert werden.<\/p>\n\n\n\n<p><strong>Unabh\u00e4ngige Anpassung mehrerer Prozessparameter: <\/strong>Unterst\u00fctzt die pr\u00e4zise Steuerung von Lichtbogenstrom, Vorspannung, Stromversorgung und Gasparametern, passt sich an verschiedene Glasarten und Beschichtungsanforderungen an und verbessert die Prozessstabilit\u00e4t und Wiederholbarkeit.<\/p>\n\n\n\n<p><strong>Mehrschicht- und Verbundfolienaufbau: <\/strong>Erm\u00f6glicht die Stapelabscheidung von Multi-Arc-Ionenplattierungsfilmen und erf\u00fcllt verschiedene Anforderungen an die Filmstruktur, wie Verschlei\u00dffestigkeit, Korrosionsbest\u00e4ndigkeit, dekorative F\u00e4rbung und Oberfl\u00e4chenverfestigung.<\/p>\n\n\n\n<p><strong>Automatisches Spann- und Drehsystem: <\/strong>Die mehrachsige Drehklemmstruktur sorgt f\u00fcr eine gleichm\u00e4\u00dfige Ionenverteilung auf dem Glas w\u00e4hrend des Beschichtungsprozesses und verbessert so die Konsistenz der Beschichtung von gro\u00dffl\u00e4chigen oder Serienglasprodukten.<\/p>\n\n\n\n<p><strong>Branchen\u00fcbergreifende Anwendungsl\u00f6sungen:<\/strong> Die Multi-Arc-Vakuumbeschichtungsanlagen von CGVAC werden f\u00fcr Architektur- und Dekorationsglas, M\u00f6bel- und Ger\u00e4tglas, Beleuchtungs- und Kunstglas, Funktionsglas usw. eingesetzt und bieten der Glasindustrie eine umfassende Multi-Arc-Ionen-PVD-L\u00f6sung, die dekorative und funktionale Aspekte in Einklang bringt.<\/p>\n<\/div>\n<\/div>","protected":false},"excerpt":{"rendered":"<p data-start=\"2608\" data-end=\"2931\">Die hochstabile Multi-Arc-Ionen-Vakuumbeschichtungsmaschine von CGVAC wurde f\u00fcr eine gleichbleibende Glasbeschichtungsleistung entwickelt und liefert hochhaftende, gleichm\u00e4\u00dfige Beschichtungen f\u00fcr Glasanwendungen. Fragen Sie jetzt nach der ma\u00dfgeschneiderten Konfiguration der Glas-PVD-Beschichtungsmaschine.<\/p>\n<h2>Technische Parameter:<\/h2>\n<table width=\"973\">\n<tbody>\n<tr>\n<td width=\"202\"><strong>Ziel-Materialien<\/strong><\/td>\n<td width=\"771\">Titan (Ti), Chrom (Cr), Zirkonium (Zr), TiAl, Ni, Cu, Al, Fe usw.<\/td>\n<\/tr>\n<tr>\n<td><strong>Industrielle Gase<\/strong><\/td>\n<td>Argon (Ar), Stickstoff (N\u2082), Acetylen (C\u2082H\u2082), Sauerstoff (O\u2082)<\/td>\n<\/tr>\n<tr>\n<td><strong>Beschichtungstechnologie<\/strong><\/td>\n<td>Multibogen-Ionen-Vakuum-Beschichtung<\/td>\n<\/tr>\n<tr>\n<td><strong>Farbe der Beschichtung<\/strong><\/td>\n<td>Titansilber, Gold, Ros\u00e9gold, Violett, Saphirblau, Perlmutt, Bernstein, Tiefgrau, Chromschwarz und Mehrfarbig<\/td>\n<\/tr>\n<tr>\n<td><strong>Funktionelle Beschichtungen<\/strong><\/td>\n<td>TiN, TiCN, CrN, ZrN, TiAlN, CrAlN, DLC und andere harte und verschlei\u00dffeste Beschichtungen.<\/td>\n<\/tr>\n<tr>\n<td><strong>Kernkomponenten<\/strong><\/td>\n<td>Bogenziel, Steuersystem, Pumpe<\/td>\n<\/tr>\n<tr>\n<td><strong>Anmeldung<\/strong><\/td>\n<td>Edelstahl, Metall, Sanit\u00e4rartikel, Keramikgeschirr, Schmuck, Glas, Fliesen<\/td>\n<\/tr>\n<tr>\n<td><strong>Personalisierung<\/strong><\/td>\n<td>Ma\u00dfgeschneiderte Gr\u00f6\u00dfe, Zielmaterial, Farbe, Vorrichtungsdesign und Prozessplan<\/td>\n<\/tr>\n<tr>\n<td><strong>Dienst<\/strong><\/td>\n<td>Mechanische\/Probenpr\u00fcfberichte, Video-Ausgangsinspektion und technische Anleitung.<\/td>\n<\/tr>\n<\/tbody>\n<\/table>\n<p>&nbsp;<\/p>","protected":false},"featured_media":1233,"comment_status":"closed","ping_status":"closed","template":"","meta":{"_acf_changed":true},"application":[25],"product_brand":[],"product_cat":[19],"product_tag":[],"class_list":{"0":"post-1232","1":"product","2":"type-product","3":"status-publish","4":"has-post-thumbnail","6":"application-glass-pvd-coating-machine","7":"product_cat-multi-arc-ion-vacuum-coating-machine","9":"first","10":"instock","11":"shipping-taxable","12":"product-type-simple"},"acf":[],"_links":{"self":[{"href":"https:\/\/www.cgvacuum.com\/de\/wp-json\/wp\/v2\/product\/1232","targetHints":{"allow":["GET"]}}],"collection":[{"href":"https:\/\/www.cgvacuum.com\/de\/wp-json\/wp\/v2\/product"}],"about":[{"href":"https:\/\/www.cgvacuum.com\/de\/wp-json\/wp\/v2\/types\/product"}],"replies":[{"embeddable":true,"href":"https:\/\/www.cgvacuum.com\/de\/wp-json\/wp\/v2\/comments?post=1232"}],"wp:featuredmedia":[{"embeddable":true,"href":"https:\/\/www.cgvacuum.com\/de\/wp-json\/wp\/v2\/media\/1233"}],"wp:attachment":[{"href":"https:\/\/www.cgvacuum.com\/de\/wp-json\/wp\/v2\/media?parent=1232"}],"wp:term":[{"taxonomy":"application","embeddable":true,"href":"https:\/\/www.cgvacuum.com\/de\/wp-json\/wp\/v2\/application?post=1232"},{"taxonomy":"product_brand","embeddable":true,"href":"https:\/\/www.cgvacuum.com\/de\/wp-json\/wp\/v2\/product_brand?post=1232"},{"taxonomy":"product_cat","embeddable":true,"href":"https:\/\/www.cgvacuum.com\/de\/wp-json\/wp\/v2\/product_cat?post=1232"},{"taxonomy":"product_tag","embeddable":true,"href":"https:\/\/www.cgvacuum.com\/de\/wp-json\/wp\/v2\/product_tag?post=1232"}],"curies":[{"name":"wp","href":"https:\/\/api.w.org\/{rel}","templated":true}]}}