{"id":1230,"date":"2025-12-18T09:53:28","date_gmt":"2025-12-18T09:53:28","guid":{"rendered":"https:\/\/www.cgvacuum.com\/?post_type=product&#038;p=1230"},"modified":"2025-12-19T06:53:42","modified_gmt":"2025-12-19T06:53:42","slug":"pvd-coating-machine-for-jewelry","status":"publish","type":"product","link":"https:\/\/www.cgvacuum.com\/de\/produkt\/pvd-coating-machine-for-jewelry\/","title":{"rendered":"PVD-Beschichtungsmaschine f\u00fcr Schmuck Hersteller von Vakuumbeschichtungsmaschinen f\u00fcr Verdampfung CGVAC"},"content":{"rendered":"<h3 class=\"wp-block-heading\">Spezifikationen der PVD-Beschichtungsmaschine f\u00fcr Schmuck:<\/h3>\n\n\n\n<figure class=\"wp-block-table\"><table class=\"has-fixed-layout\"><tbody><tr><td><strong>Modellnummer<\/strong><\/td><td><strong>Abmessung DxH (mm)<\/strong><\/td><td><strong>Endvakuum (Pa)<\/strong><\/td><td><strong>Pumpzeit (Min)<\/strong><\/td><td><strong>Gesamtleistung (kW)<\/strong><\/td><\/tr><tr><td>ZZ1214<\/td><td>1200 \u00d7 1400 mm<\/td><td>\u22648\u00d710-\u2074<\/td><td>\uff1c5<\/td><td>35<\/td><\/tr><tr><td>ZZ1416<\/td><td>1400 \u00d7 1600 mm<\/td><td>\u22648\u00d710-\u2074<\/td><td>\uff1c5<\/td><td>65<\/td><\/tr><tr><td>ZZ1618<\/td><td>1600 \u00d7 1800 mm<\/td><td>\u22648\u00d710-\u2074<\/td><td>\uff1c5<\/td><td>75<\/td><\/tr><tr><td>ZZ1820<\/td><td>1800 \u00d7 2000 mm<\/td><td>\u22648\u00d710-\u2074<\/td><td>\uff1c5<\/td><td>90<\/td><\/tr><tr><td>ZZ2020<\/td><td>2000 \u00d7 2000 mm<\/td><td>\u22648\u00d710-\u2074<\/td><td>\uff1c5<\/td><td>105<\/td><\/tr><\/tbody><\/table><\/figure>\n\n\n\n<p><strong>*Die Ger\u00e4tespezifikationen k\u00f6nnen entsprechend den Kundenanforderungen angepasst werden.<\/strong><\/p>\n\n\n\n<div class=\"wp-block-columns is-layout-flex wp-container-core-columns-is-layout-9d6595d7 wp-block-columns-is-layout-flex\">\n<div class=\"wp-block-column is-layout-flow wp-block-column-is-layout-flow\">\n<figure class=\"wp-block-image size-full\"><img decoding=\"async\" width=\"750\" height=\"750\" src=\"https:\/\/www.cgvacuum.com\/wp-content\/uploads\/2025\/12\/pvd-coating-machine-for-jewelry.webp\" alt=\"PVD-Beschichtungsmaschine f\u00fcr Schmuck\" class=\"wp-image-1231\" srcset=\"https:\/\/www.cgvacuum.com\/wp-content\/uploads\/2025\/12\/pvd-coating-machine-for-jewelry.webp 750w, https:\/\/www.cgvacuum.com\/wp-content\/uploads\/2025\/12\/pvd-coating-machine-for-jewelry-300x300.webp 300w, https:\/\/www.cgvacuum.com\/wp-content\/uploads\/2025\/12\/pvd-coating-machine-for-jewelry-150x150.webp 150w, https:\/\/www.cgvacuum.com\/wp-content\/uploads\/2025\/12\/pvd-coating-machine-for-jewelry-12x12.webp 12w, https:\/\/www.cgvacuum.com\/wp-content\/uploads\/2025\/12\/pvd-coating-machine-for-jewelry-600x600.webp 600w, https:\/\/www.cgvacuum.com\/wp-content\/uploads\/2025\/12\/pvd-coating-machine-for-jewelry-100x100.webp 100w\" sizes=\"(max-width: 750px) 100vw, 750px\" \/><\/figure>\n<\/div>\n\n\n\n<div class=\"wp-block-column is-layout-flow wp-block-column-is-layout-flow\">\n<h3 class=\"wp-block-heading\">Merkmale der PVD-Beschichtungsmaschine f\u00fcr Schmuck:<\/h3>\n\n\n\n<p><strong>Hochstabile Magnetronzerst\u00e4ubungskammer<\/strong>: Die PVD-Systeme von CGVAC f\u00fcr die Magnetron-Sputterbeschichtung von Schmuckst\u00fccken verf\u00fcgen \u00fcber eine robuste Vakuumkammer mit pr\u00e4zisionsgeschwei\u00dfter Konstruktion. Diese mechanische Stabilit\u00e4t minimiert Vibrationen und thermische Verformungen w\u00e4hrend des Betriebs und gew\u00e4hrleistet eine gleichm\u00e4\u00dfige Schichtdicke, konsistente Farbe und wiederholbare Qualit\u00e4t f\u00fcr hochwertige Schmuckanwendungen.<\/p>\n\n\n\n<p><strong>Mehrstationen-Drehbefestigungen:<\/strong> Ausgestattet mit einer mehrachsigen Rotation und vielseitigen Vorrichtungen eignet sich das System f\u00fcr Ringe, Halsketten, Anh\u00e4nger und Ohrringe. Das mechanische Design gew\u00e4hrleistet eine Vollwinkelabdeckung w\u00e4hrend des Sputterns, verbessert die Haftung der Beschichtung und die Kantenabdeckung und reduziert die Nacharbeit bei komplizierten Schmuckst\u00fccken.<\/p>\n\n\n\n<p><strong>Modulare Zielkonfiguration<\/strong>: Dank des flexiblen Multi-Target-Magnetrons kann das Ger\u00e4t Ti, Cr, Zr, Edelstahl und andere Materialien verarbeiten. Dies erm\u00f6glicht eine breite Palette von dekorativen Oberfl\u00e4chen wie Gold, Ros\u00e9gold, Schwarz und Rotguss. Eine Maschine kann mehrere Beschichtungsarten unterst\u00fctzen und so den ROI f\u00fcr Schmuckhersteller maximieren.<\/p>\n\n\n\n<p><strong>Effiziente Vakuum- und Antriebssysteme<\/strong>: CGVAC PVD-Systeme integrieren Hochleistungs-Vakuumpumpen und stabile mechanische Antriebssysteme, die ein schnelles Abpumpen und einen zuverl\u00e4ssigen Dauerbetrieb erm\u00f6glichen. Selbst bei hoher Produktionslast beh\u00e4lt das System eine pr\u00e4zise Prozesssteuerung bei und sorgt f\u00fcr ein Gleichgewicht zwischen Produktivit\u00e4t und Oberfl\u00e4chenqualit\u00e4t in Schmuckqualit\u00e4t - ideal f\u00fcr OEM-, ODM- oder Gro\u00dfserienproduktion.<\/p>\n\n\n\n<p><strong>Multi-Industrie-Plattform f\u00fcr schl\u00fcsselfertige Beschichtungsl\u00f6sungen<\/strong>: Die auf einer modularen mechanischen Plattform aufgebauten Sputtering-Anlagen von CGVAC eignen sich nicht nur f\u00fcr Schmuck, sondern auch f\u00fcr die Beschichtung von Badezimmern, Edelstahl, Glas, Keramik und Kunststoffen. CGVAC bietet eine Komplettl\u00f6sung - von der Auswahl der Anlagen und der Prozesskonfiguration bis hin zum Einsatz der Anwendungen - die vielseitige, skalierbare und branchen\u00fcbergreifende Beschichtungsm\u00f6glichkeiten erm\u00f6glicht.<\/p>\n<\/div>\n<\/div>","protected":false},"excerpt":{"rendered":"<p>CGVAC PVD-Beschichtungsanlage f\u00fcr Schmuck mit hochstabilem Magnetron-Sputtering, mehrachsigen Vorrichtungen f\u00fcr komplexe Formen und modularen Targets f\u00fcr dekorative und funktionelle Oberfl\u00e4chenbehandlungen. Ideal f\u00fcr die Beschichtung von Schmuck, Edelstahl, Glas und anderen Industriezweigen. Erkundigen Sie sich jetzt nach kundenspezifischen Beschichtungsl\u00f6sungen.<\/p>\n<h2>Technische Parameter:<\/h2>\n<table border=\"0\" width=\"973\" cellspacing=\"0\" cellpadding=\"0\">\n<tbody>\n<tr>\n<td width=\"202\" height=\"22\"><strong>Ziel-Materialien<\/strong><\/td>\n<td width=\"771\">Al-Draht, Cu, Ag, Cr (thermisch), Dekorative Metalle<\/td>\n<\/tr>\n<tr>\n<td height=\"22\"><strong>Beschichtungstechnologie<\/strong><\/td>\n<td>Aufdampf-Vakuum-Beschichtung<\/td>\n<\/tr>\n<tr>\n<td height=\"22\"><strong>Funktionale und optische Folien<\/strong><\/td>\n<td>Haupts\u00e4chlich f\u00fcr dekorative Beschichtungen geeignet, kann mit UV-Beschichtung oder Spr\u00fchschichten kombiniert werden.<\/td>\n<\/tr>\n<tr>\n<td height=\"22\"><strong>Kernkomponenten<\/strong><\/td>\n<td>Bogenziel, Steuersystem, Pumpe<\/td>\n<\/tr>\n<tr>\n<td height=\"22\"><strong>Anmeldung<\/strong><\/td>\n<td>Kunststoffe, Alltags-Keramik, Glas, Schmuck &amp; Perlen, Edelstahl<\/td>\n<\/tr>\n<tr>\n<td height=\"22\"><strong>Personalisierung<\/strong><\/td>\n<td>Ma\u00dfgeschneiderte Gr\u00f6\u00dfe, Zielmaterial, Farbe, Vorrichtungsdesign und Prozessplan<\/td>\n<\/tr>\n<tr>\n<td height=\"22\"><strong>Dienst<\/strong><\/td>\n<td>Mechanische\/Probenpr\u00fcfberichte, Video-Ausgangsinspektion und technische Anleitung.<\/td>\n<\/tr>\n<\/tbody>\n<\/table>\n<p>&nbsp;<\/p>","protected":false},"featured_media":1231,"comment_status":"closed","ping_status":"closed","template":"","meta":{"_acf_changed":true},"application":[28],"product_brand":[],"product_cat":[21],"product_tag":[],"class_list":{"0":"post-1230","1":"product","2":"type-product","3":"status-publish","4":"has-post-thumbnail","6":"application-jewelry-beads-pvd-coating-machine","7":"product_cat-evaporation-vacuum-coating-machine","9":"first","10":"instock","11":"shipping-taxable","12":"product-type-simple"},"acf":[],"_links":{"self":[{"href":"https:\/\/www.cgvacuum.com\/de\/wp-json\/wp\/v2\/product\/1230","targetHints":{"allow":["GET"]}}],"collection":[{"href":"https:\/\/www.cgvacuum.com\/de\/wp-json\/wp\/v2\/product"}],"about":[{"href":"https:\/\/www.cgvacuum.com\/de\/wp-json\/wp\/v2\/types\/product"}],"replies":[{"embeddable":true,"href":"https:\/\/www.cgvacuum.com\/de\/wp-json\/wp\/v2\/comments?post=1230"}],"wp:featuredmedia":[{"embeddable":true,"href":"https:\/\/www.cgvacuum.com\/de\/wp-json\/wp\/v2\/media\/1231"}],"wp:attachment":[{"href":"https:\/\/www.cgvacuum.com\/de\/wp-json\/wp\/v2\/media?parent=1230"}],"wp:term":[{"taxonomy":"application","embeddable":true,"href":"https:\/\/www.cgvacuum.com\/de\/wp-json\/wp\/v2\/application?post=1230"},{"taxonomy":"product_brand","embeddable":true,"href":"https:\/\/www.cgvacuum.com\/de\/wp-json\/wp\/v2\/product_brand?post=1230"},{"taxonomy":"product_cat","embeddable":true,"href":"https:\/\/www.cgvacuum.com\/de\/wp-json\/wp\/v2\/product_cat?post=1230"},{"taxonomy":"product_tag","embeddable":true,"href":"https:\/\/www.cgvacuum.com\/de\/wp-json\/wp\/v2\/product_tag?post=1230"}],"curies":[{"name":"wp","href":"https:\/\/api.w.org\/{rel}","templated":true}]}}