{"id":1214,"date":"2025-12-09T06:39:48","date_gmt":"2025-12-09T06:39:48","guid":{"rendered":"https:\/\/www.cgvacuum.com\/?post_type=product&#038;p=1214"},"modified":"2025-12-18T10:12:21","modified_gmt":"2025-12-18T10:12:21","slug":"pvd-coating-machine-for-glass","status":"publish","type":"product","link":"https:\/\/www.cgvacuum.com\/de\/produkt\/pvd-coating-machine-for-glass\/","title":{"rendered":"PVD-Beschichtungsmaschine f\u00fcr Glasverdampfung Vakuumbeschichtungsmaschine Fabrik"},"content":{"rendered":"<h3 class=\"wp-block-heading\">Spezifikationen der PVD-Beschichtungsmaschine f\u00fcr Glas:<\/h3>\n\n\n\n<figure class=\"wp-block-table\"><table class=\"has-fixed-layout\"><tbody><tr><td><strong>Modellnummer<\/strong><\/td><td><strong>Abmessung DxH (mm)<\/strong><\/td><td><strong>Endvakuum (Pa)<\/strong><\/td><td><strong>Pumpzeit (Min)<\/strong><\/td><td><strong>Gesamtleistung (kW)<\/strong><\/td><\/tr><tr><td>ZZ1214<\/td><td>1200 \u00d7 1400 mm<\/td><td>\u22648\u00d710-\u2074<\/td><td>\uff1c5<\/td><td>35<\/td><\/tr><tr><td>ZZ1416<\/td><td>1400 \u00d7 1600 mm<\/td><td>\u22648\u00d710-\u2074<\/td><td>\uff1c5<\/td><td>65<\/td><\/tr><tr><td>ZZ1618<\/td><td>1600 \u00d7 1800 mm<\/td><td>\u22648\u00d710-\u2074<\/td><td>\uff1c5<\/td><td>75<\/td><\/tr><tr><td>ZZ1820<\/td><td>1800 \u00d7 2000 mm<\/td><td>\u22648\u00d710-\u2074<\/td><td>\uff1c5<\/td><td>90<\/td><\/tr><tr><td>ZZ2020<\/td><td>2000 \u00d7 2000 mm<\/td><td>\u22648\u00d710-\u2074<\/td><td>\uff1c5<\/td><td>105<\/td><\/tr><\/tbody><\/table><\/figure>\n\n\n\n<p><strong>*Die Ger\u00e4tespezifikationen k\u00f6nnen entsprechend den Kundenanforderungen angepasst werden.<\/strong><\/p>\n\n\n\n<div class=\"wp-block-columns is-layout-flex wp-container-core-columns-is-layout-9d6595d7 wp-block-columns-is-layout-flex\">\n<div class=\"wp-block-column is-layout-flow wp-block-column-is-layout-flow\">\n<figure class=\"wp-block-image size-full\"><img decoding=\"async\" width=\"760\" height=\"760\" src=\"https:\/\/www.cgvacuum.com\/wp-content\/uploads\/2025\/12\/PVD-coating-machine-for-Glass.webp\" alt=\"PVD-Beschichtungsmaschine f\u00fcr Glas\" class=\"wp-image-1215\" srcset=\"https:\/\/www.cgvacuum.com\/wp-content\/uploads\/2025\/12\/PVD-coating-machine-for-Glass.webp 760w, https:\/\/www.cgvacuum.com\/wp-content\/uploads\/2025\/12\/PVD-coating-machine-for-Glass-300x300.webp 300w, https:\/\/www.cgvacuum.com\/wp-content\/uploads\/2025\/12\/PVD-coating-machine-for-Glass-150x150.webp 150w, https:\/\/www.cgvacuum.com\/wp-content\/uploads\/2025\/12\/PVD-coating-machine-for-Glass-12x12.webp 12w, https:\/\/www.cgvacuum.com\/wp-content\/uploads\/2025\/12\/PVD-coating-machine-for-Glass-600x600.webp 600w, https:\/\/www.cgvacuum.com\/wp-content\/uploads\/2025\/12\/PVD-coating-machine-for-Glass-100x100.webp 100w\" sizes=\"(max-width: 760px) 100vw, 760px\" \/><\/figure>\n<\/div>\n\n\n\n<div class=\"wp-block-column is-layout-flow wp-block-column-is-layout-flow\">\n<h3 class=\"wp-block-heading\">Merkmale der PVD-Beschichtungsmaschine f\u00fcr Glas:<\/h3>\n\n\n\n<p><strong>Glasspezifische Konfiguration der Verdampfungsquelle<\/strong>: Unter Verwendung einer hocheffizienten Widerstandsverdampfungsquelle oder einer Elektronenstrahlverdampfungsquelle wird ein stabiler Metalldampfstrom erzeugt, der eine gleichm\u00e4\u00dfige und gut haftende Beschichtung auf der Glasoberfl\u00e4che gew\u00e4hrleistet. Es ist besonders geeignet f\u00fcr die Verarbeitung von transparentem, durchscheinendem und farbigem Glas.<\/p>\n\n\n\n<p><strong>Gro\u00dfformatige vertikale Vakuumkammer:<\/strong> Die vertikale zylindrische Struktur sorgt f\u00fcr einen stabileren Luftstrom und eine bessere Gleichm\u00e4\u00dfigkeit des optischen Films und eignet sich f\u00fcr gro\u00dfe Fl\u00e4chen oder mehrere Glassubstrate. Sie ist sehr anpassungsf\u00e4hig an die Produktionsanforderungen von Architektur-, M\u00f6bel- und Dekorationsglas.<\/p>\n\n\n\n<p><strong>Pr\u00e4zises Temperaturkontrollsystem: <\/strong>Die Anlage verf\u00fcgt \u00fcber einen Temperaturanstiegsmodus und eine K\u00fchlungssteuerung, um Verformungen und Risse im Glas aufgrund der W\u00e4rmeausdehnung w\u00e4hrend der Beschichtung zu verhindern und die Prozessstabilit\u00e4t zu verbessern.<\/p>\n\n\n\n<p><strong>Mehrschichtige Filmaufdampfung:<\/strong> Sie kann mehrschichtige Strukturen wie Metallschichten, Oxidschichten und Schutzschichten abscheiden und erf\u00fcllt verschiedene Anwendungen wie optische Reflexion, Anpassung der Lichtdurchl\u00e4ssigkeit, Farbdekoration und Funktionsverbesserung.<\/p>\n\n\n\n<p><strong>Automatischer Dreh-Klemm-Mechanismus<\/strong>: Der Drehrahmen mit mehreren Winkeln sorgt f\u00fcr eine gleichm\u00e4\u00dfige Beschichtung des Glases. Die Abschirmstruktur erm\u00f6glicht eine lokale Beschichtung in verschiedenen Bereichen, die f\u00fcr die Verarbeitung von Kunst- und Dekorglas geeignet ist.<\/p>\n\n\n\n<p><strong>Hocheffizientes Vakuumpumpsystem:<\/strong> Ausgestattet mit einer Kombination aus hocheffizienten mechanischen Pumpen und Diffusions-\/Turbomolekularpumpen erreicht sie in kurzer Zeit ein ideales Vakuumniveau, was die Produktionszykluszeit erh\u00f6ht und die Reinheit der Folie verbessert.<\/p>\n\n\n\n<p><strong>Breites Spektrum an Branchen<\/strong>: Von Isolierglas und reflektierendem Glas, M\u00f6belglas mit T\u00fcrverkleidungen und dekorativen Paneelen, Beleuchtungsglas, wie Lampenschirme und optische Komponenten, bis hin zu Kunstglas: Kunstwerke und Geschenke. Stabile Aufdampfbeschichtungen f\u00fcr ein breites Spektrum von Industrien.<\/p>\n<\/div>\n<\/div>","protected":false},"excerpt":{"rendered":"<p>CGVAC PVD-Beschichtungsanlage f\u00fcr Glas mit optimierter Verdampfung und stabiler Vakuumleistung. CGVAC bietet eine kundenspezifische L\u00f6sung und umfassende technische Unterst\u00fctzung. Kontaktieren Sie uns f\u00fcr kundenspezifische Maschinenoptionen.<\/p>\n<h2>Technische Parameter:<\/h2>\n<table border=\"0\" width=\"973\" cellspacing=\"0\" cellpadding=\"0\">\n<tbody>\n<tr>\n<td width=\"202\" height=\"22\"><strong>Ziel-Materialien<\/strong><\/td>\n<td width=\"771\">Al-Draht, Cu, Ag, Cr (thermisch), Dekorative Metalle<\/td>\n<\/tr>\n<tr>\n<td height=\"22\"><strong>Beschichtungstechnologie<\/strong><\/td>\n<td>Aufdampf-Vakuum-Beschichtung<\/td>\n<\/tr>\n<tr>\n<td height=\"22\"><strong>Funktionale und optische Folien<\/strong><\/td>\n<td>Haupts\u00e4chlich f\u00fcr dekorative Beschichtungen geeignet, kann mit UV-Beschichtung oder Spr\u00fchschichten kombiniert werden.<\/td>\n<\/tr>\n<tr>\n<td height=\"22\"><strong>Kernkomponenten<\/strong><\/td>\n<td>Bogenziel, Steuersystem, Pumpe<\/td>\n<\/tr>\n<tr>\n<td height=\"22\"><strong>Anmeldung<\/strong><\/td>\n<td>Kunststoffe, Alltags-Keramik, Glas, Schmuck &amp; Perlen, Edelstahl<\/td>\n<\/tr>\n<tr>\n<td height=\"22\"><strong>Personalisierung<\/strong><\/td>\n<td>Ma\u00dfgeschneiderte Gr\u00f6\u00dfe, Zielmaterial, Farbe, Vorrichtungsdesign und Prozessplan<\/td>\n<\/tr>\n<tr>\n<td height=\"22\"><strong>Dienst<\/strong><\/td>\n<td>Mechanische\/Probenpr\u00fcfberichte, Video-Ausgangsinspektion und technische Anleitung.<\/td>\n<\/tr>\n<\/tbody>\n<\/table>\n<p>&nbsp;<\/p>","protected":false},"featured_media":1215,"comment_status":"closed","ping_status":"closed","template":"","meta":{"_acf_changed":true},"application":[25],"product_brand":[],"product_cat":[21],"product_tag":[],"class_list":{"0":"post-1214","1":"product","2":"type-product","3":"status-publish","4":"has-post-thumbnail","6":"application-glass-pvd-coating-machine","7":"product_cat-evaporation-vacuum-coating-machine","9":"first","10":"instock","11":"shipping-taxable","12":"product-type-simple"},"acf":[],"_links":{"self":[{"href":"https:\/\/www.cgvacuum.com\/de\/wp-json\/wp\/v2\/product\/1214","targetHints":{"allow":["GET"]}}],"collection":[{"href":"https:\/\/www.cgvacuum.com\/de\/wp-json\/wp\/v2\/product"}],"about":[{"href":"https:\/\/www.cgvacuum.com\/de\/wp-json\/wp\/v2\/types\/product"}],"replies":[{"embeddable":true,"href":"https:\/\/www.cgvacuum.com\/de\/wp-json\/wp\/v2\/comments?post=1214"}],"wp:featuredmedia":[{"embeddable":true,"href":"https:\/\/www.cgvacuum.com\/de\/wp-json\/wp\/v2\/media\/1215"}],"wp:attachment":[{"href":"https:\/\/www.cgvacuum.com\/de\/wp-json\/wp\/v2\/media?parent=1214"}],"wp:term":[{"taxonomy":"application","embeddable":true,"href":"https:\/\/www.cgvacuum.com\/de\/wp-json\/wp\/v2\/application?post=1214"},{"taxonomy":"product_brand","embeddable":true,"href":"https:\/\/www.cgvacuum.com\/de\/wp-json\/wp\/v2\/product_brand?post=1214"},{"taxonomy":"product_cat","embeddable":true,"href":"https:\/\/www.cgvacuum.com\/de\/wp-json\/wp\/v2\/product_cat?post=1214"},{"taxonomy":"product_tag","embeddable":true,"href":"https:\/\/www.cgvacuum.com\/de\/wp-json\/wp\/v2\/product_tag?post=1214"}],"curies":[{"name":"wp","href":"https:\/\/api.w.org\/{rel}","templated":true}]}}