{"id":1212,"date":"2025-12-09T06:12:08","date_gmt":"2025-12-09T06:12:08","guid":{"rendered":"https:\/\/www.cgvacuum.com\/?post_type=product&#038;p=1212"},"modified":"2025-12-18T09:51:05","modified_gmt":"2025-12-18T09:51:05","slug":"pvd-coating-machine-for-stainless-steel-hardware","status":"publish","type":"product","link":"https:\/\/www.cgvacuum.com\/de\/produkt\/pvd-coating-machine-for-stainless-steel-hardware\/","title":{"rendered":"PVD-Beschichtungsmaschine f\u00fcr Edelstahlbeschl\u00e4ge, Magnetron-Sputter-Vakuumbeschichtungsmaschine"},"content":{"rendered":"<h3 class=\"wp-block-heading\">Spezifikationen der PVD-Beschichtungsanlage f\u00fcr Edelstahlbeschl\u00e4ge:<\/h3>\n\n\n\n<figure class=\"wp-block-table\"><table class=\"has-fixed-layout\"><tbody><tr><td><strong>Modellnummer<\/strong><\/td><td><strong>Abmessung DxH (mm)<\/strong><\/td><td><strong>Endvakuum (Pa)<\/strong><\/td><td><strong>Pumpzeit (Min)<\/strong><\/td><td><strong>Stromst\u00e4rke (kW)<\/strong><\/td><td><strong>Gesamtleistung (kW)<\/strong><\/td><\/tr><tr><td>CZ1214<\/td><td>1200 \u00d7 1400 mm<\/td><td>\u22648\u00d710-\u2074<\/td><td>\uff1c5<\/td><td>40<\/td><td>50<\/td><\/tr><tr><td>CZ1416<\/td><td>1400 \u00d7 1600 mm<\/td><td>\u22648\u00d710-\u2074<\/td><td>\uff1c5<\/td><td>60<\/td><td>60<\/td><\/tr><tr><td>CZ1618<\/td><td>1600 \u00d7 1800 mm<\/td><td>\u22648\u00d710-\u2074<\/td><td>\uff1c5<\/td><td>80<\/td><td>80<\/td><\/tr><tr><td>CZ1818<\/td><td>1800 \u00d7 1800 mm<\/td><td>\u22648\u00d710-\u2074<\/td><td>\uff1c5<\/td><td>160<\/td><td>110<\/td><\/tr><tr><td>CZ2018<\/td><td>2000 \u00d7 1800 mm<\/td><td>\u22648\u00d710-\u2074<\/td><td>\uff1c5<\/td><td>160<\/td><td>120<\/td><\/tr><\/tbody><\/table><\/figure>\n\n\n\n<p><strong>*Die Ger\u00e4tespezifikationen k\u00f6nnen entsprechend den Kundenanforderungen angepasst werden.<\/strong><\/p>\n\n\n\n<div class=\"wp-block-columns is-layout-flex wp-container-core-columns-is-layout-9d6595d7 wp-block-columns-is-layout-flex\">\n<div class=\"wp-block-column is-layout-flow wp-block-column-is-layout-flow\">\n<figure class=\"wp-block-image size-full\"><img decoding=\"async\" width=\"800\" height=\"800\" src=\"https:\/\/www.cgvacuum.com\/wp-content\/uploads\/2025\/12\/PVD-Coating-Machine-for-Stainless-Steel-Hardware.webp\" alt=\"PVD-Beschichtungsmaschine f\u00fcr Edelstahlbeschl\u00e4ge\" class=\"wp-image-1213\" srcset=\"https:\/\/www.cgvacuum.com\/wp-content\/uploads\/2025\/12\/PVD-Coating-Machine-for-Stainless-Steel-Hardware.webp 800w, https:\/\/www.cgvacuum.com\/wp-content\/uploads\/2025\/12\/PVD-Coating-Machine-for-Stainless-Steel-Hardware-300x300.webp 300w, https:\/\/www.cgvacuum.com\/wp-content\/uploads\/2025\/12\/PVD-Coating-Machine-for-Stainless-Steel-Hardware-150x150.webp 150w, https:\/\/www.cgvacuum.com\/wp-content\/uploads\/2025\/12\/PVD-Coating-Machine-for-Stainless-Steel-Hardware-768x768.webp 768w, https:\/\/www.cgvacuum.com\/wp-content\/uploads\/2025\/12\/PVD-Coating-Machine-for-Stainless-Steel-Hardware-12x12.webp 12w, https:\/\/www.cgvacuum.com\/wp-content\/uploads\/2025\/12\/PVD-Coating-Machine-for-Stainless-Steel-Hardware-600x600.webp 600w, https:\/\/www.cgvacuum.com\/wp-content\/uploads\/2025\/12\/PVD-Coating-Machine-for-Stainless-Steel-Hardware-100x100.webp 100w\" sizes=\"(max-width: 800px) 100vw, 800px\" \/><\/figure>\n<\/div>\n\n\n\n<div class=\"wp-block-column is-layout-flow wp-block-column-is-layout-flow\">\n<h3 class=\"wp-block-heading\">Merkmale der PVD-Beschichtungsanlage f\u00fcr Edelstahlbeschl\u00e4ge:<\/h3>\n\n\n\n<p><strong>Hocheffiziente Magnetron-Sputter-Beschichtungsstruktur: <\/strong>Dank der optimierten Magnetfeldverteilung und der hochstabilen Zielkomponenten bildet es ein Plasma mit h\u00f6herer Dichte, das die Filmdichte, die Haftung und die Korrosionsbest\u00e4ndigkeit verbessert und sich f\u00fcr anspruchsvolle Oberfl\u00e4chenbehandlungen von Edelstahl und Hardware eignet.<\/p>\n\n\n\n<p><strong>Pr\u00e4zise Kontrolle der Beschichtung: <\/strong>Das Hohlraumdesign verbessert die Kontrolle der Gleichm\u00e4\u00dfigkeit. Durch die pr\u00e4zise Einstellung des Luftstroms und die Niederdruck-Beschichtungsumgebung wird eine gleichm\u00e4\u00dfigere Schichtdicke und Farbe auf komplexen geometrischen Hardwareteilen erreicht.<\/p>\n\n\n\n<p><strong>Programmierte Steuerung mit mehreren Prozessen<\/strong>: Unterst\u00fctzt programmierbare Kombinationen aus Vorreinigung, Plasmaaktivierung, Sputtering und reaktiver Beschichtung. Unabh\u00e4ngige Prozessdateien k\u00f6nnen f\u00fcr verschiedene Hardware-Materialien und rostfreien Stahl eingestellt werden, was einen schnellen Wechsel und eine konstante Wiederholbarkeit erm\u00f6glicht.<\/p>\n\n\n\n<p><strong>Hochlast-Rotationssystem:<\/strong> Durch eine mehrachsige Rotation und eine variable Geschwindigkeitsstruktur wird der optimale Winkel f\u00fcr Chargen von Hardwareteilen w\u00e4hrend der Beschichtung beibehalten, was die Konsistenz und die Effizienz der Beschichtung von Gro\u00dfserien verbessert.<\/p>\n\n\n\n<p><strong>Unterst\u00fctzung bei der Anpassung<\/strong>: Unterst\u00fctzt Metalltargets, Legierungstargets, Multitarget-Kombinationen und reaktive Gasprozesse wie Nitrierung, Karbid und Oxidation, die die Abscheidung verschiedener funktioneller und dekorativer Schichten erm\u00f6glichen.<\/p>\n\n\n\n<p><strong>Multimaterial-Kompatibilit\u00e4t:<\/strong> Die einstellbare Vorspannung, die steuerbare Abscheidungsenergie und die Ionenaktivierung erm\u00f6glichen eine kompatible Beschichtung auf verschiedenen Metallmaterialien wie Edelstahl, Zink-, Kupfer- und Aluminiumlegierungen und verbessern die Schichthaftung.<\/p>\n\n\n\n<p><strong>Hohe Effizienz und Haltbarkeit: <\/strong>Effiziente K\u00fchlung, optimierte Leistungsstabilit\u00e4t und langlebige Vakuumkomponenten unterst\u00fctzen den langfristigen Dauerbetrieb, reduzieren den Wartungsaufwand und sorgen f\u00fcr ein ausgewogenes Verh\u00e4ltnis zwischen Abscheidungseffizienz und Energieverbrauch.<\/p>\n<\/div>\n<\/div>","protected":false},"excerpt":{"rendered":"<p>Die hochstabile PVD-Vakuum-Beschichtungsanlage f\u00fcr Edelstahlbeschl\u00e4ge verf\u00fcgt \u00fcber ein industrietaugliches Sputtering-PVD-System, das gleichbleibend hochwertige Beschichtungen gew\u00e4hrleistet. CGVAC-Hersteller liefert, stabiler Betrieb. Kontaktieren Sie uns, um Ihre ma\u00dfgeschneiderte Beschichtungsanlage zu konfigurieren.<\/p>\n<h2>Technische Parameter:<\/h2>\n<table width=\"973\">\n<tbody>\n<tr>\n<td width=\"202\"><strong>Ziel-Materialien<\/strong><\/td>\n<td width=\"771\">Titan (Ti), Chrom (Cr), Zirkonium (Zr), rostfreier Stahl, ITO, FTO und andere<\/td>\n<\/tr>\n<tr>\n<td><strong>Industriegase<\/strong><\/td>\n<td>Argon (Ar), Stickstoff (N\u2082), Sauerstoff (O\u2082), H\u2082 (Wasserstoff)<\/td>\n<\/tr>\n<tr>\n<td><strong>Beschichtungstechnologie<\/strong><\/td>\n<td>Magnetronsputternde Vakuumbeschichtung<\/td>\n<\/tr>\n<tr>\n<td><strong>Farbe der Beschichtung<\/strong><\/td>\n<td>Gold, Ros\u00e9gold, Schwarz, Silber, Blau, Champagner, matte\/satinierte Farben und verschiedene Farben<\/td>\n<\/tr>\n<tr>\n<td><strong>Funktionale und optische Folien<\/strong><\/td>\n<td>ITO, SiO\u2082, TiO\u2082, Cr, Al, Ag, ITO\/Ag\/ITO, optische und elektronische Folien<\/td>\n<\/tr>\n<tr>\n<td><strong>Kernkomponenten<\/strong><\/td>\n<td>Bogenziel, Steuersystem, Pumpe<\/td>\n<\/tr>\n<tr>\n<td><strong>Anmeldung<\/strong><\/td>\n<td>Edelstahl, Elektronik und Optik, Glas, Automobilinnenausstattung und -komponenten<\/td>\n<\/tr>\n<tr>\n<td><strong>Personalisierung<\/strong><\/td>\n<td>Ma\u00dfgeschneiderte Gr\u00f6\u00dfe, Zielmaterial, Farbe, Vorrichtungsdesign und Prozessplan<\/td>\n<\/tr>\n<tr>\n<td><strong>Dienst<\/strong><\/td>\n<td>Mechanische\/Probenpr\u00fcfberichte, Video-Ausgangsinspektion und technische Anleitung<\/td>\n<\/tr>\n<\/tbody>\n<\/table>\n<p>&nbsp;<\/p>","protected":false},"featured_media":1213,"comment_status":"closed","ping_status":"closed","template":"","meta":{"_acf_changed":true},"application":[26],"product_brand":[],"product_cat":[20],"product_tag":[],"class_list":{"0":"post-1212","1":"product","2":"type-product","3":"status-publish","4":"has-post-thumbnail","6":"application-stainless-steel-pvd-coating-machine","7":"product_cat-magnetron-sputtering-vacuum-coating-machine","9":"first","10":"instock","11":"shipping-taxable","12":"product-type-simple"},"acf":[],"_links":{"self":[{"href":"https:\/\/www.cgvacuum.com\/de\/wp-json\/wp\/v2\/product\/1212","targetHints":{"allow":["GET"]}}],"collection":[{"href":"https:\/\/www.cgvacuum.com\/de\/wp-json\/wp\/v2\/product"}],"about":[{"href":"https:\/\/www.cgvacuum.com\/de\/wp-json\/wp\/v2\/types\/product"}],"replies":[{"embeddable":true,"href":"https:\/\/www.cgvacuum.com\/de\/wp-json\/wp\/v2\/comments?post=1212"}],"wp:featuredmedia":[{"embeddable":true,"href":"https:\/\/www.cgvacuum.com\/de\/wp-json\/wp\/v2\/media\/1213"}],"wp:attachment":[{"href":"https:\/\/www.cgvacuum.com\/de\/wp-json\/wp\/v2\/media?parent=1212"}],"wp:term":[{"taxonomy":"application","embeddable":true,"href":"https:\/\/www.cgvacuum.com\/de\/wp-json\/wp\/v2\/application?post=1212"},{"taxonomy":"product_brand","embeddable":true,"href":"https:\/\/www.cgvacuum.com\/de\/wp-json\/wp\/v2\/product_brand?post=1212"},{"taxonomy":"product_cat","embeddable":true,"href":"https:\/\/www.cgvacuum.com\/de\/wp-json\/wp\/v2\/product_cat?post=1212"},{"taxonomy":"product_tag","embeddable":true,"href":"https:\/\/www.cgvacuum.com\/de\/wp-json\/wp\/v2\/product_tag?post=1212"}],"curies":[{"name":"wp","href":"https:\/\/api.w.org\/{rel}","templated":true}]}}