{"id":1209,"date":"2025-12-09T03:29:28","date_gmt":"2025-12-09T03:29:28","guid":{"rendered":"https:\/\/www.cgvacuum.com\/?post_type=product&#038;p=1209"},"modified":"2025-12-18T09:52:03","modified_gmt":"2025-12-18T09:52:03","slug":"pvd-coating-machine-for-ceramics","status":"publish","type":"product","link":"https:\/\/www.cgvacuum.com\/de\/produkt\/pvd-coating-machine-for-ceramics\/","title":{"rendered":"PVD-Beschichtungsmaschine f\u00fcr Keramik Geschirr T\u00f6pferwaren, Multi-Arc-Ionen-Vakuum-Beschichtungsmaschine Hersteller CGVAC"},"content":{"rendered":"<h3 class=\"wp-block-heading\">Spezifikationen der PVD-Beschichtungsanlage f\u00fcr Keramik:<\/h3>\n\n\n\n<figure class=\"wp-block-table\"><table><tbody><tr><td><strong>Modellnummer<\/strong><\/td><td><strong>Abmessung DxH (mm)<\/strong><\/td><td><strong>Endvakuum (Pa)<\/strong><\/td><td><strong>Pumpzeit (Min)<\/strong>)<\/td><td><strong>Zielvorgaben (PCS)<\/strong><\/td><td><strong>Gesamtleistung (kW)<\/strong><\/td><\/tr><tr><td>DZ1214<\/td><td>1200 \u00d7 1400 mm<\/td><td>\u22648\u00d710-\u2074<\/td><td>\uff1c5<\/td><td>10<\/td><td>50<\/td><\/tr><tr><td>DZ1416<\/td><td>1400 \u00d7 1600 mm<\/td><td>\u22648\u00d710-\u2074<\/td><td>\uff1c5<\/td><td>14<\/td><td>60<\/td><\/tr><tr><td>DZ1618<\/td><td>1600 \u00d7 1800 mm<\/td><td>\u22648\u00d710-\u2074<\/td><td>\uff1c5<\/td><td>21<\/td><td>80<\/td><\/tr><tr><td>DZ1818<\/td><td>1800 \u00d7 1800 mm<\/td><td>\u22648\u00d710-\u2074<\/td><td>\uff1c5<\/td><td>28<\/td><td>110<\/td><\/tr><tr><td>DZ2118<\/td><td>2100 x 1800 mm<\/td><td>\u22648\u00d710-\u2074<\/td><td>\uff1c5<\/td><td>32<\/td><td>120<\/td><\/tr><\/tbody><\/table><\/figure>\n\n\n\n<p><strong>*Die Ger\u00e4tespezifikationen k\u00f6nnen nach Kundenwunsch angepasst werden. Die H\u00f6he oder Tiefe kann zwischen 600 mm und 10000 mm variieren.<\/strong><\/p>\n\n\n\n<div class=\"wp-block-columns is-layout-flex wp-container-core-columns-is-layout-9d6595d7 wp-block-columns-is-layout-flex\">\n<div class=\"wp-block-column is-layout-flow wp-block-column-is-layout-flow\">\n<figure class=\"wp-block-image size-full\"><img decoding=\"async\" width=\"750\" height=\"750\" src=\"https:\/\/www.cgvacuum.com\/wp-content\/uploads\/2025\/12\/Multi-Arc-Ion-Vacuum-Coating-Machine-for-Ceramics.webp\" alt=\"Mehrbogen-Ionen-Vakuumbeschichtungsmaschine f\u00fcr Keramik\" class=\"wp-image-1210\" srcset=\"https:\/\/www.cgvacuum.com\/wp-content\/uploads\/2025\/12\/Multi-Arc-Ion-Vacuum-Coating-Machine-for-Ceramics.webp 750w, https:\/\/www.cgvacuum.com\/wp-content\/uploads\/2025\/12\/Multi-Arc-Ion-Vacuum-Coating-Machine-for-Ceramics-300x300.webp 300w, https:\/\/www.cgvacuum.com\/wp-content\/uploads\/2025\/12\/Multi-Arc-Ion-Vacuum-Coating-Machine-for-Ceramics-150x150.webp 150w, https:\/\/www.cgvacuum.com\/wp-content\/uploads\/2025\/12\/Multi-Arc-Ion-Vacuum-Coating-Machine-for-Ceramics-12x12.webp 12w, https:\/\/www.cgvacuum.com\/wp-content\/uploads\/2025\/12\/Multi-Arc-Ion-Vacuum-Coating-Machine-for-Ceramics-600x600.webp 600w, https:\/\/www.cgvacuum.com\/wp-content\/uploads\/2025\/12\/Multi-Arc-Ion-Vacuum-Coating-Machine-for-Ceramics-100x100.webp 100w\" sizes=\"(max-width: 750px) 100vw, 750px\" \/><\/figure>\n<\/div>\n\n\n\n<div class=\"wp-block-column is-layout-flow wp-block-column-is-layout-flow\">\n<h3 class=\"wp-block-heading\">Merkmal der PVD-Beschichtungsanlage f\u00fcr Keramik:<\/h3>\n\n\n\n<p><strong>Optimiertes Beschichtungsverfahren f\u00fcr keramische Produkte:<\/strong> Die einzigartige Mehrbogen-Ionenquelle ist mit Keramik, Terrakotta, Glasuren und allen Arten von Geschirrmaterialien kompatibel. Die Beschichtung ist gleichm\u00e4\u00dfig und haftet stark, wodurch die Verschlei\u00dffestigkeit und Kratzfestigkeit sowie die dekorativen Eigenschaften der Oberfl\u00e4che von Keramikgegenst\u00e4nden effektiv verbessert werden.<\/p>\n\n\n\n<p><strong>Hochpr\u00e4zises Beschichtungssystem:<\/strong> Die Pr\u00e4zision bei der Temperaturregelung und der Konstruktion der Vakuumkammer erm\u00f6glicht ma\u00dfgeschneiderte Prozessparameter f\u00fcr verschiedene Keramikglasuren und Substrate. Diese Pr\u00e4zision sorgt f\u00fcr stabile Beschichtungen bei hohen Temperaturen ohne Rissbildung oder Verformung.<\/p>\n\n\n\n<p><strong>Multifunktionale Beschichtungsoptionen:<\/strong> Durch die flexible Anpassung von Foliendicke, Farbe und Leistung k\u00f6nnen funktionale, dekorative und verschlei\u00dffeste Folien verlegt werden, um die \u00e4sthetischen und leistungsbezogenen Anforderungen an Keramikprodukte zu erf\u00fcllen.<\/p>\n\n\n\n<p><strong>Hohe Kapazit\u00e4t und stabiler Betrieb: <\/strong>Das automatisierte Kontrollsystem unterst\u00fctzt die Massenproduktion zur Steigerung der Effizienz. Die \u00e4u\u00dferst robuste Konstruktion der Ausr\u00fcstung erm\u00f6glicht einen kontinuierlichen Betrieb \u00fcber einen langen Zeitraum und gew\u00e4hrleistet die Stabilit\u00e4t der Produktionslinie.<\/p>\n\n\n\n<p><strong>Umweltfreundliches und energiesparendes Design<\/strong>: Optimiertes Design im Vakuumkreislauf und hohe Zielausnutzung reduzieren den Materialverbrauch. Die hocheffiziente Steuerung des Energieverbrauchs erf\u00fcllt die Anforderungen an eine moderne, umweltfreundliche Produktion.<\/p>\n\n\n\n<p><strong>Branchen\u00fcbergreifende und anwendungs\u00fcbergreifende L\u00f6sungen:<\/strong> Sie gilt f\u00fcr Geschirr, Kunsthandwerk aus Keramik, Geschenkartikel aus Keramik, dekoratives Porzellan, Kunstkeramik und viele andere Produkte.<\/p>\n\n\n\n<p><strong>Ma\u00dfgeschneiderte Beschichtungskombinationen:<\/strong> Von der Funktionalit\u00e4t, wie Kratzfestigkeit, Korrosionsbest\u00e4ndigkeit und Verschlei\u00dffestigkeit, bis hin zur \u00c4sthetik, wie Metallglanz und satte Farben, bietet CGVAC grenzenlose L\u00f6sungen.<\/p>\n<\/div>\n<\/div>","protected":false},"excerpt":{"rendered":"<p data-start=\"2608\" data-end=\"2931\">Die CGVAC PVD-Beschichtungsanlage f\u00fcr Keramik mit Mehrbogen-Ionen-PVD-Vakuumbeschichtungstechnologie liefert hochpr\u00e4zise, mehrschichtige Beschichtungen f\u00fcr Geschirr, T\u00f6pferwaren und Zierkeramik. CGVAC bietet kundenspezifische Maschinenl\u00f6sungen und technische Unterst\u00fctzung f\u00fcr den Aufbau einer Beschichtungsproduktionslinie. Kontaktieren Sie uns f\u00fcr ma\u00dfgeschneiderte Beschichtungsl\u00f6sungen!<\/p>\n<h2>Technische Parameter:<\/h2>\n<table width=\"973\">\n<tbody>\n<tr>\n<td width=\"202\"><strong>Ziel-Materialien<\/strong><\/td>\n<td width=\"771\">Titan (Ti), Chrom (Cr), Zirkonium (Zr), TiAl, Ni, Cu, Al, Fe usw.<\/td>\n<\/tr>\n<tr>\n<td><strong>Industrielle Gase<\/strong><\/td>\n<td>Argon (Ar), Stickstoff (N\u2082), Acetylen (C\u2082H\u2082), Sauerstoff (O\u2082)<\/td>\n<\/tr>\n<tr>\n<td><strong>Beschichtungstechnologie<\/strong><\/td>\n<td>Multibogen-Ionen-Vakuum-Beschichtung<\/td>\n<\/tr>\n<tr>\n<td><strong>Farbe der Beschichtung<\/strong><\/td>\n<td>Titansilber, Gold, Ros\u00e9gold, Violett, Saphirblau, Perlmutt, Bernstein, Tiefgrau, Chromschwarz und Mehrfarbig<\/td>\n<\/tr>\n<tr>\n<td><strong>Funktionelle Beschichtungen<\/strong><\/td>\n<td>TiN, TiCN, CrN, ZrN, TiAlN, CrAlN, DLC und andere harte und verschlei\u00dffeste Beschichtungen.<\/td>\n<\/tr>\n<tr>\n<td><strong>Kernkomponenten<\/strong><\/td>\n<td>Bogenziel, Steuersystem, Pumpe<\/td>\n<\/tr>\n<tr>\n<td><strong>Anmeldung<\/strong><\/td>\n<td>Edelstahl, Metall, Sanit\u00e4rartikel, Keramikgeschirr, Schmuck, Glas, Fliesen<\/td>\n<\/tr>\n<tr>\n<td><strong>Personalisierung<\/strong><\/td>\n<td>Ma\u00dfgeschneiderte Gr\u00f6\u00dfe, Zielmaterial, Farbe, Vorrichtungsdesign und Prozessplan<\/td>\n<\/tr>\n<tr>\n<td><strong>Dienst<\/strong><\/td>\n<td>Mechanische\/Probenpr\u00fcfberichte, Video-Ausgangsinspektion und technische Anleitung.<\/td>\n<\/tr>\n<\/tbody>\n<\/table>\n<p>&nbsp;<\/p>","protected":false},"featured_media":1211,"comment_status":"closed","ping_status":"closed","template":"","meta":{"_acf_changed":true},"application":[27],"product_brand":[],"product_cat":[19],"product_tag":[],"class_list":{"0":"post-1209","1":"product","2":"type-product","3":"status-publish","4":"has-post-thumbnail","6":"application-daily-ceramics-pvd-coating-machine","7":"product_cat-multi-arc-ion-vacuum-coating-machine","9":"first","10":"instock","11":"shipping-taxable","12":"product-type-simple"},"acf":[],"_links":{"self":[{"href":"https:\/\/www.cgvacuum.com\/de\/wp-json\/wp\/v2\/product\/1209","targetHints":{"allow":["GET"]}}],"collection":[{"href":"https:\/\/www.cgvacuum.com\/de\/wp-json\/wp\/v2\/product"}],"about":[{"href":"https:\/\/www.cgvacuum.com\/de\/wp-json\/wp\/v2\/types\/product"}],"replies":[{"embeddable":true,"href":"https:\/\/www.cgvacuum.com\/de\/wp-json\/wp\/v2\/comments?post=1209"}],"wp:featuredmedia":[{"embeddable":true,"href":"https:\/\/www.cgvacuum.com\/de\/wp-json\/wp\/v2\/media\/1211"}],"wp:attachment":[{"href":"https:\/\/www.cgvacuum.com\/de\/wp-json\/wp\/v2\/media?parent=1209"}],"wp:term":[{"taxonomy":"application","embeddable":true,"href":"https:\/\/www.cgvacuum.com\/de\/wp-json\/wp\/v2\/application?post=1209"},{"taxonomy":"product_brand","embeddable":true,"href":"https:\/\/www.cgvacuum.com\/de\/wp-json\/wp\/v2\/product_brand?post=1209"},{"taxonomy":"product_cat","embeddable":true,"href":"https:\/\/www.cgvacuum.com\/de\/wp-json\/wp\/v2\/product_cat?post=1209"},{"taxonomy":"product_tag","embeddable":true,"href":"https:\/\/www.cgvacuum.com\/de\/wp-json\/wp\/v2\/product_tag?post=1209"}],"curies":[{"name":"wp","href":"https:\/\/api.w.org\/{rel}","templated":true}]}}