{"id":1206,"date":"2025-12-09T03:03:30","date_gmt":"2025-12-09T03:03:30","guid":{"rendered":"https:\/\/www.cgvacuum.com\/?post_type=product&#038;p=1206"},"modified":"2025-12-18T09:51:52","modified_gmt":"2025-12-18T09:51:52","slug":"pvd-coating-machine-for-stainless-steel","status":"publish","type":"product","link":"https:\/\/www.cgvacuum.com\/de\/produkt\/pvd-coating-machine-for-stainless-steel\/","title":{"rendered":"PVD-Beschichtungsmaschine f\u00fcr Edelstahl, Hersteller von funktionalen Vakuumbeschichtungsmaschinen in China"},"content":{"rendered":"<h3 class=\"wp-block-heading\">Spezifikationen der PVD-Beschichtungsanlage f\u00fcr Edelstahl:<\/h3>\n\n\n\n<figure class=\"wp-block-table\"><table class=\"has-fixed-layout\"><tbody><tr><td><strong>Modellnummer<\/strong><\/td><td><strong>Abmessung D*H (mm)<\/strong><\/td><td><strong>Endvakuum (Pa)<\/strong><\/td><td><strong>Pumpzeit (Min)<\/strong><\/td><\/tr><tr><td>FC1214<\/td><td>1200 \u00d7 1400 mm<\/td><td>\uff1c8\u00d710\u207b\u2074<\/td><td>\uff1c5<\/td><\/tr><tr><td>FC1416<\/td><td>1400 \u00d7 1600 mm<\/td><td>\uff1c8\u00d710\u207b\u2074<\/td><td>\uff1c5<\/td><\/tr><tr><td>FC1618<\/td><td>1600 \u00d7 1800 mm<\/td><td>\uff1c8\u00d710\u207b\u2074<\/td><td>\uff1c5<\/td><\/tr><tr><td>FC1818<\/td><td>1800 \u00d7 1800 mm<\/td><td>\uff1c8\u00d710\u207b\u2074<\/td><td>\uff1c5<\/td><\/tr><tr><td>FC2018<\/td><td>2000 \u00d7 1800 mm<\/td><td>\uff1c8\u00d710\u207b\u2074<\/td><td>\uff1c5<\/td><\/tr><\/tbody><\/table><\/figure>\n\n\n\n<p><strong>*Die Ger\u00e4tespezifikationen k\u00f6nnen entsprechend den Kundenanforderungen angepasst werden.<\/strong><\/p>\n\n\n\n<div class=\"wp-block-columns is-layout-flex wp-container-core-columns-is-layout-9d6595d7 wp-block-columns-is-layout-flex\">\n<div class=\"wp-block-column is-layout-flow wp-block-column-is-layout-flow\"><div class=\"wp-block-image\">\n<figure class=\"aligncenter size-full\"><img decoding=\"async\" width=\"800\" height=\"600\" src=\"https:\/\/www.cgvacuum.com\/wp-content\/uploads\/2025\/12\/PVD-Coating-Machine-for-Stainless-Steel.webp\" alt=\"PVD-Beschichtungsmaschine f\u00fcr Edelstahl\" class=\"wp-image-1207\" srcset=\"https:\/\/www.cgvacuum.com\/wp-content\/uploads\/2025\/12\/PVD-Coating-Machine-for-Stainless-Steel.webp 800w, https:\/\/www.cgvacuum.com\/wp-content\/uploads\/2025\/12\/PVD-Coating-Machine-for-Stainless-Steel-300x225.webp 300w, https:\/\/www.cgvacuum.com\/wp-content\/uploads\/2025\/12\/PVD-Coating-Machine-for-Stainless-Steel-768x576.webp 768w, https:\/\/www.cgvacuum.com\/wp-content\/uploads\/2025\/12\/PVD-Coating-Machine-for-Stainless-Steel-16x12.webp 16w, https:\/\/www.cgvacuum.com\/wp-content\/uploads\/2025\/12\/PVD-Coating-Machine-for-Stainless-Steel-600x450.webp 600w\" sizes=\"(max-width: 800px) 100vw, 800px\" \/><\/figure>\n<\/div><\/div>\n\n\n\n<div class=\"wp-block-column is-layout-flow wp-block-column-is-layout-flow\">\n<h3 class=\"wp-block-heading\">Merkmale der PVD-Beschichtungsanlage f\u00fcr Edelstahl:<\/h3>\n\n\n\n<p><strong>Multitechnologie-Verbundbeschichtung:<\/strong> Unterst\u00fctzt den kombinierten Einsatz mehrerer PVD-Beschichtungstechnologien, wie Multi-Arc-Ionenplattierung, Magnetron-Sputtern und Aufdampfung. Funktionale und dekorative Schichten k\u00f6nnen in einem einzigen Verarbeitungszyklus \u00fcberlagert werden und erf\u00fcllen mehrere Anforderungen wie Verschlei\u00dffestigkeit, Korrosionsbest\u00e4ndigkeit und Hochtemperaturbest\u00e4ndigkeit.<\/p>\n\n\n\n<p><strong>Hochpr\u00e4zise mechanische Steuerung<\/strong>: Eine Pr\u00e4zisionsvakuumkammer und ein Temperaturkontrollsystem gew\u00e4hrleisten die Gleichm\u00e4\u00dfigkeit und Stabilit\u00e4t der Beschichtung von Edelstahlprodukten. Das automatisierte Kontrollsystem unterst\u00fctzt die Massenproduktion und die Umstellung auf kleine Chargen und unterschiedliche Prozesse.<\/p>\n\n\n\n<p><strong>Vollst\u00e4ndige Materialkompatibilit\u00e4t: <\/strong>Speziell f\u00fcr Edelstahl und andere metallische Werkstoffe entwickelt, aber auch anpassbar an Verbundwerkstoffe und Legierungen. Erm\u00f6glicht flexible Kombinationen aus verschiedenen Farben und Funktionsfolien.<\/p>\n\n\n\n<p><strong>Hocheffizientes und energiesparendes Design<\/strong>: Schnelle Abscheidung und ein System mit hoher Energieausbeute reduzieren die Produktionszyklen und den Energieverbrauch. Effiziente Gaszirkulation und Zielverwendungstechnologie reduzieren den Materialabfall.<\/p>\n\n\n\n<p><strong>Einfache Wartung:<\/strong> Das modulare Komponentendesign erleichtert die Wartung und erm\u00f6glicht einen schnellen Austausch der Ziele oder eine Aufr\u00fcstung der Beschichtungsl\u00f6sung. Die kompakte Ger\u00e4testruktur unterst\u00fctzt eine langfristige, kontinuierliche Produktion und gew\u00e4hrleistet eine stabile Leistung.<\/p>\n\n\n\n<p><strong>PVD-Beschichtungsl\u00f6sungen f\u00fcr mehrere Anwendungen<\/strong>: Geeignet f\u00fcr verschiedene Industriezweige, darunter K\u00fcchenger\u00e4te, Badezimmerarmaturen, dekorative Baumaterialien, Eisenwarenwerkzeuge, Elektronikgeh\u00e4use und Schmuck. Die Beschichtungskombination kann je nach Kundenwunsch angepasst werden, um vielf\u00e4ltige Anwendungen zu erm\u00f6glichen, die Dekoration und Funktionalit\u00e4t miteinander verbinden.<\/p>\n<\/div>\n<\/div>","protected":false},"excerpt":{"rendered":"<p data-start=\"813\" data-end=\"972\">CGVAC PVD-Beschichtungsanlagen f\u00fcr Edelstahl bieten anpassbare, technologie\u00fcbergreifende Beschichtungen, die \u00c4sthetik, Langlebigkeit und funktionale Leistung miteinander verbinden. Wir bieten funktionelle PVD-Beschichtungsanlagen als OEM\/ODM-Dienstleistungen f\u00fcr verschiedene Branchen an. Kontaktieren Sie uns, um eine ma\u00dfgeschneiderte Beschichtungsanlage zu erhalten!\u00a0<\/p>\n<h2>Technische Parameter:<\/h2>\n<table style=\"border-collapse: collapse; width: 729.77pt;\" border=\"0\" width=\"973\" cellspacing=\"0\" cellpadding=\"0\">\n<tbody>\n<tr style=\"height: 16.50pt;\">\n<td class=\"et4\" style=\"height: 16.50pt; width: 152.20pt;\" width=\"202\" height=\"22\"><strong>Ziel-Materialien<\/strong><\/td>\n<td class=\"et5\" style=\"width: 578.25pt;\" width=\"771\">Titan (Ti), Chrom (Cr), DLC \/ Kohlenstoff-Targets, TiAl \/ TiSiN, Chromnitrid \/ Titannitrid-Systeme<\/td>\n<\/tr>\n<tr style=\"height: 16.50pt;\">\n<td class=\"et4\" style=\"height: 16.50pt;\" height=\"22\"><strong>Industriegase<\/strong><\/td>\n<td class=\"et5\"><span class=\"font1\">Argon (Ar), Stickstoff (N<\/span><span class=\"font3\">\u2082<\/span><span class=\"font1\">), Sauerstoff (O<\/span><span class=\"font3\">\u2082<\/span><span class=\"font1\">), C<\/span><span class=\"font3\">\u2082<\/span><span class=\"font1\">H<\/span><span class=\"font3\">\u2082<\/span><span class=\"font1\">\/CH<\/span><span class=\"font3\">\u2084<\/span><span class=\"font1\">, Spezielle Gasgemische<\/span><\/td>\n<\/tr>\n<tr style=\"height: 16.50pt;\">\n<td class=\"et4\" style=\"height: 16.50pt;\" height=\"22\"><strong>Beschichtungstechnologie<\/strong><\/td>\n<td class=\"et5\">Magnetronsputtern, Ionenbogen, E-Beam-Verdampfung, CVD<\/td>\n<\/tr>\n<tr style=\"height: 16.50pt;\">\n<td class=\"et4\" style=\"height: 16.50pt;\" height=\"22\"><strong>Beschichtungssysteme<\/strong><\/td>\n<td class=\"et5\">\n<p><span class=\"font1\">DLC, TCO, Anti-Fingerabdruck-Folien<br \/>ITO-, SiO\u2082- und TiO\u2082-Optikfolien<br \/>Korrosionsbest\u00e4ndige, verschlei\u00dffeste, entspiegelte Beschichtungen<\/span><\/p>\n<\/td>\n<\/tr>\n<tr style=\"height: 16.50pt;\">\n<td class=\"et4\" style=\"height: 16.50pt;\" height=\"22\"><strong>Kernkomponenten<\/strong><\/td>\n<td class=\"et6\">Bogenziel, Steuersystem, Pumpe<\/td>\n<\/tr>\n<tr style=\"height: 16.50pt;\">\n<td class=\"et4\" style=\"height: 16.50pt;\" height=\"22\"><strong>Anmeldung<\/strong><\/td>\n<td class=\"et5\">Elektronik und Optik, Edelstahl, Glas, Kunststoffe, Keramik<\/td>\n<\/tr>\n<tr style=\"height: 16.50pt;\">\n<td class=\"et4\" style=\"height: 16.50pt;\" height=\"22\"><strong>Personalisierung<\/strong><\/td>\n<td class=\"et6\">Ma\u00dfgeschneiderte Gr\u00f6\u00dfe, Zielmaterial, Farbe, Vorrichtungsdesign und Prozessplan<\/td>\n<\/tr>\n<tr style=\"height: 16.50pt;\">\n<td class=\"et4\" style=\"height: 16.50pt;\" height=\"22\"><strong>Dienst<\/strong><\/td>\n<td class=\"et6\">Mechanische\/Probenpr\u00fcfberichte, Video-Ausgangsinspektion und technische Anleitung.<\/td>\n<\/tr>\n<\/tbody>\n<\/table>\n<p>&nbsp;<\/p>\n<p>&nbsp;<\/p>","protected":false},"featured_media":1207,"comment_status":"closed","ping_status":"closed","template":"","meta":{"_acf_changed":true},"application":[26],"product_brand":[],"product_cat":[22],"product_tag":[],"class_list":{"0":"post-1206","1":"product","2":"type-product","3":"status-publish","4":"has-post-thumbnail","6":"application-stainless-steel-pvd-coating-machine","7":"product_cat-functional-pvd-coating-machine","9":"first","10":"instock","11":"shipping-taxable","12":"product-type-simple"},"acf":[],"_links":{"self":[{"href":"https:\/\/www.cgvacuum.com\/de\/wp-json\/wp\/v2\/product\/1206","targetHints":{"allow":["GET"]}}],"collection":[{"href":"https:\/\/www.cgvacuum.com\/de\/wp-json\/wp\/v2\/product"}],"about":[{"href":"https:\/\/www.cgvacuum.com\/de\/wp-json\/wp\/v2\/types\/product"}],"replies":[{"embeddable":true,"href":"https:\/\/www.cgvacuum.com\/de\/wp-json\/wp\/v2\/comments?post=1206"}],"wp:featuredmedia":[{"embeddable":true,"href":"https:\/\/www.cgvacuum.com\/de\/wp-json\/wp\/v2\/media\/1207"}],"wp:attachment":[{"href":"https:\/\/www.cgvacuum.com\/de\/wp-json\/wp\/v2\/media?parent=1206"}],"wp:term":[{"taxonomy":"application","embeddable":true,"href":"https:\/\/www.cgvacuum.com\/de\/wp-json\/wp\/v2\/application?post=1206"},{"taxonomy":"product_brand","embeddable":true,"href":"https:\/\/www.cgvacuum.com\/de\/wp-json\/wp\/v2\/product_brand?post=1206"},{"taxonomy":"product_cat","embeddable":true,"href":"https:\/\/www.cgvacuum.com\/de\/wp-json\/wp\/v2\/product_cat?post=1206"},{"taxonomy":"product_tag","embeddable":true,"href":"https:\/\/www.cgvacuum.com\/de\/wp-json\/wp\/v2\/product_tag?post=1206"}],"curies":[{"name":"wp","href":"https:\/\/api.w.org\/{rel}","templated":true}]}}