{"id":1204,"date":"2025-12-09T02:39:40","date_gmt":"2025-12-09T02:39:40","guid":{"rendered":"https:\/\/www.cgvacuum.com\/?post_type=product&#038;p=1204"},"modified":"2025-12-18T09:51:38","modified_gmt":"2025-12-18T09:51:38","slug":"pvd-coating-machine-for-plastic","status":"publish","type":"product","link":"https:\/\/www.cgvacuum.com\/de\/produkt\/pvd-coating-machine-for-plastic\/","title":{"rendered":"PVD-Beschichtungsmaschine f\u00fcr Kunststoff, Multi-Arc-Ionen-Vakuumbeschichtungsmaschine PVD-System"},"content":{"rendered":"<h3 class=\"wp-block-heading\">Spezifikationen der PVD-Beschichtungsmaschine f\u00fcr Kunststoff:<\/h3>\n\n\n\n<figure class=\"wp-block-table\"><table><tbody><tr><td><strong>Modellnummer<\/strong><\/td><td><strong>Abmessung DxH (mm)<\/strong><\/td><td><strong>Endvakuum (Pa)<\/strong><\/td><td><strong>Pumpzeit (Min)<\/strong>)<\/td><td><strong>Zielvorgaben (PCS)<\/strong><\/td><td><strong>Gesamtleistung (kW)<\/strong><\/td><\/tr><tr><td>DZ1214<\/td><td>1200 \u00d7 1400 mm<\/td><td>\u22648\u00d710-\u2074<\/td><td>\uff1c5<\/td><td>10<\/td><td>50<\/td><\/tr><tr><td>DZ1416<\/td><td>1400 \u00d7 1600 mm<\/td><td>\u22648\u00d710-\u2074<\/td><td>\uff1c5<\/td><td>14<\/td><td>60<\/td><\/tr><tr><td>DZ1618<\/td><td>1600 \u00d7 1800 mm<\/td><td>\u22648\u00d710-\u2074<\/td><td>\uff1c5<\/td><td>21<\/td><td>80<\/td><\/tr><tr><td>DZ1818<\/td><td>1800 \u00d7 1800 mm<\/td><td>\u22648\u00d710-\u2074<\/td><td>\uff1c5<\/td><td>28<\/td><td>110<\/td><\/tr><tr><td>DZ2118<\/td><td>2100 x 1800 mm<\/td><td>\u22648\u00d710-\u2074<\/td><td>\uff1c5<\/td><td>32<\/td><td>120<\/td><\/tr><\/tbody><\/table><\/figure>\n\n\n\n<p><strong>*Die Ger\u00e4tespezifikationen k\u00f6nnen nach Kundenwunsch angepasst werden. Die H\u00f6he oder Tiefe kann zwischen 600 mm und 10000 mm variieren.<\/strong><\/p>\n\n\n\n<div class=\"wp-block-columns is-layout-flex wp-container-core-columns-is-layout-9d6595d7 wp-block-columns-is-layout-flex\">\n<div class=\"wp-block-column is-layout-flow wp-block-column-is-layout-flow\">\n<figure class=\"wp-block-image size-full\"><img decoding=\"async\" width=\"755\" height=\"755\" src=\"https:\/\/www.cgvacuum.com\/wp-content\/uploads\/2025\/12\/PVD-Coating-Machine-for-Plastic.webp\" alt=\"PVD-Beschichtungsmaschine f\u00fcr Kunststoff Multi Arc Ion\" class=\"wp-image-1205\" srcset=\"https:\/\/www.cgvacuum.com\/wp-content\/uploads\/2025\/12\/PVD-Coating-Machine-for-Plastic.webp 755w, https:\/\/www.cgvacuum.com\/wp-content\/uploads\/2025\/12\/PVD-Coating-Machine-for-Plastic-300x300.webp 300w, https:\/\/www.cgvacuum.com\/wp-content\/uploads\/2025\/12\/PVD-Coating-Machine-for-Plastic-150x150.webp 150w, https:\/\/www.cgvacuum.com\/wp-content\/uploads\/2025\/12\/PVD-Coating-Machine-for-Plastic-12x12.webp 12w, https:\/\/www.cgvacuum.com\/wp-content\/uploads\/2025\/12\/PVD-Coating-Machine-for-Plastic-600x600.webp 600w, https:\/\/www.cgvacuum.com\/wp-content\/uploads\/2025\/12\/PVD-Coating-Machine-for-Plastic-100x100.webp 100w\" sizes=\"(max-width: 755px) 100vw, 755px\" \/><\/figure>\n<\/div>\n\n\n\n<div class=\"wp-block-column is-layout-flow wp-block-column-is-layout-flow\">\n<h3 class=\"wp-block-heading\">Merkmale der PVD-Beschichtungsanlage f\u00fcr Kunststoff:<\/h3>\n\n\n\n<p><strong>Vollautomatische Multi-Arc-Ionenplattierungs-Technologie<\/strong>: Durch den Einsatz einer fortschrittlichen Mehrbogen-Ionenquelle werden hohe Abscheideraten, gleichm\u00e4\u00dfige Schichten und eine starke Haftung gew\u00e4hrleistet. Durch die pr\u00e4zise Steuerung der Schichtdicke werden erstklassige Beschichtungen f\u00fcr Kunststoff- und Metalloberfl\u00e4chen erzielt.<\/p>\n\n\n\n<p><strong>Multi-Material-Anwendbarkeit<\/strong>: Kann verschiedene Kunststoffprodukte, Metallteile und Verbundwerkstoffe verarbeiten.<\/p>\n\n\n\n<p><strong>Vielfalt bei den Beschichtungsl\u00f6sungen<\/strong>: Metallische Texturen, dekorative Farben, verschlei\u00dffeste Funktionsfolien, Korrosionsschutzbeschichtungen usw.<\/p>\n\n\n\n<p><strong>Modularer Aufbau<\/strong>: Ausgestattet mit einem intelligenten Steuersystem, erm\u00f6glicht es die Umstellung der Produktion zwischen Chargen und kleinen Chargen. Das modulare Anlagendesign ist effizienter und effektiver in Bezug auf die Reduzierung der Wartungskosten und die Verringerung der Ausfallzeiten.<\/p>\n\n\n\n<p><strong>Stabil und zuverl\u00e4ssig<\/strong>: Hergestellt aus hochbest\u00e4ndigen Materialien, geeignet f\u00fcr eine langfristige, kontinuierliche Produktion. Das Pr\u00e4zisionsvakuumsystem sorgt f\u00fcr eine gleichm\u00e4\u00dfige Folie und eine hohe Haftfestigkeit.<\/p>\n\n\n\n<p><strong>Hocheffizient und energiesparend:<\/strong> Schnelle Abscheidung verk\u00fcrzt die Produktionszyklen. Der niedrige Stromverbrauch verbessert die Produktionseffizienz und die Umweltvertr\u00e4glichkeit.<\/p>\n\n\n\n<p><strong>Umfassende PVD-Beschichtungsl\u00f6sungen f\u00fcr mehrere Anwendungen<\/strong>: Die Beschichtungsl\u00f6sungen aus einer Hand werden f\u00fcr Unterhaltungselektronik, Kfz-Innenteile, kosmetische Verpackungen, Eisenwarenwerkzeuge, Edelstahlprodukte usw. angeboten und erf\u00fcllen die unterschiedlichen Anforderungen der Kunden an funktionale und dekorative Folien, die in verschiedenen Branchen eingesetzt werden.<\/p>\n<\/div>\n<\/div>","protected":false},"excerpt":{"rendered":"<p data-start=\"2608\" data-end=\"2931\">Die CGVAC PVD-Beschichtungsanlage f\u00fcr Kunststoffe, ein Mehrbogen-Ionen-PVD-Vakuum-Beschichtungssystem, unterst\u00fctzt die hochwertige Beschichtung von Kunststoffen und verschiedenen anderen Materialien und bietet flexible und vielseitige L\u00f6sungen f\u00fcr dekorative und funktionelle Beschichtungsanforderungen. Kontaktieren Sie uns jetzt f\u00fcr ma\u00dfgeschneiderte L\u00f6sungen und technische Unterst\u00fctzung!<\/p>\n<h2>Technische Parameter:<\/h2>\n<table width=\"973\">\n<tbody>\n<tr>\n<td width=\"202\"><strong>Ziel-Materialien<\/strong><\/td>\n<td width=\"771\">Titan (Ti), Chrom (Cr), Zirkonium (Zr), TiAl, Ni, Cu, Al, Fe usw.<\/td>\n<\/tr>\n<tr>\n<td><strong>Industrielle Gase<\/strong><\/td>\n<td>Argon (Ar), Stickstoff (N\u2082), Acetylen (C\u2082H\u2082), Sauerstoff (O\u2082)<\/td>\n<\/tr>\n<tr>\n<td><strong>Beschichtungstechnologie<\/strong><\/td>\n<td>Multibogen-Ionen-Vakuum-Beschichtung<\/td>\n<\/tr>\n<tr>\n<td><strong>Farbe der Beschichtung<\/strong><\/td>\n<td>Titansilber, Gold, Ros\u00e9gold, Violett, Saphirblau, Perlmutt, Bernstein, Tiefgrau, Chromschwarz und Mehrfarbig<\/td>\n<\/tr>\n<tr>\n<td><strong>Funktionelle Beschichtungen<\/strong><\/td>\n<td>TiN, TiCN, CrN, ZrN, TiAlN, CrAlN, DLC und andere harte und verschlei\u00dffeste Beschichtungen.<\/td>\n<\/tr>\n<tr>\n<td><strong>Kernkomponenten<\/strong><\/td>\n<td>Bogenziel, Steuersystem, Pumpe<\/td>\n<\/tr>\n<tr>\n<td><strong>Anmeldung<\/strong><\/td>\n<td>Edelstahl, Metall, Sanit\u00e4rartikel, Keramikgeschirr, Schmuck, Glas, Fliesen<\/td>\n<\/tr>\n<tr>\n<td><strong>Personalisierung<\/strong><\/td>\n<td>Ma\u00dfgeschneiderte Gr\u00f6\u00dfe, Zielmaterial, Farbe, Vorrichtungsdesign und Prozessplan<\/td>\n<\/tr>\n<tr>\n<td><strong>Dienst<\/strong><\/td>\n<td>Mechanische\/Probenpr\u00fcfberichte, Video-Ausgangsinspektion und technische Anleitung.<\/td>\n<\/tr>\n<\/tbody>\n<\/table>\n<p>&nbsp;<\/p>","protected":false},"featured_media":1205,"comment_status":"closed","ping_status":"closed","template":"","meta":{"_acf_changed":true},"application":[24],"product_brand":[],"product_cat":[19],"product_tag":[],"class_list":{"0":"post-1204","1":"product","2":"type-product","3":"status-publish","4":"has-post-thumbnail","6":"application-plastic-pvd-coating-machine","7":"product_cat-multi-arc-ion-vacuum-coating-machine","9":"first","10":"instock","11":"shipping-taxable","12":"product-type-simple"},"acf":[],"_links":{"self":[{"href":"https:\/\/www.cgvacuum.com\/de\/wp-json\/wp\/v2\/product\/1204","targetHints":{"allow":["GET"]}}],"collection":[{"href":"https:\/\/www.cgvacuum.com\/de\/wp-json\/wp\/v2\/product"}],"about":[{"href":"https:\/\/www.cgvacuum.com\/de\/wp-json\/wp\/v2\/types\/product"}],"replies":[{"embeddable":true,"href":"https:\/\/www.cgvacuum.com\/de\/wp-json\/wp\/v2\/comments?post=1204"}],"wp:featuredmedia":[{"embeddable":true,"href":"https:\/\/www.cgvacuum.com\/de\/wp-json\/wp\/v2\/media\/1205"}],"wp:attachment":[{"href":"https:\/\/www.cgvacuum.com\/de\/wp-json\/wp\/v2\/media?parent=1204"}],"wp:term":[{"taxonomy":"application","embeddable":true,"href":"https:\/\/www.cgvacuum.com\/de\/wp-json\/wp\/v2\/application?post=1204"},{"taxonomy":"product_brand","embeddable":true,"href":"https:\/\/www.cgvacuum.com\/de\/wp-json\/wp\/v2\/product_brand?post=1204"},{"taxonomy":"product_cat","embeddable":true,"href":"https:\/\/www.cgvacuum.com\/de\/wp-json\/wp\/v2\/product_cat?post=1204"},{"taxonomy":"product_tag","embeddable":true,"href":"https:\/\/www.cgvacuum.com\/de\/wp-json\/wp\/v2\/product_tag?post=1204"}],"curies":[{"name":"wp","href":"https:\/\/api.w.org\/{rel}","templated":true}]}}