{"id":1196,"date":"2025-12-03T08:46:57","date_gmt":"2025-12-03T08:46:57","guid":{"rendered":"https:\/\/www.cgvacuum.com\/?post_type=product&#038;p=1196"},"modified":"2025-12-03T09:33:04","modified_gmt":"2025-12-03T09:33:04","slug":"plastic-pvd-coating-machine","status":"publish","type":"product","link":"https:\/\/www.cgvacuum.com\/de\/produkt\/plastic-pvd-coating-machine\/","title":{"rendered":"Kunststoff-PVD-Beschichtungsmaschine CGVAC Hersteller von funktionalen PVD-Beschichtungsmaschinen in China"},"content":{"rendered":"<h3 class=\"wp-block-heading\">Spezifikationen der Kunststoff-PVD-Beschichtungsmaschine:<\/h3>\n\n\n\n<figure class=\"wp-block-table\"><table class=\"has-fixed-layout\"><tbody><tr><td><strong>Modellnummer<\/strong><\/td><td><strong>Abmessung D*H (mm)<\/strong><\/td><td><strong>Endvakuum (Pa)<\/strong><\/td><td><strong>Pumpzeit (Min)<\/strong><\/td><\/tr><tr><td>FC1214<\/td><td>1200 \u00d7 1400 mm<\/td><td>\uff1c8\u00d710\u207b\u2074<\/td><td>\uff1c5<\/td><\/tr><tr><td>FC1416<\/td><td>1400 \u00d7 1600 mm<\/td><td>\uff1c8\u00d710\u207b\u2074<\/td><td>\uff1c5<\/td><\/tr><tr><td>FC1618<\/td><td>1600 \u00d7 1800 mm<\/td><td>\uff1c8\u00d710\u207b\u2074<\/td><td>\uff1c5<\/td><\/tr><tr><td>FC1818<\/td><td>1800 \u00d7 1800 mm<\/td><td>\uff1c8\u00d710\u207b\u2074<\/td><td>\uff1c5<\/td><\/tr><tr><td>FC2018<\/td><td>2000 \u00d7 1800 mm<\/td><td>\uff1c8\u00d710\u207b\u2074<\/td><td>\uff1c5<\/td><\/tr><\/tbody><\/table><\/figure>\n\n\n\n<p><strong>*Die Ger\u00e4tespezifikationen k\u00f6nnen entsprechend den Kundenanforderungen angepasst werden.<\/strong><\/p>\n\n\n\n<div class=\"wp-block-columns is-layout-flex wp-container-core-columns-is-layout-9d6595d7 wp-block-columns-is-layout-flex\">\n<div class=\"wp-block-column is-layout-flow wp-block-column-is-layout-flow\"><div class=\"wp-block-image\">\n<figure class=\"aligncenter size-full\"><img decoding=\"async\" width=\"680\" height=\"312\" src=\"https:\/\/www.cgvacuum.com\/wp-content\/uploads\/2025\/12\/plastic-pvd-coating-machine.webp\" alt=\"Kunststoff-PVD-Beschichtungsmaschine\" class=\"wp-image-1197\" srcset=\"https:\/\/www.cgvacuum.com\/wp-content\/uploads\/2025\/12\/plastic-pvd-coating-machine.webp 680w, https:\/\/www.cgvacuum.com\/wp-content\/uploads\/2025\/12\/plastic-pvd-coating-machine-300x138.webp 300w, https:\/\/www.cgvacuum.com\/wp-content\/uploads\/2025\/12\/plastic-pvd-coating-machine-18x8.webp 18w, https:\/\/www.cgvacuum.com\/wp-content\/uploads\/2025\/12\/plastic-pvd-coating-machine-600x275.webp 600w\" sizes=\"(max-width: 680px) 100vw, 680px\" \/><\/figure>\n<\/div><\/div>\n\n\n\n<div class=\"wp-block-column is-layout-flow wp-block-column-is-layout-flow\">\n<h3 class=\"wp-block-heading\">Merkmale der Kunststoff-PVD-Beschichtungsmaschine:<\/h3>\n\n\n\n<p><strong>Niedertemperatur-Beschichtungssystem:<\/strong> Durch den Einsatz der von CGVAC eigenst\u00e4ndig entwickelten Technologie f\u00fcr Niedertemperaturverdampfung und pr\u00e4zise Temperaturregelung in der Kammer verhindert dieses System wirksam Verformungen, Verwerfungen und Oberfl\u00e4chenbesch\u00e4digungen an Kunststoffen wie ABS, PC, PP und PMMA w\u00e4hrend des Beschichtungsprozesses und gew\u00e4hrleistet so Chargenstabilit\u00e4t und hohe Ausbeute.<\/p>\n\n\n\n<p><strong>Verbesserte Haftung:<\/strong> Durch die Kombination von Plasmaoberfl\u00e4chenaktivierung, ionisierungsunterst\u00fctzter Beschichtung und einem Metall\u00fcbergangsschichtverfahren verbessert dieses System die Filmhaftung erheblich und macht Funktionsbeschichtungen verschlei\u00dffester, kratzfester und schwei\u00dfbest\u00e4ndiger. Damit eignet es sich ideal f\u00fcr anspruchsvolle Branchen wie Elektronikgeh\u00e4use, Automobilverkleidungen und Kosmetikverpackungen.<\/p>\n\n\n\n<p><strong>Kompatibilit\u00e4t mit mehreren Prozessen:<\/strong> Unterst\u00fctzt verschiedene funktionale und dekorative Folienbeschichtungen auf Kunststoffoberfl\u00e4chen, darunter kratzfeste H\u00e4rtungsfolien, AF-Anti-Fingerabdruck-Folien, EMI-Abschirmungs-\/Leitfolien, verschlei\u00dffeste Metallfolien und farbige Dekorfolien. Eine Maschine erf\u00fcllt alle Anforderungen von Herstellern verschiedener Arten von Kunststoffprodukten.<\/p>\n\n\n\n<p><strong>Anpassbare Struktur<\/strong>CGVAC kann je nach Fabrikgr\u00f6\u00dfe mit Mehrstationen-Kammern, rotierenden Aufh\u00e4ngern, mehrschichtigen Befestigungsstrukturen und automatischen Zuf\u00fchrsystemen konfiguriert werden. Dies erm\u00f6glicht eine hochleistungsf\u00e4hige, kontinuierliche und stabile Produktion, die sich f\u00fcr die Lieferung gro\u00dfvolumiger Auftr\u00e4ge f\u00fcr B2B-Kunden eignet. Langfristiger technischer Support: Wir bieten einen Komplettservice, einschlie\u00dflich Schulungen zum gesamten Prozess, Unterst\u00fctzung bei der Fehlerbehebung in der Massenproduktion, Ferndiagnose und Vor-Ort-Service im Ausland sowie eine stabile Ersatzteilversorgung, damit Kunden schnell reproduzierbare, skalierbare und hochstabile Produktionslinien f\u00fcr die Kunststoff-PVD-Beschichtung einrichten k\u00f6nnen.<\/p>\n<\/div>\n<\/div>","protected":false},"excerpt":{"rendered":"<p>CGVAC Kunststoff-PVD-Beschichtungsmaschine mit Niedrigtemperatursystem, starkem Haftungsprozess und multifunktionalen Beschichtungen. Sie erm\u00f6glicht eine hocheffiziente, gleichm\u00e4\u00dfige und funktionale Kunststoffbeschichtung. Ma\u00dfgeschneiderte L\u00f6sungen und umfassender technischer Support \u2013 kontaktieren Sie uns jetzt, um eine hochwertige Kunststoffbeschichtungsl\u00f6sung zu erhalten!<\/p>\n<h2>Technische Parameter:<\/h2>\n<table style=\"border-collapse: collapse; width: 729.77pt;\" border=\"0\" width=\"973\" cellspacing=\"0\" cellpadding=\"0\">\n<tbody>\n<tr style=\"height: 16.50pt;\">\n<td class=\"et4\" style=\"height: 16.50pt; width: 152.20pt;\" width=\"202\" height=\"22\"><strong>Ziel-Materialien<\/strong><\/td>\n<td class=\"et5\" style=\"width: 578.25pt;\" width=\"771\">Titan (Ti), Chrom (Cr), DLC \/ Kohlenstoff-Targets, TiAl \/ TiSiN, Chromnitrid \/ Titannitrid-Systeme<\/td>\n<\/tr>\n<tr style=\"height: 16.50pt;\">\n<td class=\"et4\" style=\"height: 16.50pt;\" height=\"22\"><strong>Industriegase<\/strong><\/td>\n<td class=\"et5\"><span class=\"font1\">Argon (Ar), Stickstoff (N<\/span><span class=\"font3\">\u2082<\/span><span class=\"font1\">), Sauerstoff (O<\/span><span class=\"font3\">\u2082<\/span><span class=\"font1\">), C<\/span><span class=\"font3\">\u2082<\/span><span class=\"font1\">H<\/span><span class=\"font3\">\u2082<\/span><span class=\"font1\">\/CH<\/span><span class=\"font3\">\u2084<\/span><span class=\"font1\">, Spezielle Gasgemische<\/span><\/td>\n<\/tr>\n<tr style=\"height: 16.50pt;\">\n<td class=\"et4\" style=\"height: 16.50pt;\" height=\"22\"><strong>Beschichtungstechnologie<\/strong><\/td>\n<td class=\"et5\">Magnetronsputtern, Ionenbogen, E-Beam-Verdampfung, CVD<\/td>\n<\/tr>\n<tr style=\"height: 16.50pt;\">\n<td class=\"et4\" style=\"height: 16.50pt;\" height=\"22\"><strong>Beschichtungssysteme<\/strong><\/td>\n<td class=\"et5\">\n<p><span class=\"font1\">DLC, TCO, Anti-Fingerabdruck-Folien<br \/>ITO-, SiO\u2082- und TiO\u2082-Optikfolien<br \/>Korrosionsbest\u00e4ndige, verschlei\u00dffeste, entspiegelte Beschichtungen<\/span><\/p>\n<\/td>\n<\/tr>\n<tr style=\"height: 16.50pt;\">\n<td class=\"et4\" style=\"height: 16.50pt;\" height=\"22\"><strong>Kernkomponenten<\/strong><\/td>\n<td class=\"et6\">Bogenziel, Steuersystem, Pumpe<\/td>\n<\/tr>\n<tr style=\"height: 16.50pt;\">\n<td class=\"et4\" style=\"height: 16.50pt;\" height=\"22\"><strong>Anmeldung<\/strong><\/td>\n<td class=\"et5\">Elektronik und Optik, Edelstahl, Glas, Kunststoffe, Keramik<\/td>\n<\/tr>\n<tr style=\"height: 16.50pt;\">\n<td class=\"et4\" style=\"height: 16.50pt;\" height=\"22\"><strong>Personalisierung<\/strong><\/td>\n<td class=\"et6\">Ma\u00dfgeschneiderte Gr\u00f6\u00dfe, Zielmaterial, Farbe, Vorrichtungsdesign und Prozessplan<\/td>\n<\/tr>\n<tr style=\"height: 16.50pt;\">\n<td class=\"et4\" style=\"height: 16.50pt;\" height=\"22\"><strong>Dienst<\/strong><\/td>\n<td class=\"et6\">Mechanische\/Probenpr\u00fcfberichte, Video-Ausgangsinspektion und technische Anleitung.<\/td>\n<\/tr>\n<\/tbody>\n<\/table>\n<p>&nbsp;<\/p>\n<p>&nbsp;<\/p>","protected":false},"featured_media":1198,"comment_status":"closed","ping_status":"closed","template":"","meta":{"_acf_changed":true},"application":[24],"product_brand":[],"product_cat":[22],"product_tag":[],"class_list":{"0":"post-1196","1":"product","2":"type-product","3":"status-publish","4":"has-post-thumbnail","6":"application-plastic-pvd-coating-machine","7":"product_cat-functional-pvd-coating-machine","9":"first","10":"instock","11":"shipping-taxable","12":"product-type-simple"},"acf":[],"_links":{"self":[{"href":"https:\/\/www.cgvacuum.com\/de\/wp-json\/wp\/v2\/product\/1196","targetHints":{"allow":["GET"]}}],"collection":[{"href":"https:\/\/www.cgvacuum.com\/de\/wp-json\/wp\/v2\/product"}],"about":[{"href":"https:\/\/www.cgvacuum.com\/de\/wp-json\/wp\/v2\/types\/product"}],"replies":[{"embeddable":true,"href":"https:\/\/www.cgvacuum.com\/de\/wp-json\/wp\/v2\/comments?post=1196"}],"wp:featuredmedia":[{"embeddable":true,"href":"https:\/\/www.cgvacuum.com\/de\/wp-json\/wp\/v2\/media\/1198"}],"wp:attachment":[{"href":"https:\/\/www.cgvacuum.com\/de\/wp-json\/wp\/v2\/media?parent=1196"}],"wp:term":[{"taxonomy":"application","embeddable":true,"href":"https:\/\/www.cgvacuum.com\/de\/wp-json\/wp\/v2\/application?post=1196"},{"taxonomy":"product_brand","embeddable":true,"href":"https:\/\/www.cgvacuum.com\/de\/wp-json\/wp\/v2\/product_brand?post=1196"},{"taxonomy":"product_cat","embeddable":true,"href":"https:\/\/www.cgvacuum.com\/de\/wp-json\/wp\/v2\/product_cat?post=1196"},{"taxonomy":"product_tag","embeddable":true,"href":"https:\/\/www.cgvacuum.com\/de\/wp-json\/wp\/v2\/product_tag?post=1196"}],"curies":[{"name":"wp","href":"https:\/\/api.w.org\/{rel}","templated":true}]}}