{"id":1194,"date":"2025-12-03T07:51:33","date_gmt":"2025-12-03T07:51:33","guid":{"rendered":"https:\/\/www.cgvacuum.com\/?post_type=product&#038;p=1194"},"modified":"2026-02-28T06:40:11","modified_gmt":"2026-02-28T06:40:11","slug":"ceramics-pvd-coating-machine","status":"publish","type":"product","link":"https:\/\/www.cgvacuum.com\/de\/produkt\/ceramics-pvd-coating-machine\/","title":{"rendered":"Keramik PVD-Beschichtungsmaschine, Verdampfungs-Vakuum-Beschichtungsmaschine f\u00fcr keramische Ornamente"},"content":{"rendered":"<h3 class=\"wp-block-heading\">Spezifikationen der Keramik-PVD-Beschichtungsmaschine:<\/h3>\n\n\n\n<figure class=\"wp-block-table\"><table class=\"has-fixed-layout\"><tbody><tr><td><strong>Modellnummer<\/strong><\/td><td><strong>Abmessung DxH (mm)<\/strong><\/td><td><strong>Endvakuum (Pa)<\/strong><\/td><td><strong>Pumpzeit (Min)<\/strong><\/td><td><strong>Gesamtleistung (kW)<\/strong><\/td><\/tr><tr><td>ZZ1214<\/td><td>1200 \u00d7 1400 mm<\/td><td>\u22648\u00d710-\u2074<\/td><td>\uff1c5<\/td><td>35<\/td><\/tr><tr><td>ZZ1416<\/td><td>1400 \u00d7 1600 mm<\/td><td>\u22648\u00d710-\u2074<\/td><td>\uff1c5<\/td><td>65<\/td><\/tr><tr><td>ZZ1618<\/td><td>1600 \u00d7 1800 mm<\/td><td>\u22648\u00d710-\u2074<\/td><td>\uff1c5<\/td><td>75<\/td><\/tr><tr><td>ZZ1820<\/td><td>1800 \u00d7 2000 mm<\/td><td>\u22648\u00d710-\u2074<\/td><td>\uff1c5<\/td><td>90<\/td><\/tr><tr><td>ZZ2020<\/td><td>2000 \u00d7 2000 mm<\/td><td>\u22648\u00d710-\u2074<\/td><td>\uff1c5<\/td><td>105<\/td><\/tr><\/tbody><\/table><\/figure>\n\n\n\n<p><strong>*Die Ger\u00e4tespezifikationen k\u00f6nnen entsprechend den Kundenanforderungen angepasst werden.<\/strong><\/p>\n\n\n\n<div class=\"wp-block-columns is-layout-flex wp-container-core-columns-is-layout-9d6595d7 wp-block-columns-is-layout-flex\">\n<div class=\"wp-block-column is-layout-flow wp-block-column-is-layout-flow\">\n<figure class=\"wp-block-image size-full\"><img decoding=\"async\" width=\"750\" height=\"750\" src=\"https:\/\/www.cgvacuum.com\/wp-content\/uploads\/2025\/12\/ceramics-pvd-coating-machine.webp\" alt=\"Keramik-PVD-Beschichtungsmaschine\" class=\"wp-image-1195\" srcset=\"https:\/\/www.cgvacuum.com\/wp-content\/uploads\/2025\/12\/ceramics-pvd-coating-machine.webp 750w, https:\/\/www.cgvacuum.com\/wp-content\/uploads\/2025\/12\/ceramics-pvd-coating-machine-300x300.webp 300w, https:\/\/www.cgvacuum.com\/wp-content\/uploads\/2025\/12\/ceramics-pvd-coating-machine-150x150.webp 150w, https:\/\/www.cgvacuum.com\/wp-content\/uploads\/2025\/12\/ceramics-pvd-coating-machine-12x12.webp 12w, https:\/\/www.cgvacuum.com\/wp-content\/uploads\/2025\/12\/ceramics-pvd-coating-machine-600x600.webp 600w, https:\/\/www.cgvacuum.com\/wp-content\/uploads\/2025\/12\/ceramics-pvd-coating-machine-100x100.webp 100w\" sizes=\"(max-width: 750px) 100vw, 750px\" \/><\/figure>\n<\/div>\n\n\n\n<div class=\"wp-block-column is-layout-flow wp-block-column-is-layout-flow\">\n<h3 class=\"wp-block-heading\">Merkmale der Keramik-PVD-Beschichtungsmaschine:<\/h3>\n\n\n\n<p><strong>Gro\u00dfvolumige Kammerstruktur:<\/strong> Die hocheffiziente PVD-Verdampfungsanlage verf\u00fcgt \u00fcber eine vergr\u00f6\u00dferte Vakuumkammer und einen einstellbaren mehrschichtigen Drehrahmen, der Keramikteile verschiedener Gr\u00f6\u00dfen und Formen aufnehmen kann. Dies erm\u00f6glicht eine hocheffiziente Serienfertigung, wodurch die Produktionskapazit\u00e4t deutlich gesteigert und die Beschichtungskosten pro Einheit gesenkt werden k\u00f6nnen.<\/p>\n\n\n\n<p><strong>Hocheffizientes Verdampfungssystem<\/strong>Ausgestattet mit einer hocheffizienten Verdampfungsquelle und einem optimierten Verdampfungsweg kann es schnell dekorative Folien in Gold, Ros\u00e9gold und anderen Farben auftragen, was zu satten Farben und gleichm\u00e4\u00dfiger Helligkeit f\u00fchrt und sich ideal f\u00fcr die Aufwertung des Aussehens von mittel- bis hochwertigen Alltags-Keramikartikeln eignet.<\/p>\n\n\n\n<p><strong>Plasma-Vorbehandlungstechnologie: <\/strong>Integrierte hocheffiziente Plasmareinigungsvorrichtung, speziell f\u00fcr die Eigenschaften von Keramik mit geringer Oberfl\u00e4chenenergie entwickelt, verbessert die Filmhaftung erheblich und reduziert Probleme wie Filmabl\u00f6sung und Flecken, wodurch eine stabile Qualit\u00e4t bei Serienbeschichtungen gew\u00e4hrleistet wird.<\/p>\n\n\n\n<p><strong>Niedertemperatur-Beschichtungsverfahren:<\/strong> Durch den Einsatz eines pr\u00e4zisen Temperaturregelsystems und eines Niedrigtemperaturverfahrens werden Risse oder Glasurverluste aufgrund von Thermoschock wirksam vermieden. Das Verfahren eignet sich f\u00fcr alle allt\u00e4glichen und k\u00fcnstlerischen Keramikprodukte.<\/p>\n\n\n\n<p><strong>Komplettl\u00f6sung f\u00fcr Keramikbeschichtungen aus einer Hand<\/strong>Als professioneller Hersteller von Vakuumbeschichtungsanlagen bietet CGVAC eine umfassende Palette an Beschichtungsdienstleistungen f\u00fcr die Keramikindustrie, darunter die Anpassung von Anlagen, die Konstruktion von Vorrichtungen, die Prozessformulierung, die Standardisierung von Farben, die Inbetriebnahme vor Ort und den technischen Kundendienst, um Fabriken dabei zu unterst\u00fctzen, schnell stabile und leistungsstarke PVD-Beschichtungsanlagen aufzubauen.<\/p>\n<\/div>\n<\/div>","protected":false},"excerpt":{"rendered":"<p>Keramik-PVD-Beschichtungsmaschinen mit hocheffizienter PVD-Beschichtung durch Verdampfung. Stabile Filmqualit\u00e4t, starke Haftung, schnelle Zykluszeit und vollst\u00e4ndig kundenspezifische Vorrichtungen. Entwickelt von CGVAC mit robuster Technik und weltweitem technischen Support. Kontaktieren Sie uns f\u00fcr Keramikbeschichtungsl\u00f6sungen und Angebote.<\/p>\n<h2>Technische Parameter:<\/h2>\n<table border=\"0\" width=\"973\" cellspacing=\"0\" cellpadding=\"0\">\n<tbody>\n<tr>\n<td width=\"202\" height=\"22\"><strong>Ziel-Materialien<\/strong><\/td>\n<td width=\"771\">Al-Draht, Cu, Ag, Cr (thermisch), Dekorative Metalle<\/td>\n<\/tr>\n<tr>\n<td height=\"22\"><strong>Beschichtungstechnologie<\/strong><\/td>\n<td>Aufdampf-Vakuum-Beschichtung<\/td>\n<\/tr>\n<tr>\n<td height=\"22\"><strong>Funktionale und optische Folien<\/strong><\/td>\n<td>Haupts\u00e4chlich f\u00fcr dekorative Beschichtungen geeignet, kann mit UV-Beschichtung oder Spr\u00fchschichten kombiniert werden.<\/td>\n<\/tr>\n<tr>\n<td height=\"22\"><strong>Kernkomponenten<\/strong><\/td>\n<td>Bogenziel, Steuersystem, Pumpe<\/td>\n<\/tr>\n<tr>\n<td height=\"22\"><strong>Anmeldung<\/strong><\/td>\n<td>Kunststoffe, Alltags-Keramik, Glas, Schmuck &amp; Perlen, Edelstahl<\/td>\n<\/tr>\n<tr>\n<td height=\"22\"><strong>Personalisierung<\/strong><\/td>\n<td>Ma\u00dfgeschneiderte Gr\u00f6\u00dfe, Zielmaterial, Farbe, Vorrichtungsdesign und Prozessplan<\/td>\n<\/tr>\n<tr>\n<td height=\"22\"><strong>Dienst<\/strong><\/td>\n<td>Mechanische\/Probenpr\u00fcfberichte, Video-Ausgangsinspektion und technische Anleitung.<\/td>\n<\/tr>\n<\/tbody>\n<\/table>\n<p>&nbsp;<\/p>","protected":false},"featured_media":1195,"comment_status":"closed","ping_status":"closed","template":"","meta":{"_acf_changed":true},"application":[27],"product_brand":[],"product_cat":[21],"product_tag":[],"class_list":{"0":"post-1194","1":"product","2":"type-product","3":"status-publish","4":"has-post-thumbnail","6":"application-daily-ceramics-pvd-coating-machine","7":"product_cat-evaporation-vacuum-coating-machine","9":"first","10":"instock","11":"shipping-taxable","12":"product-type-simple"},"acf":[],"_links":{"self":[{"href":"https:\/\/www.cgvacuum.com\/de\/wp-json\/wp\/v2\/product\/1194","targetHints":{"allow":["GET"]}}],"collection":[{"href":"https:\/\/www.cgvacuum.com\/de\/wp-json\/wp\/v2\/product"}],"about":[{"href":"https:\/\/www.cgvacuum.com\/de\/wp-json\/wp\/v2\/types\/product"}],"replies":[{"embeddable":true,"href":"https:\/\/www.cgvacuum.com\/de\/wp-json\/wp\/v2\/comments?post=1194"}],"wp:featuredmedia":[{"embeddable":true,"href":"https:\/\/www.cgvacuum.com\/de\/wp-json\/wp\/v2\/media\/1195"}],"wp:attachment":[{"href":"https:\/\/www.cgvacuum.com\/de\/wp-json\/wp\/v2\/media?parent=1194"}],"wp:term":[{"taxonomy":"application","embeddable":true,"href":"https:\/\/www.cgvacuum.com\/de\/wp-json\/wp\/v2\/application?post=1194"},{"taxonomy":"product_brand","embeddable":true,"href":"https:\/\/www.cgvacuum.com\/de\/wp-json\/wp\/v2\/product_brand?post=1194"},{"taxonomy":"product_cat","embeddable":true,"href":"https:\/\/www.cgvacuum.com\/de\/wp-json\/wp\/v2\/product_cat?post=1194"},{"taxonomy":"product_tag","embeddable":true,"href":"https:\/\/www.cgvacuum.com\/de\/wp-json\/wp\/v2\/product_tag?post=1194"}],"curies":[{"name":"wp","href":"https:\/\/api.w.org\/{rel}","templated":true}]}}