{"id":1191,"date":"2025-12-02T09:53:20","date_gmt":"2025-12-02T09:53:20","guid":{"rendered":"https:\/\/www.cgvacuum.com\/?post_type=product&#038;p=1191"},"modified":"2025-12-02T10:26:09","modified_gmt":"2025-12-02T10:26:09","slug":"glass-pvd-coating-machine","status":"publish","type":"product","link":"https:\/\/www.cgvacuum.com\/de\/produkt\/glass-pvd-coating-machine\/","title":{"rendered":"Glas-PVD-Beschichtungsmaschine, Magnetron-Sputter-Vakuumbeschichtungsmaschine"},"content":{"rendered":"<h3 class=\"wp-block-heading\">Spezifikationen der Glas-PVD-Beschichtungsmaschine:<\/h3>\n\n\n\n<figure class=\"wp-block-table\"><table class=\"has-fixed-layout\"><tbody><tr><td><strong>Modellnummer<\/strong><\/td><td><strong>Abmessung DxH (mm)<\/strong><\/td><td><strong>Endvakuum (Pa)<\/strong><\/td><td><strong>Pumpzeit (Min)<\/strong><\/td><td><strong>Stromst\u00e4rke (kW)<\/strong><\/td><td><strong>Gesamtleistung (kW)<\/strong><\/td><\/tr><tr><td>CZ1214<\/td><td>1200 \u00d7 1400 mm<\/td><td>\u22648\u00d710-\u2074<\/td><td>\uff1c5<\/td><td>40<\/td><td>50<\/td><\/tr><tr><td>CZ1416<\/td><td>1400 \u00d7 1600 mm<\/td><td>\u22648\u00d710-\u2074<\/td><td>\uff1c5<\/td><td>60<\/td><td>60<\/td><\/tr><tr><td>CZ1618<\/td><td>1600 \u00d7 1800 mm<\/td><td>\u22648\u00d710-\u2074<\/td><td>\uff1c5<\/td><td>80<\/td><td>80<\/td><\/tr><tr><td>CZ1818<\/td><td>1800 \u00d7 1800 mm<\/td><td>\u22648\u00d710-\u2074<\/td><td>\uff1c5<\/td><td>160<\/td><td>110<\/td><\/tr><tr><td>CZ2018<\/td><td>2000 \u00d7 1800 mm<\/td><td>\u22648\u00d710-\u2074<\/td><td>\uff1c5<\/td><td>160<\/td><td>120<\/td><\/tr><\/tbody><\/table><\/figure>\n\n\n\n<p><strong>*Die Ger\u00e4tespezifikationen k\u00f6nnen entsprechend den Kundenanforderungen angepasst werden.<\/strong><\/p>\n\n\n\n<div class=\"wp-block-columns is-layout-flex wp-container-core-columns-is-layout-9d6595d7 wp-block-columns-is-layout-flex\">\n<div class=\"wp-block-column is-layout-flow wp-block-column-is-layout-flow\">\n<figure class=\"wp-block-image size-full\"><img decoding=\"async\" width=\"800\" height=\"800\" src=\"https:\/\/www.cgvacuum.com\/wp-content\/uploads\/2025\/12\/glass-pvd-coating-machine-CGVAC-PVD-Coating-Machine-Manufacturers-in-China.webp\" alt=\"Glas-PVD-Beschichtungsmaschine CGVAC PVD-Beschichtungsmaschinenhersteller in China\" class=\"wp-image-1192\" srcset=\"https:\/\/www.cgvacuum.com\/wp-content\/uploads\/2025\/12\/glass-pvd-coating-machine-CGVAC-PVD-Coating-Machine-Manufacturers-in-China.webp 800w, https:\/\/www.cgvacuum.com\/wp-content\/uploads\/2025\/12\/glass-pvd-coating-machine-CGVAC-PVD-Coating-Machine-Manufacturers-in-China-300x300.webp 300w, https:\/\/www.cgvacuum.com\/wp-content\/uploads\/2025\/12\/glass-pvd-coating-machine-CGVAC-PVD-Coating-Machine-Manufacturers-in-China-150x150.webp 150w, https:\/\/www.cgvacuum.com\/wp-content\/uploads\/2025\/12\/glass-pvd-coating-machine-CGVAC-PVD-Coating-Machine-Manufacturers-in-China-768x768.webp 768w, https:\/\/www.cgvacuum.com\/wp-content\/uploads\/2025\/12\/glass-pvd-coating-machine-CGVAC-PVD-Coating-Machine-Manufacturers-in-China-12x12.webp 12w, https:\/\/www.cgvacuum.com\/wp-content\/uploads\/2025\/12\/glass-pvd-coating-machine-CGVAC-PVD-Coating-Machine-Manufacturers-in-China-600x600.webp 600w, https:\/\/www.cgvacuum.com\/wp-content\/uploads\/2025\/12\/glass-pvd-coating-machine-CGVAC-PVD-Coating-Machine-Manufacturers-in-China-100x100.webp 100w\" sizes=\"(max-width: 800px) 100vw, 800px\" \/><\/figure>\n<\/div>\n\n\n\n<div class=\"wp-block-column is-layout-flow wp-block-column-is-layout-flow\">\n<h3 class=\"wp-block-heading\">Merkmale der Glas-PVD-Beschichtungsmaschine:<\/h3>\n\n\n\n<p><strong>Hohe Filmhaftung und Haltbarkeit<\/strong>: Hochenergetische gesputterte Ionen bombardieren die Glasoberfl\u00e4che und sorgen so f\u00fcr eine feste Verbindung zwischen der Beschichtung und dem Substrat. Dadurch werden die Verschlei\u00dffestigkeit, Korrosionsbest\u00e4ndigkeit und Abriebfestigkeit verbessert, was f\u00fcr den Langzeitgebrauch und hochfrequente Montageszenarien geeignet ist.<\/p>\n\n\n\n<p><strong>Gro\u00dffl\u00e4chige gleichm\u00e4\u00dfige Filmabscheidung<\/strong>Die Magnetron-Sputtertechnologie erm\u00f6glicht eine gleichm\u00e4\u00dfige Dicke und einen stabilen Glanz auf flachen, gekr\u00fcmmten oder komplexen Glasoberfl\u00e4chen und erf\u00fcllt damit die Anforderungen von Dekorglas, optischem Glas und Funktionsbeschichtungen.<\/p>\n\n\n\n<p><strong>Pr\u00e4zise und kontrollierbare Folienleistung<\/strong>Das SPS-System kann die Sputterleistung, die Gasdurchflussrate, das Kammervakuum und die Abscheidungszeit pr\u00e4zise einstellen und so eine genaue Steuerung von Mehrschichtfilmen, Funktionsfilmen und kundenspezifischen Dekorfolien erreichen, wodurch die Konsistenz in der Massenproduktion gew\u00e4hrleistet wird.<\/p>\n\n\n\n<p><strong>Hoher Durchsatz und Stapelverarbeitungskapazit\u00e4t:<\/strong> Das Multi-Target- und Rotationswerkzeugdesign erm\u00f6glicht die gleichzeitige Bearbeitung von Glasscheiben, Glaswaren und komplexen Produkten, wodurch die Produktionseffizienz erheblich verbessert wird.<\/p>\n\n\n\n<p><strong>Umfassender Support durch den CGVAC-Hersteller: <\/strong>Wir bieten eine Komplettl\u00f6sung, die von der Anpassung der Ausr\u00fcstung \u00fcber die Kammerkonstruktion und Befestigungsl\u00f6sungen bis hin zur Prozessformulierung und zum Kundendienst reicht, und helfen unseren Kunden dabei, schnell hochwertige Beschichtungen zu erzielen.<\/p>\n<\/div>\n<\/div>","protected":false},"excerpt":{"rendered":"<p>Die CGVAC-Glas-PVD-Vakuumbeschichtungsmaschine mit Magnetron-Sputterverfahren bietet eine hocheffiziente, pr\u00e4zise und flexible Beschichtung f\u00fcr flaches oder gebogenes Glas. Multi-Target-Design, stabiler Betrieb und vollst\u00e4ndig ma\u00dfgeschneiderte L\u00f6sungen verf\u00fcgbar. Kontaktieren Sie uns noch heute!<\/p>\n<h2>Technische Parameter:<\/h2>\n<table width=\"973\">\n<tbody>\n<tr>\n<td width=\"202\"><strong>Ziel-Materialien<\/strong><\/td>\n<td width=\"771\">Titan (Ti), Chrom (Cr), Zirkonium (Zr), rostfreier Stahl, ITO, FTO und andere<\/td>\n<\/tr>\n<tr>\n<td><strong>Industriegase<\/strong><\/td>\n<td>Argon (Ar), Stickstoff (N\u2082), Sauerstoff (O\u2082), H\u2082 (Wasserstoff)<\/td>\n<\/tr>\n<tr>\n<td><strong>Beschichtungstechnologie<\/strong><\/td>\n<td>Magnetronsputternde Vakuumbeschichtung<\/td>\n<\/tr>\n<tr>\n<td><strong>Farbe der Beschichtung<\/strong><\/td>\n<td>Gold, Ros\u00e9gold, Schwarz, Silber, Blau, Champagner, matte\/satinierte Farben und verschiedene Farben<\/td>\n<\/tr>\n<tr>\n<td><strong>Funktionale und optische Folien<\/strong><\/td>\n<td>ITO, SiO\u2082, TiO\u2082, Cr, Al, Ag, ITO\/Ag\/ITO, optische und elektronische Folien<\/td>\n<\/tr>\n<tr>\n<td><strong>Kernkomponenten<\/strong><\/td>\n<td>Bogenziel, Steuersystem, Pumpe<\/td>\n<\/tr>\n<tr>\n<td><strong>Anmeldung<\/strong><\/td>\n<td>Edelstahl, Elektronik und Optik, Glas, Automobilinnenausstattung und -komponenten<\/td>\n<\/tr>\n<tr>\n<td><strong>Personalisierung<\/strong><\/td>\n<td>Ma\u00dfgeschneiderte Gr\u00f6\u00dfe, Zielmaterial, Farbe, Vorrichtungsdesign und Prozessplan<\/td>\n<\/tr>\n<tr>\n<td><strong>Dienst<\/strong><\/td>\n<td>Mechanische\/Probenpr\u00fcfberichte, Video-Ausgangsinspektion und technische Anleitung<\/td>\n<\/tr>\n<\/tbody>\n<\/table>\n<p>&nbsp;<\/p>","protected":false},"featured_media":1192,"comment_status":"closed","ping_status":"closed","template":"","meta":{"_acf_changed":true},"application":[25],"product_brand":[],"product_cat":[20],"product_tag":[],"class_list":{"0":"post-1191","1":"product","2":"type-product","3":"status-publish","4":"has-post-thumbnail","6":"application-glass-pvd-coating-machine","7":"product_cat-magnetron-sputtering-vacuum-coating-machine","9":"first","10":"instock","11":"shipping-taxable","12":"product-type-simple"},"acf":[],"_links":{"self":[{"href":"https:\/\/www.cgvacuum.com\/de\/wp-json\/wp\/v2\/product\/1191","targetHints":{"allow":["GET"]}}],"collection":[{"href":"https:\/\/www.cgvacuum.com\/de\/wp-json\/wp\/v2\/product"}],"about":[{"href":"https:\/\/www.cgvacuum.com\/de\/wp-json\/wp\/v2\/types\/product"}],"replies":[{"embeddable":true,"href":"https:\/\/www.cgvacuum.com\/de\/wp-json\/wp\/v2\/comments?post=1191"}],"wp:featuredmedia":[{"embeddable":true,"href":"https:\/\/www.cgvacuum.com\/de\/wp-json\/wp\/v2\/media\/1192"}],"wp:attachment":[{"href":"https:\/\/www.cgvacuum.com\/de\/wp-json\/wp\/v2\/media?parent=1191"}],"wp:term":[{"taxonomy":"application","embeddable":true,"href":"https:\/\/www.cgvacuum.com\/de\/wp-json\/wp\/v2\/application?post=1191"},{"taxonomy":"product_brand","embeddable":true,"href":"https:\/\/www.cgvacuum.com\/de\/wp-json\/wp\/v2\/product_brand?post=1191"},{"taxonomy":"product_cat","embeddable":true,"href":"https:\/\/www.cgvacuum.com\/de\/wp-json\/wp\/v2\/product_cat?post=1191"},{"taxonomy":"product_tag","embeddable":true,"href":"https:\/\/www.cgvacuum.com\/de\/wp-json\/wp\/v2\/product_tag?post=1191"}],"curies":[{"name":"wp","href":"https:\/\/api.w.org\/{rel}","templated":true}]}}