{"id":1184,"date":"2025-12-02T09:07:46","date_gmt":"2025-12-02T09:07:46","guid":{"rendered":"https:\/\/www.cgvacuum.com\/?post_type=product&#038;p=1184"},"modified":"2025-12-02T09:38:02","modified_gmt":"2025-12-02T09:38:02","slug":"stainless-steel-pvd-coating-machine","status":"publish","type":"product","link":"https:\/\/www.cgvacuum.com\/de\/produkt\/stainless-steel-pvd-coating-machine\/","title":{"rendered":"Edelstahl-PVD-Beschichtungsmaschine, CGVAC-Mehrbogen-Ionen-Vakuumbeschichtungsmaschine"},"content":{"rendered":"<h3 class=\"wp-block-heading\">Spezifikationen der PVD-Beschichtungsmaschine f\u00fcr Edelstahl:<\/h3>\n\n\n\n<figure class=\"wp-block-table\"><table><tbody><tr><td><strong>Modellnummer<\/strong><\/td><td><strong>Abmessung DxH (mm)<\/strong><\/td><td><strong>Endvakuum (Pa)<\/strong><\/td><td><strong>Pumpzeit (Min)<\/strong>)<\/td><td><strong>Zielvorgaben (PCS)<\/strong><\/td><td><strong>Gesamtleistung (kW)<\/strong><\/td><\/tr><tr><td>DZ1214<\/td><td>1200 \u00d7 1400 mm<\/td><td>\u22648\u00d710-\u2074<\/td><td>\uff1c5<\/td><td>10<\/td><td>50<\/td><\/tr><tr><td>DZ1416<\/td><td>1400 \u00d7 1600 mm<\/td><td>\u22648\u00d710-\u2074<\/td><td>\uff1c5<\/td><td>14<\/td><td>60<\/td><\/tr><tr><td>DZ1618<\/td><td>1600 \u00d7 1800 mm<\/td><td>\u22648\u00d710-\u2074<\/td><td>\uff1c5<\/td><td>21<\/td><td>80<\/td><\/tr><tr><td>DZ1818<\/td><td>1800 \u00d7 1800 mm<\/td><td>\u22648\u00d710-\u2074<\/td><td>\uff1c5<\/td><td>28<\/td><td>110<\/td><\/tr><tr><td>DZ2118<\/td><td>2100 x 1800 mm<\/td><td>\u22648\u00d710-\u2074<\/td><td>\uff1c5<\/td><td>32<\/td><td>120<\/td><\/tr><\/tbody><\/table><\/figure>\n\n\n\n<p><strong>*Die Ger\u00e4tespezifikationen k\u00f6nnen nach Kundenwunsch angepasst werden. Die H\u00f6he oder Tiefe kann zwischen 600 mm und 10000 mm variieren.<\/strong><\/p>\n\n\n\n<div class=\"wp-block-columns is-layout-flex wp-container-core-columns-is-layout-9d6595d7 wp-block-columns-is-layout-flex\">\n<div class=\"wp-block-column is-layout-flow wp-block-column-is-layout-flow\">\n<figure class=\"wp-block-image size-full\"><img decoding=\"async\" width=\"600\" height=\"600\" src=\"https:\/\/www.cgvacuum.com\/wp-content\/uploads\/2025\/12\/stainless-steel-pvd-coating-machine.webp\" alt=\"Edelstahl-PVD-Beschichtungsmaschine mit Multi-Arc-Ionen-Vakuumbeschichtung\" class=\"wp-image-1183\" srcset=\"https:\/\/www.cgvacuum.com\/wp-content\/uploads\/2025\/12\/stainless-steel-pvd-coating-machine.webp 600w, https:\/\/www.cgvacuum.com\/wp-content\/uploads\/2025\/12\/stainless-steel-pvd-coating-machine-300x300.webp 300w, https:\/\/www.cgvacuum.com\/wp-content\/uploads\/2025\/12\/stainless-steel-pvd-coating-machine-150x150.webp 150w, https:\/\/www.cgvacuum.com\/wp-content\/uploads\/2025\/12\/stainless-steel-pvd-coating-machine-12x12.webp 12w, https:\/\/www.cgvacuum.com\/wp-content\/uploads\/2025\/12\/stainless-steel-pvd-coating-machine-100x100.webp 100w\" sizes=\"(max-width: 600px) 100vw, 600px\" \/><\/figure>\n<\/div>\n\n\n\n<div class=\"wp-block-column is-layout-flow wp-block-column-is-layout-flow\">\n<h3 class=\"wp-block-heading\">Merkmal der PVD-Beschichtungsmaschine f\u00fcr Edelstahl:<\/h3>\n\n\n\n<p><strong>Mehrbogen-Ionisationstechnologie:<\/strong> Auf der Oberfl\u00e4che eines Metalltargets werden mithilfe eines Lichtbogens hochenergetische Verdampfungspartikel erzeugt, was zu einer hohen Ionisierung f\u00fchrt. Diese hochenergetischen Metallionen werden beschleunigt und auf der Oberfl\u00e4che von Edelstahlwerkst\u00fccken abgeschieden, wo sie eine d\u00fcnne Schicht mit extrem starker Haftung bilden.<\/p>\n\n\n\n<p><strong>Hochleistungsfolie<\/strong>Die Multi-Arc-Ionisationstechnologie tr\u00e4gt eine hochharte Metallnitridschicht auf, wodurch die Kratzfestigkeit, Verschlei\u00dffestigkeit und langfristige Korrosionsbest\u00e4ndigkeit von Edelstahloberfl\u00e4chen deutlich verbessert werden.<\/p>\n\n\n\n<p><strong>Gleichm\u00e4\u00dfige Beschichtung gro\u00dfer Fl\u00e4chen<\/strong>Die speziell f\u00fcr Blech- und Edelstahl-Zierteile entwickelte Kavit\u00e4ten- und Zielanordnung erzielt einen gro\u00dffl\u00e4chigen, gleichm\u00e4\u00dfigen und konsistenten Farbauftrag.<\/p>\n\n\n\n<p><strong>Hoher Durchsatz:<\/strong> Das Multi-Target- und Hochgeschwindigkeits-Abscheidungsdesign eignet sich f\u00fcr die kontinuierliche Serienfertigung, verbessert die Produktionseffizienz und senkt die St\u00fcckkosten.<\/p>\n\n\n\n<p><strong>Energiesparend und stabil:<\/strong> Das optimierte Vakuumsystem und die lange Lebensdauer der Lichtbogenquelle von CGVAC sorgen f\u00fcr einen geringen Energieverbrauch, einfache Wartung und einen kontinuierlichen, effizienten Betrieb der Edelstahl-Produktionslinie.<\/p>\n\n\n\n<p><strong>Umfassende Unterst\u00fctzung<\/strong>Wir bieten eine vollst\u00e4ndige Anpassung der Kavit\u00e4tenabmessungen, der Zielquellenmenge, der Stromversorgung und der Werkzeugvorrichtungen in Kombination mit rostfreiem Stahl-spezifischen Beschichtungsprozessl\u00f6sungen, um Produktionsstabilit\u00e4t und Filmqualit\u00e4t zu gew\u00e4hrleisten.<\/p>\n<\/div>\n<\/div>","protected":false},"excerpt":{"rendered":"<p data-start=\"2608\" data-end=\"2931\">CGVAC Hochleistungs-PVD-Beschichtungsanlage f\u00fcr Edelstahl mit Multi-Arc-Ionentechnologie, die dauerhafte, gleichm\u00e4\u00dfige und korrosionsbest\u00e4ndige Schichten f\u00fcr Edelstahlprodukte liefert. Komplette kundenspezifische Beschichtungsl\u00f6sungen und Support verf\u00fcgbar. Kontaktieren Sie uns gerne f\u00fcr eine PVD-Beschichtungsl\u00f6sung f\u00fcr Edelstahl!<\/p>\n<h2>Technische Parameter:<\/h2>\n<table width=\"973\">\n<tbody>\n<tr>\n<td width=\"202\"><strong>Ziel-Materialien<\/strong><\/td>\n<td width=\"771\">Titan (Ti), Chrom (Cr), Zirkonium (Zr), TiAl, Ni, Cu, Al, Fe usw.<\/td>\n<\/tr>\n<tr>\n<td><strong>Industrielle Gase<\/strong><\/td>\n<td>Argon (Ar), Stickstoff (N\u2082), Acetylen (C\u2082H\u2082), Sauerstoff (O\u2082)<\/td>\n<\/tr>\n<tr>\n<td><strong>Beschichtungstechnologie<\/strong><\/td>\n<td>Multibogen-Ionen-Vakuum-Beschichtung<\/td>\n<\/tr>\n<tr>\n<td><strong>Farbe der Beschichtung<\/strong><\/td>\n<td>Titansilber, Gold, Ros\u00e9gold, Violett, Saphirblau, Perlmutt, Bernstein, Tiefgrau, Chromschwarz und Mehrfarbig<\/td>\n<\/tr>\n<tr>\n<td><strong>Funktionelle Beschichtungen<\/strong><\/td>\n<td>TiN, TiCN, CrN, ZrN, TiAlN, CrAlN, DLC und andere harte und verschlei\u00dffeste Beschichtungen.<\/td>\n<\/tr>\n<tr>\n<td><strong>Kernkomponenten<\/strong><\/td>\n<td>Bogenziel, Steuersystem, Pumpe<\/td>\n<\/tr>\n<tr>\n<td><strong>Anmeldung<\/strong><\/td>\n<td>Edelstahl, Metall, Sanit\u00e4rartikel, Keramikgeschirr, Schmuck, Glas, Fliesen<\/td>\n<\/tr>\n<tr>\n<td><strong>Personalisierung<\/strong><\/td>\n<td>Ma\u00dfgeschneiderte Gr\u00f6\u00dfe, Zielmaterial, Farbe, Vorrichtungsdesign und Prozessplan<\/td>\n<\/tr>\n<tr>\n<td><strong>Dienst<\/strong><\/td>\n<td>Mechanische\/Probenpr\u00fcfberichte, Video-Ausgangsinspektion und technische Anleitung.<\/td>\n<\/tr>\n<\/tbody>\n<\/table>\n<p>&nbsp;<\/p>","protected":false},"featured_media":1183,"comment_status":"closed","ping_status":"closed","template":"","meta":{"_acf_changed":true},"application":[26],"product_brand":[],"product_cat":[19],"product_tag":[],"class_list":{"0":"post-1184","1":"product","2":"type-product","3":"status-publish","4":"has-post-thumbnail","6":"application-stainless-steel-pvd-coating-machine","7":"product_cat-multi-arc-ion-vacuum-coating-machine","9":"first","10":"instock","11":"shipping-taxable","12":"product-type-simple"},"acf":[],"_links":{"self":[{"href":"https:\/\/www.cgvacuum.com\/de\/wp-json\/wp\/v2\/product\/1184","targetHints":{"allow":["GET"]}}],"collection":[{"href":"https:\/\/www.cgvacuum.com\/de\/wp-json\/wp\/v2\/product"}],"about":[{"href":"https:\/\/www.cgvacuum.com\/de\/wp-json\/wp\/v2\/types\/product"}],"replies":[{"embeddable":true,"href":"https:\/\/www.cgvacuum.com\/de\/wp-json\/wp\/v2\/comments?post=1184"}],"wp:featuredmedia":[{"embeddable":true,"href":"https:\/\/www.cgvacuum.com\/de\/wp-json\/wp\/v2\/media\/1183"}],"wp:attachment":[{"href":"https:\/\/www.cgvacuum.com\/de\/wp-json\/wp\/v2\/media?parent=1184"}],"wp:term":[{"taxonomy":"application","embeddable":true,"href":"https:\/\/www.cgvacuum.com\/de\/wp-json\/wp\/v2\/application?post=1184"},{"taxonomy":"product_brand","embeddable":true,"href":"https:\/\/www.cgvacuum.com\/de\/wp-json\/wp\/v2\/product_brand?post=1184"},{"taxonomy":"product_cat","embeddable":true,"href":"https:\/\/www.cgvacuum.com\/de\/wp-json\/wp\/v2\/product_cat?post=1184"},{"taxonomy":"product_tag","embeddable":true,"href":"https:\/\/www.cgvacuum.com\/de\/wp-json\/wp\/v2\/product_tag?post=1184"}],"curies":[{"name":"wp","href":"https:\/\/api.w.org\/{rel}","templated":true}]}}