{"id":1181,"date":"2025-12-02T07:29:32","date_gmt":"2025-12-02T07:29:32","guid":{"rendered":"https:\/\/www.cgvacuum.com\/?post_type=product&#038;p=1181"},"modified":"2025-12-02T09:02:38","modified_gmt":"2025-12-02T09:02:38","slug":"jewelry-pvd-coating-machine","status":"publish","type":"product","link":"https:\/\/www.cgvacuum.com\/de\/produkt\/jewelry-pvd-coating-machine\/","title":{"rendered":"Schmuck-PVD-Beschichtungsmaschine, Hersteller von Multi-Arc-Ionen-Vakuumbeschichtungsmaschinen"},"content":{"rendered":"<h3 class=\"wp-block-heading\">Spezifikationen der PVD-Beschichtungsmaschine f\u00fcr Schmuck:<\/h3>\n\n\n\n<figure class=\"wp-block-table\"><table><tbody><tr><td><strong>Modellnummer<\/strong><\/td><td><strong>Abmessung DxH (mm)<\/strong><\/td><td><strong>Endvakuum (Pa)<\/strong><\/td><td><strong>Pumpzeit (Min)<\/strong>)<\/td><td><strong>Zielvorgaben (PCS)<\/strong><\/td><td><strong>Gesamtleistung (kW)<\/strong><\/td><\/tr><tr><td>DZ1214<\/td><td>1200 \u00d7 1400 mm<\/td><td>\u22648\u00d710-\u2074<\/td><td>\uff1c5<\/td><td>10<\/td><td>50<\/td><\/tr><tr><td>DZ1416<\/td><td>1400 \u00d7 1600 mm<\/td><td>\u22648\u00d710-\u2074<\/td><td>\uff1c5<\/td><td>14<\/td><td>60<\/td><\/tr><tr><td>DZ1618<\/td><td>1600 \u00d7 1800 mm<\/td><td>\u22648\u00d710-\u2074<\/td><td>\uff1c5<\/td><td>21<\/td><td>80<\/td><\/tr><tr><td>DZ1818<\/td><td>1800 \u00d7 1800 mm<\/td><td>\u22648\u00d710-\u2074<\/td><td>\uff1c5<\/td><td>28<\/td><td>110<\/td><\/tr><tr><td>DZ2118<\/td><td>2100 x 1800 mm<\/td><td>\u22648\u00d710-\u2074<\/td><td>\uff1c5<\/td><td>32<\/td><td>120<\/td><\/tr><\/tbody><\/table><\/figure>\n\n\n\n<p><strong>*Die Ger\u00e4tespezifikationen k\u00f6nnen nach Kundenwunsch angepasst werden. Die H\u00f6he oder Tiefe kann zwischen 600 mm und 10000 mm variieren.<\/strong><\/p>\n\n\n\n<div class=\"wp-block-columns is-layout-flex wp-container-core-columns-is-layout-9d6595d7 wp-block-columns-is-layout-flex\">\n<div class=\"wp-block-column is-layout-flow wp-block-column-is-layout-flow\">\n<figure class=\"wp-block-image size-full\"><img decoding=\"async\" width=\"750\" height=\"750\" src=\"https:\/\/www.cgvacuum.com\/wp-content\/uploads\/2025\/12\/jewelry-pvd-coating-machine.webp\" alt=\"Schmuck-PVD-Beschichtungsmaschine\" class=\"wp-image-1182\" srcset=\"https:\/\/www.cgvacuum.com\/wp-content\/uploads\/2025\/12\/jewelry-pvd-coating-machine.webp 750w, https:\/\/www.cgvacuum.com\/wp-content\/uploads\/2025\/12\/jewelry-pvd-coating-machine-300x300.webp 300w, https:\/\/www.cgvacuum.com\/wp-content\/uploads\/2025\/12\/jewelry-pvd-coating-machine-150x150.webp 150w, https:\/\/www.cgvacuum.com\/wp-content\/uploads\/2025\/12\/jewelry-pvd-coating-machine-12x12.webp 12w, https:\/\/www.cgvacuum.com\/wp-content\/uploads\/2025\/12\/jewelry-pvd-coating-machine-600x600.webp 600w, https:\/\/www.cgvacuum.com\/wp-content\/uploads\/2025\/12\/jewelry-pvd-coating-machine-100x100.webp 100w\" sizes=\"(max-width: 750px) 100vw, 750px\" \/><\/figure>\n<\/div>\n\n\n\n<div class=\"wp-block-column is-layout-flow wp-block-column-is-layout-flow\">\n<h3 class=\"wp-block-heading\">Merkmal der PVD-Beschichtungsmaschine f\u00fcr Schmuck:<\/h3>\n\n\n\n<p><strong>Hohe Haftung und dichte Filmschicht:<\/strong> Die Mehrbogen-Ionenquelle erzeugt hochenergetische Metallionen, die f\u00fcr eine starke Haftung, hohe H\u00e4rte und ausgezeichnete Verschlei\u00df- und Korrosionsbest\u00e4ndigkeit sorgen, sodass der Schmuck auch bei langem Tragen nicht verblasst.<\/p>\n\n\n\n<p><strong>Pr\u00e4zise Steuerung und hohe Chargenkonsistenz:<\/strong> Das SPS-Automatisierungssystem steuert pr\u00e4zise den Unterdruck, den Lichtbogenstrom und die Gasdurchflussrate, wodurch eine gleichm\u00e4\u00dfige Schichtdicke und eine stabile Farbe erzielt werden und das Problem der Farbunterschiede in der Schmuckindustrie gel\u00f6st wird.<\/p>\n\n\n\n<p><strong>Hohe Effizienz und Multi-Target-Design:<\/strong> Die Multi-Arc-Zielstruktur beschleunigt die Abscheidungsgeschwindigkeit und eignet sich f\u00fcr die kontinuierliche Serienfertigung kleiner Schmuckst\u00fccke, was zu niedrigen St\u00fcckkosten f\u00fchrt.<\/p>\n\n\n\n<p><strong>Anwendbarkeit in verschiedenen Branchen<\/strong>Die Mehrbogen-Vakuumbeschichtungsanlagen von Chuanggao eignen sich nicht nur f\u00fcr Schmuck, sondern auch f\u00fcr verschiedene Materialien wie Sanit\u00e4rartikel, Hardware, Edelstahl, Glas und Kunststoffe, wodurch sich die Kapitalrendite verbessert.<\/p>\n\n\n\n<p><strong>Umfassender L\u00f6sungssupport:<\/strong> CGVAC bietet komplette Prozessl\u00f6sungen, Vorrichtungsdesign, Anpassung von Anlagen und Kundendienst, um Kunden dabei zu helfen, eine schnelle Massenproduktion zu erreichen und die Wettbewerbsf\u00e4higkeit ihrer Produkte zu steigern.<\/p>\n<\/div>\n<\/div>","protected":false},"excerpt":{"rendered":"<p>Die PVD-Beschichtungsmaschine f\u00fcr Schmuck verwendet eine Multi-Arc-Ionen-PVD-Vakuumbeschichtung, die eine hohe Filmhaftung, Korrosionsbest\u00e4ndigkeit, Gleichm\u00e4\u00dfigkeit, Stabilit\u00e4t und hohe Produktionskapazit\u00e4t gew\u00e4hrleistet. CGVAC bietet ma\u00dfgeschneiderte Komplettl\u00f6sungen f\u00fcr Beschichtungen. Kontaktieren Sie uns jetzt!<\/p>\n<h2>Technische Parameter:<\/h2>\n<table width=\"973\">\n<tbody>\n<tr>\n<td width=\"202\"><strong>Ziel-Materialien<\/strong><\/td>\n<td width=\"771\">Titan (Ti), Chrom (Cr), Zirkonium (Zr), TiAl, Ni, Cu, Al, Fe usw.<\/td>\n<\/tr>\n<tr>\n<td><strong>Industrielle Gase<\/strong><\/td>\n<td>Argon (Ar), Stickstoff (N\u2082), Acetylen (C\u2082H\u2082), Sauerstoff (O\u2082)<\/td>\n<\/tr>\n<tr>\n<td><strong>Beschichtungstechnologie<\/strong><\/td>\n<td>Multibogen-Ionen-Vakuum-Beschichtung<\/td>\n<\/tr>\n<tr>\n<td><strong>Farbe der Beschichtung<\/strong><\/td>\n<td>Titansilber, Gold, Ros\u00e9gold, Violett, Saphirblau, Perlmutt, Bernstein, Tiefgrau, Chromschwarz und Mehrfarbig<\/td>\n<\/tr>\n<tr>\n<td><strong>Funktionelle Beschichtungen<\/strong><\/td>\n<td>TiN, TiCN, CrN, ZrN, TiAlN, CrAlN, DLC und andere harte und verschlei\u00dffeste Beschichtungen.<\/td>\n<\/tr>\n<tr>\n<td><strong>Kernkomponenten<\/strong><\/td>\n<td>Bogenziel, Steuersystem, Pumpe<\/td>\n<\/tr>\n<tr>\n<td><strong>Anmeldung<\/strong><\/td>\n<td>Edelstahl, Metall, Sanit\u00e4rartikel, Keramikgeschirr, Schmuck, Glas, Fliesen<\/td>\n<\/tr>\n<tr>\n<td><strong>Personalisierung<\/strong><\/td>\n<td>Ma\u00dfgeschneiderte Gr\u00f6\u00dfe, Zielmaterial, Farbe, Vorrichtungsdesign und Prozessplan<\/td>\n<\/tr>\n<tr>\n<td><strong>Dienst<\/strong><\/td>\n<td>Mechanische\/Probenpr\u00fcfberichte, Video-Ausgangsinspektion und technische Anleitung.<\/td>\n<\/tr>\n<\/tbody>\n<\/table>\n<p>&nbsp;<\/p>","protected":false},"featured_media":1182,"comment_status":"closed","ping_status":"closed","template":"","meta":{"_acf_changed":true},"application":[28],"product_brand":[],"product_cat":[19],"product_tag":[],"class_list":{"0":"post-1181","1":"product","2":"type-product","3":"status-publish","4":"has-post-thumbnail","6":"application-jewelry-beads-pvd-coating-machine","7":"product_cat-multi-arc-ion-vacuum-coating-machine","9":"first","10":"instock","11":"shipping-taxable","12":"product-type-simple"},"acf":[],"_links":{"self":[{"href":"https:\/\/www.cgvacuum.com\/de\/wp-json\/wp\/v2\/product\/1181","targetHints":{"allow":["GET"]}}],"collection":[{"href":"https:\/\/www.cgvacuum.com\/de\/wp-json\/wp\/v2\/product"}],"about":[{"href":"https:\/\/www.cgvacuum.com\/de\/wp-json\/wp\/v2\/types\/product"}],"replies":[{"embeddable":true,"href":"https:\/\/www.cgvacuum.com\/de\/wp-json\/wp\/v2\/comments?post=1181"}],"wp:featuredmedia":[{"embeddable":true,"href":"https:\/\/www.cgvacuum.com\/de\/wp-json\/wp\/v2\/media\/1182"}],"wp:attachment":[{"href":"https:\/\/www.cgvacuum.com\/de\/wp-json\/wp\/v2\/media?parent=1181"}],"wp:term":[{"taxonomy":"application","embeddable":true,"href":"https:\/\/www.cgvacuum.com\/de\/wp-json\/wp\/v2\/application?post=1181"},{"taxonomy":"product_brand","embeddable":true,"href":"https:\/\/www.cgvacuum.com\/de\/wp-json\/wp\/v2\/product_brand?post=1181"},{"taxonomy":"product_cat","embeddable":true,"href":"https:\/\/www.cgvacuum.com\/de\/wp-json\/wp\/v2\/product_cat?post=1181"},{"taxonomy":"product_tag","embeddable":true,"href":"https:\/\/www.cgvacuum.com\/de\/wp-json\/wp\/v2\/product_tag?post=1181"}],"curies":[{"name":"wp","href":"https:\/\/api.w.org\/{rel}","templated":true}]}}